{"id":15,"date":"2014-06-13T12:52:03","date_gmt":"2014-06-13T12:52:03","guid":{"rendered":"https:\/\/lodgegate.com\/?page_id=15"},"modified":"2024-11-19T19:53:36","modified_gmt":"2024-11-19T18:53:36","slug":"about-lodgegate","status":"publish","type":"page","link":"https:\/\/lodgegate.com\/de\/about-lodgegate\/","title":{"rendered":"\u00dcber uns"},"content":{"rendered":"<div data-elementor-type=\"wp-page\" data-elementor-id=\"15\" class=\"elementor elementor-15\" data-elementor-post-type=\"page\">\n\t\t\t\t<div class=\"elementor-element elementor-element-252d70e e-flex e-con-boxed e-con e-parent\" data-id=\"252d70e\" data-element_type=\"container\" data-e-type=\"container\">\n\t\t\t\t\t<div class=\"e-con-inner\">\n\t\t\t\t<div class=\"elementor-element elementor-element-e4b3398 elementor-widget elementor-widget-image\" data-id=\"e4b3398\" data-element_type=\"widget\" data-e-type=\"widget\" data-widget_type=\"image.default\">\n\t\t\t\t<div class=\"elementor-widget-container\">\n\t\t\t\t\t\t\t\t\t\t\t\t\t\t\t<img fetchpriority=\"high\" decoding=\"async\" width=\"1718\" height=\"503\" src=\"https:\/\/lodgegate.com\/wp-content\/uploads\/2024\/08\/logo-LG-met-URL-2024.png\" class=\"attachment-full size-full wp-image-2600\" alt=\"\" srcset=\"https:\/\/lodgegate.com\/wp-content\/uploads\/2024\/08\/logo-LG-met-URL-2024.png 1718w, https:\/\/lodgegate.com\/wp-content\/uploads\/2024\/08\/logo-LG-met-URL-2024-300x88.png 300w, https:\/\/lodgegate.com\/wp-content\/uploads\/2024\/08\/logo-LG-met-URL-2024-1024x300.png 1024w, https:\/\/lodgegate.com\/wp-content\/uploads\/2024\/08\/logo-LG-met-URL-2024-768x225.png 768w, https:\/\/lodgegate.com\/wp-content\/uploads\/2024\/08\/logo-LG-met-URL-2024-1536x450.png 1536w, https:\/\/lodgegate.com\/wp-content\/uploads\/2024\/08\/logo-LG-met-URL-2024-18x5.png 18w\" sizes=\"(max-width: 1718px) 100vw, 1718px\" \/>\t\t\t\t\t\t\t\t\t\t\t\t\t\t\t<\/div>\n\t\t\t\t<\/div>\n\t\t\t\t\t<\/div>\n\t\t\t\t<\/div>\n\t\t<div class=\"elementor-element elementor-element-c5c6b9a e-flex e-con-boxed e-con e-parent\" data-id=\"c5c6b9a\" data-element_type=\"container\" data-e-type=\"container\">\n\t\t\t\t\t<div class=\"e-con-inner\">\n\t\t\t\t<div class=\"elementor-element elementor-element-021520c elementor-widget elementor-widget-text-editor\" data-id=\"021520c\" data-element_type=\"widget\" data-e-type=\"widget\" data-widget_type=\"text-editor.default\">\n\t\t\t\t<div class=\"elementor-widget-container\">\n\t\t\t\t\t\t\t\t\t<h1>\u00dcber Hotels Online<\/h1><p>Hotels Online BV begann 1999 als informative Website \u00fcber Hotels in Amsterdam. Die schnell wachsende Zahl der Besucher zeigte eine gro\u00dfe Nachfrage nach Online-Informationen und Reservierungsm\u00f6glichkeiten. Seit September 2001 arbeitet Hotels Online BV daher als vollautomatisches Reservierungssystem, bei dem die Benutzerfreundlichkeit sowohl f\u00fcr das Hotel als auch f\u00fcr den Gast an erster Stelle steht. Hotels Online bringt Angebot und Nachfrage \u00fcber mehrere Websites zusammen.<\/p><p>Inzwischen hat sich unser Schwerpunkt vom Online-Reiseb\u00fcro zum Software-Anbieter verlagert. Wir bieten nicht nur Online-Anwendungen an, sondern bringen als ehemalige Hoteliers eine Menge Betriebs- und Marktwissen als Mehrwert mit. Wir agieren nicht nur als Dienstleister, sondern auch als Resonanzboden in Ihrem Unternehmen.<\/p>\t\t\t\t\t\t\t\t<\/div>\n\t\t\t\t<\/div>\n\t\t\t\t\t<\/div>\n\t\t\t\t<\/div>\n\t\t<div class=\"elementor-element elementor-element-5d05107 e-flex e-con-boxed e-con e-parent\" data-id=\"5d05107\" data-element_type=\"container\" data-e-type=\"container\">\n\t\t\t\t\t<div class=\"e-con-inner\">\n\t\t\t\t<div class=\"elementor-element elementor-element-a338a16 elementor-widget elementor-widget-text-editor\" data-id=\"a338a16\" data-element_type=\"widget\" data-e-type=\"widget\" data-widget_type=\"text-editor.default\">\n\t\t\t\t<div class=\"elementor-widget-container\">\n\t\t\t\t\t\t\t\t\t<p><strong>Innovative L\u00f6sungen f\u00fcr das Gastgewerbe<\/strong><\/p><p>Wir bei LodgeGate entwickeln fortschrittliche und voll integrierte Systeme, die speziell auf die Bed\u00fcrfnisse des Gastgewerbes zugeschnitten sind. Unser Ziel ist klar: Ihre Effizienz zu steigern, die Betriebskosten zu senken und unsere Dienste \u00fcber ein flexibles und transparentes \"Pay-per-Use\"-Kostenmodell anzubieten. Sie zahlen nur f\u00fcr das, was Sie ben\u00f6tigen, was unsere L\u00f6sung sowohl skalierbar als auch kosteneffizient macht.<\/p><p><strong>Eine All-in-One-L\u00f6sung f\u00fcr jede Unterkunft<\/strong><\/p><p>Unsere einfach zu bedienende Software eignet sich f\u00fcr eine Vielzahl von Unterk\u00fcnften, darunter Hotels, B&amp;Bs, Campingpl\u00e4tze, Bungalowparks, Herbergen und Resorts. LodgeGate bietet Ihnen einen umfassenden Satz an Funktionen, wie z.B:<\/p><ul><li><strong>Online einchecken:<\/strong> Geben Sie Ihren G\u00e4sten die M\u00f6glichkeit, schnell und einfach einzuchecken, noch bevor sie ankommen.<\/li><li><strong>Selbstbedienungs-Schalter:<\/strong> Reduzieren Sie Wartezeiten und steigern Sie die Effizienz mit Selbstbedienungsl\u00f6sungen.<\/li><li><strong>Mobile G\u00e4ste-App:<\/strong> Bieten Sie Ihren G\u00e4sten ein personalisiertes, digitales Erlebnis, mit dem sie Reservierungen verwalten, kontaktlos bezahlen und Anfragen stellen k\u00f6nnen.<\/li><li><strong>Moderne Zahlungsl\u00f6sungen:<\/strong> Machen Sie das Bezahlen einfacher und sicherer mit integrierten Zahlungsmethoden, die den Bed\u00fcrfnissen Ihrer G\u00e4ste entsprechen.<\/li><\/ul><p>Unsere Software ist so konzipiert, dass sie sowohl Ihren Mitarbeitern als auch Ihren G\u00e4sten ein nahtloses Erlebnis bietet, unabh\u00e4ngig davon, welche Art von Unterkunft Sie verwalten.<\/p><p><strong>24\/7-Support: immer und \u00fcberall f\u00fcr Sie verf\u00fcgbar<\/strong><\/p><p>Was LodgeGate wirklich einzigartig macht, ist unsere engagierte 24\/7-Supportabteilung. Ob es sich um technische Fragen, Hilfe bei einem unerwarteten Problem oder eine Anleitung zur Verwendung unserer Software handelt, unser Expertenteam ist w\u00e4hrend der Gesch\u00e4ftszeiten immer f\u00fcr Sie da - bei dringenden St\u00f6rungen sind wir sogar Tag und Nacht \u00fcber unsere Notfallnummer erreichbar. Wir wissen, dass das Hotel- und Gastst\u00e4ttengewerbe nie stillsteht und dass jeder Moment eines jeden Tages f\u00fcr den Erfolg Ihres Unternehmens entscheidend sein kann.<\/p><p>Mit unserem blitzschnellen und zuverl\u00e4ssigen Support k\u00f6nnen Sie sicher sein, dass Ihre betrieblichen Abl\u00e4ufe weiterhin reibungslos funktionieren. Unsere Support-Mitarbeiter kennen sich in der Branche und mit unseren Systemen bestens aus und sorgen daf\u00fcr, dass Probleme schnell und effektiv gel\u00f6st werden.<\/p><p><strong>Konzentrieren Sie sich auf das, was wirklich wichtig ist: Ihre G\u00e4ste<\/strong><\/p><p>Dank LodgeGate k\u00f6nnen Sie sich ganz auf das konzentrieren, was Ihre G\u00e4ste am meisten sch\u00e4tzen: ein unvergessliches G\u00e4steerlebnis. Wir sorgen daf\u00fcr, dass Ihre betrieblichen Abl\u00e4ufe optimal funktionieren, w\u00e4hrend Sie Zeit und Aufmerksamkeit darauf verwenden k\u00f6nnen, einzigartige Erlebnisse f\u00fcr Ihre G\u00e4ste zu schaffen.<\/p><p><strong>Warum LodgeGate w\u00e4hlen?<\/strong><br \/>Mit LodgeGate haben Sie die Wahl:<\/p><ul><li>Innovative Technologie f\u00fcr Ihr Unternehmen.<\/li><li>Flexible Kostenstrukturen, die mit Ihrem Wachstum mitwachsen.<\/li><li>Ein komplettes Paket von Funktionen, die das G\u00e4steerlebnis auf die n\u00e4chste Stufe heben.<\/li><li>F\u00fchrende pers\u00f6nliche Unterst\u00fctzung, die immer verf\u00fcgbar ist.<\/li><\/ul><p>Entscheiden Sie sich f\u00fcr LodgeGate und entdecken Sie, wie wir Ihr Unternehmen mit moderner Technologie und beispiellosem Support ver\u00e4ndern k\u00f6nnen.<\/p>\t\t\t\t\t\t\t\t<\/div>\n\t\t\t\t<\/div>\n\t\t\t\t\t<\/div>\n\t\t\t\t<\/div>\n\t\t\t\t<section class=\"elementor-section elementor-top-section elementor-element elementor-element-409fb8b elementor-section-stretched elementor-section-boxed elementor-section-height-default elementor-section-height-default\" data-id=\"409fb8b\" data-element_type=\"section\" data-e-type=\"section\" data-settings=\"{&quot;stretch_section&quot;:&quot;section-stretched&quot;,&quot;background_background&quot;:&quot;classic&quot;}\">\n\t\t\t\t\t\t<div class=\"elementor-container elementor-column-gap-default\">\n\t\t\t\t\t<div class=\"elementor-column elementor-col-100 elementor-top-column elementor-element elementor-element-d299b78\" data-id=\"d299b78\" data-element_type=\"column\" data-e-type=\"column\">\n\t\t\t<div class=\"elementor-widget-wrap elementor-element-populated\">\n\t\t\t\t\t\t<div class=\"elementor-element elementor-element-2c2dd97 elementor-widget elementor-widget-text-editor\" data-id=\"2c2dd97\" data-element_type=\"widget\" data-e-type=\"widget\" data-widget_type=\"text-editor.default\">\n\t\t\t\t<div class=\"elementor-widget-container\">\n\t\t\t\t\t\t\t\t\t<h2>Unsere Vision<\/h2><p>Die oberste Priorit\u00e4t unseres Unternehmens ist die Entwicklung fortschrittlicher und vollst\u00e4ndig integrierter Systeme f\u00fcr das Gastgewerbe. Mit dem Ziel, die Effektivit\u00e4t zu steigern, die Betriebskosten zu senken und unsere Dienstleistungen nach dem Prinzip \"No Cure, No Pay\" anzubieten.<\/p>\t\t\t\t\t\t\t\t<\/div>\n\t\t\t\t<\/div>\n\t\t\t\t\t<\/div>\n\t\t<\/div>\n\t\t\t\t\t<\/div>\n\t\t<\/section>\n\t\t\t\t<section class=\"elementor-section elementor-top-section elementor-element elementor-element-b60a9fb elementor-section-stretched elementor-section-boxed elementor-section-height-default elementor-section-height-default\" data-id=\"b60a9fb\" data-element_type=\"section\" data-e-type=\"section\" data-settings=\"{&quot;stretch_section&quot;:&quot;section-stretched&quot;,&quot;background_background&quot;:&quot;classic&quot;}\">\n\t\t\t\t\t\t<div class=\"elementor-container elementor-column-gap-default\">\n\t\t\t\t\t<div class=\"elementor-column elementor-col-100 elementor-top-column elementor-element elementor-element-8b9686a\" data-id=\"8b9686a\" data-element_type=\"column\" data-e-type=\"column\">\n\t\t\t<div class=\"elementor-widget-wrap elementor-element-populated\">\n\t\t\t\t\t\t<div class=\"elementor-element elementor-element-49b31ae elementor-widget elementor-widget-text-editor\" data-id=\"49b31ae\" data-element_type=\"widget\" data-e-type=\"widget\" data-widget_type=\"text-editor.default\">\n\t\t\t\t<div class=\"elementor-widget-container\">\n\t\t\t\t\t\t\t\t\t<h2>Unser Motto: \"<em>F\u00fcr Hoteliers von Hoteliers<\/em>\u201c<\/h2><p>Wir glauben, dass Software im Gastgewerbe nicht in einem Labor entwickelt wird. Sie ist organisch und entwickelt sich durch die Bed\u00fcrfnisse unserer Branche. Daher bestimmt der Input unserer Benutzer weitgehend, wie unsere Software funktioniert - schlie\u00dflich muss der Hotelier sie ja auch benutzen!<\/p>\t\t\t\t\t\t\t\t<\/div>\n\t\t\t\t<\/div>\n\t\t\t\t\t<\/div>\n\t\t<\/div>\n\t\t\t\t\t<\/div>\n\t\t<\/section>\n\t\t\t\t<\/div>","protected":false},"excerpt":{"rendered":"<p>\u00dcber Hotels Online Hotels Online BV wurde 1999 als informative Website \u00fcber Hotels in Amsterdam gegr\u00fcndet. Durch die schnell wachsende Zahl der Besucher wurde klar, dass...<\/p>","protected":false},"author":1,"featured_media":554,"parent":0,"menu_order":0,"comment_status":"closed","ping_status":"closed","template":"","meta":{"footnotes":""},"class_list":["post-15","page","type-page","status-publish","has-post-thumbnail","hentry"],"yoast_head":"<!-- This site is optimized with the Yoast SEO plugin v27.5 - https:\/\/yoast.com\/product\/yoast-seo-wordpress\/ -->\n<title>Over ons - LodgeGate PMS<\/title>\n<meta name=\"robots\" content=\"noindex, follow\" \/>\n<meta property=\"og:locale\" content=\"de_DE\" \/>\n<meta property=\"og:type\" content=\"article\" \/>\n<meta property=\"og:title\" content=\"Over ons - LodgeGate PMS\" \/>\n<meta property=\"og:description\" content=\"Over Hotels Online Hotels Online BV is in 1999 begonnen als informatieve site over hotels in Amsterdam. Uit het snel groeiende aantal unieke bezoekers bleek&hellip;\" \/>\n<meta property=\"og:url\" content=\"https:\/\/lodgegate.com\/de\/about-lodgegate\/\" \/>\n<meta property=\"og:site_name\" content=\"LodgeGate PMS\" \/>\n<meta property=\"article:publisher\" content=\"https:\/\/www.facebook.com\/LodgeGate.HotelsOnline\/\" \/>\n<meta property=\"article:modified_time\" content=\"2024-11-19T18:53:36+00:00\" \/>\n<meta property=\"og:image\" content=\"http:\/\/lodgegate.com\/wp-content\/uploads\/2014\/06\/over-ons.png\" \/>\n\t<meta property=\"og:image:width\" content=\"200\" \/>\n\t<meta property=\"og:image:height\" content=\"200\" \/>\n\t<meta property=\"og:image:type\" content=\"image\/png\" \/>\n<meta name=\"twitter:card\" content=\"summary_large_image\" \/>\n<meta name=\"twitter:label1\" content=\"Gesch\u00e4tzte Lesezeit\" \/>\n\t<meta name=\"twitter:data1\" content=\"4\u00a0Minuten\" \/>\n<script type=\"application\/ld+json\" class=\"yoast-schema-graph\">{\"@context\":\"https:\\\/\\\/schema.org\",\"@graph\":[{\"@type\":\"WebPage\",\"@id\":\"https:\\\/\\\/lodgegate.com\\\/about-lodgegate\\\/\",\"url\":\"https:\\\/\\\/lodgegate.com\\\/about-lodgegate\\\/\",\"name\":\"Over ons - LodgeGate PMS\",\"isPartOf\":{\"@id\":\"https:\\\/\\\/lodgegate.com\\\/#website\"},\"primaryImageOfPage\":{\"@id\":\"https:\\\/\\\/lodgegate.com\\\/about-lodgegate\\\/#primaryimage\"},\"image\":{\"@id\":\"https:\\\/\\\/lodgegate.com\\\/about-lodgegate\\\/#primaryimage\"},\"thumbnailUrl\":\"https:\\\/\\\/lodgegate.com\\\/wp-content\\\/uploads\\\/2014\\\/06\\\/over-ons.png\",\"datePublished\":\"2014-06-13T12:52:03+00:00\",\"dateModified\":\"2024-11-19T18:53:36+00:00\",\"breadcrumb\":{\"@id\":\"https:\\\/\\\/lodgegate.com\\\/about-lodgegate\\\/#breadcrumb\"},\"inLanguage\":\"de\",\"potentialAction\":[{\"@type\":\"ReadAction\",\"target\":[\"https:\\\/\\\/lodgegate.com\\\/about-lodgegate\\\/\"]}]},{\"@type\":\"ImageObject\",\"inLanguage\":\"de\",\"@id\":\"https:\\\/\\\/lodgegate.com\\\/about-lodgegate\\\/#primaryimage\",\"url\":\"https:\\\/\\\/lodgegate.com\\\/wp-content\\\/uploads\\\/2014\\\/06\\\/over-ons.png\",\"contentUrl\":\"https:\\\/\\\/lodgegate.com\\\/wp-content\\\/uploads\\\/2014\\\/06\\\/over-ons.png\",\"width\":200,\"height\":200},{\"@type\":\"BreadcrumbList\",\"@id\":\"https:\\\/\\\/lodgegate.com\\\/about-lodgegate\\\/#breadcrumb\",\"itemListElement\":[{\"@type\":\"ListItem\",\"position\":1,\"name\":\"Home\",\"item\":\"https:\\\/\\\/lodgegate.com\\\/\"},{\"@type\":\"ListItem\",\"position\":2,\"name\":\"Over ons\"}]},{\"@type\":\"WebSite\",\"@id\":\"https:\\\/\\\/lodgegate.com\\\/#website\",\"url\":\"https:\\\/\\\/lodgegate.com\\\/\",\"name\":\"LodgeGate PMS\",\"description\":\"Hotelier reserveringssoftware met kanalen distributie\",\"publisher\":{\"@id\":\"https:\\\/\\\/lodgegate.com\\\/#organization\"},\"potentialAction\":[{\"@type\":\"SearchAction\",\"target\":{\"@type\":\"EntryPoint\",\"urlTemplate\":\"https:\\\/\\\/lodgegate.com\\\/?s={search_term_string}\"},\"query-input\":{\"@type\":\"PropertyValueSpecification\",\"valueRequired\":true,\"valueName\":\"search_term_string\"}}],\"inLanguage\":\"de\"},{\"@type\":\"Organization\",\"@id\":\"https:\\\/\\\/lodgegate.com\\\/#organization\",\"name\":\"Hotels Online BV\",\"url\":\"https:\\\/\\\/lodgegate.com\\\/\",\"logo\":{\"@type\":\"ImageObject\",\"inLanguage\":\"de\",\"@id\":\"https:\\\/\\\/lodgegate.com\\\/#\\\/schema\\\/logo\\\/image\\\/\",\"url\":\"http:\\\/\\\/lodgegate.com\\\/wp-content\\\/uploads\\\/2014\\\/06\\\/logo-hotelsonline-geenwebsi.jpg\",\"contentUrl\":\"http:\\\/\\\/lodgegate.com\\\/wp-content\\\/uploads\\\/2014\\\/06\\\/logo-hotelsonline-geenwebsi.jpg\",\"width\":485,\"height\":107,\"caption\":\"Hotels Online BV\"},\"image\":{\"@id\":\"https:\\\/\\\/lodgegate.com\\\/#\\\/schema\\\/logo\\\/image\\\/\"},\"sameAs\":[\"https:\\\/\\\/www.facebook.com\\\/LodgeGate.HotelsOnline\\\/\"]}]}<\/script>\n<!-- \/ Yoast SEO plugin. -->","yoast_head_json":{"title":"\u00dcber uns - LodgeGate PMS","robots":{"index":"noindex","follow":"follow"},"og_locale":"de_DE","og_type":"article","og_title":"Over ons - LodgeGate PMS","og_description":"Over Hotels Online Hotels Online BV is in 1999 begonnen als informatieve site over hotels in Amsterdam. Uit het snel groeiende aantal unieke bezoekers bleek&hellip;","og_url":"https:\/\/lodgegate.com\/de\/about-lodgegate\/","og_site_name":"LodgeGate PMS","article_publisher":"https:\/\/www.facebook.com\/LodgeGate.HotelsOnline\/","article_modified_time":"2024-11-19T18:53:36+00:00","og_image":[{"width":200,"height":200,"url":"http:\/\/lodgegate.com\/wp-content\/uploads\/2014\/06\/over-ons.png","type":"image\/png"}],"twitter_card":"summary_large_image","twitter_misc":{"Gesch\u00e4tzte Lesezeit":"4\u00a0Minuten"},"schema":{"@context":"https:\/\/schema.org","@graph":[{"@type":"WebPage","@id":"https:\/\/lodgegate.com\/about-lodgegate\/","url":"https:\/\/lodgegate.com\/about-lodgegate\/","name":"\u00dcber uns - LodgeGate PMS","isPartOf":{"@id":"https:\/\/lodgegate.com\/#website"},"primaryImageOfPage":{"@id":"https:\/\/lodgegate.com\/about-lodgegate\/#primaryimage"},"image":{"@id":"https:\/\/lodgegate.com\/about-lodgegate\/#primaryimage"},"thumbnailUrl":"https:\/\/lodgegate.com\/wp-content\/uploads\/2014\/06\/over-ons.png","datePublished":"2014-06-13T12:52:03+00:00","dateModified":"2024-11-19T18:53:36+00:00","breadcrumb":{"@id":"https:\/\/lodgegate.com\/about-lodgegate\/#breadcrumb"},"inLanguage":"de","potentialAction":[{"@type":"ReadAction","target":["https:\/\/lodgegate.com\/about-lodgegate\/"]}]},{"@type":"ImageObject","inLanguage":"de","@id":"https:\/\/lodgegate.com\/about-lodgegate\/#primaryimage","url":"https:\/\/lodgegate.com\/wp-content\/uploads\/2014\/06\/over-ons.png","contentUrl":"https:\/\/lodgegate.com\/wp-content\/uploads\/2014\/06\/over-ons.png","width":200,"height":200},{"@type":"BreadcrumbList","@id":"https:\/\/lodgegate.com\/about-lodgegate\/#breadcrumb","itemListElement":[{"@type":"ListItem","position":1,"name":"Home","item":"https:\/\/lodgegate.com\/"},{"@type":"ListItem","position":2,"name":"Over ons"}]},{"@type":"WebSite","@id":"https:\/\/lodgegate.com\/#website","url":"https:\/\/lodgegate.com\/","name":"LodgeGate PMS","description":"Reservierungssoftware f\u00fcr Hoteliers mit Vertriebskanal","publisher":{"@id":"https:\/\/lodgegate.com\/#organization"},"potentialAction":[{"@type":"SearchAction","target":{"@type":"EntryPoint","urlTemplate":"https:\/\/lodgegate.com\/?s={search_term_string}"},"query-input":{"@type":"PropertyValueSpecification","valueRequired":true,"valueName":"search_term_string"}}],"inLanguage":"de"},{"@type":"Organization","@id":"https:\/\/lodgegate.com\/#organization","name":"Hotels Online BV","url":"https:\/\/lodgegate.com\/","logo":{"@type":"ImageObject","inLanguage":"de","@id":"https:\/\/lodgegate.com\/#\/schema\/logo\/image\/","url":"http:\/\/lodgegate.com\/wp-content\/uploads\/2014\/06\/logo-hotelsonline-geenwebsi.jpg","contentUrl":"http:\/\/lodgegate.com\/wp-content\/uploads\/2014\/06\/logo-hotelsonline-geenwebsi.jpg","width":485,"height":107,"caption":"Hotels Online BV"},"image":{"@id":"https:\/\/lodgegate.com\/#\/schema\/logo\/image\/"},"sameAs":["https:\/\/www.facebook.com\/LodgeGate.HotelsOnline\/"]}]}},"jetpack_sharing_enabled":true,"jetpack_shortlink":"https:\/\/wp.me\/PfM5DF-f","_links":{"self":[{"href":"https:\/\/lodgegate.com\/de\/wp-json\/wp\/v2\/pages\/15","targetHints":{"allow":["GET"]}}],"collection":[{"href":"https:\/\/lodgegate.com\/de\/wp-json\/wp\/v2\/pages"}],"about":[{"href":"https:\/\/lodgegate.com\/de\/wp-json\/wp\/v2\/types\/page"}],"author":[{"embeddable":true,"href":"https:\/\/lodgegate.com\/de\/wp-json\/wp\/v2\/users\/1"}],"replies":[{"embeddable":true,"href":"https:\/\/lodgegate.com\/de\/wp-json\/wp\/v2\/comments?post=15"}],"version-history":[{"count":78,"href":"https:\/\/lodgegate.com\/de\/wp-json\/wp\/v2\/pages\/15\/revisions"}],"predecessor-version":[{"id":4353,"href":"https:\/\/lodgegate.com\/de\/wp-json\/wp\/v2\/pages\/15\/revisions\/4353"}],"wp:featuredmedia":[{"embeddable":true,"href":"https:\/\/lodgegate.com\/de\/wp-json\/wp\/v2\/media\/554"}],"wp:attachment":[{"href":"https:\/\/lodgegate.com\/de\/wp-json\/wp\/v2\/media?parent=15"}],"curies":[{"name":"wp","href":"https:\/\/api.w.org\/{rel}","templated":true}]}}