{"id":2634,"date":"2024-10-27T16:50:50","date_gmt":"2024-10-27T16:50:50","guid":{"rendered":"https:\/\/lodgegate.com\/?page_id=2634"},"modified":"2024-11-20T13:16:07","modified_gmt":"2024-11-20T12:16:07","slug":"lodgegate-rms","status":"publish","type":"page","link":"https:\/\/lodgegate.com\/de\/lodgegate-rms\/","title":{"rendered":"LodgeGate RMS"},"content":{"rendered":"<div data-elementor-type=\"wp-page\" data-elementor-id=\"2634\" class=\"elementor elementor-2634\">\n\t\t\t\t<div class=\"elementor-element elementor-element-1109c8b e-flex e-con-boxed e-con e-parent\" data-id=\"1109c8b\" data-element_type=\"container\" data-e-type=\"container\">\n\t\t\t\t\t<div class=\"e-con-inner\">\n\t\t<div class=\"elementor-element elementor-element-1c3da703 e-con-full e-flex e-con e-child\" data-id=\"1c3da703\" data-element_type=\"container\" data-e-type=\"container\">\n\t\t\t\t<div class=\"elementor-element elementor-element-6b52cdc1 elementor-widget elementor-widget-heading\" data-id=\"6b52cdc1\" data-element_type=\"widget\" data-e-type=\"widget\" data-widget_type=\"heading.default\">\n\t\t\t\t<div class=\"elementor-widget-container\">\n\t\t\t\t\t<h2 class=\"elementor-heading-title elementor-size-default\">LodgeGate Einnahmeverwaltungssystem<\/h2>\t\t\t\t<\/div>\n\t\t\t\t<\/div>\n\t\t\t\t<div class=\"elementor-element elementor-element-136b0bf4 elementor-widget elementor-widget-text-editor\" data-id=\"136b0bf4\" data-element_type=\"widget\" data-e-type=\"widget\" data-widget_type=\"text-editor.default\">\n\t\t\t\t<div class=\"elementor-widget-container\">\n\t\t\t\t\t\t\t\t\t<p>Das Preisverwaltungsmodul von LodgeGate PMS unterst\u00fctzt eine einfache Preisverwaltung und ist standardm\u00e4\u00dfig enthalten. Legen Sie Preiscodes f\u00fcr Zimmertypen und Konditionen fest, verwalten Sie Raten \u00fcber Ertragsklassen und verteilen Sie diese effizient an CRS, Firmenkunden und Online-Plattformen. Mit der Delta-Rate-Struktur verwalten Sie alle Zimmertypen anhand eines einzigen Basistarifs. F\u00fcr zus\u00e4tzlichen Komfort k\u00f6nnen Sie auf das automatisierte LodgeGate RMS aufr\u00fcsten, das unabh\u00e4ngig arbeitet oder als Beratungsfunktion f\u00fcr optimale Preisstrategien dient.<\/p><p><strong>LodgeGate RMS - Revenue Management Software f\u00fcr Hotels, Herbergen und Ferienparks<\/strong><\/p><p>Mit LodgeGate RMS bieten wir innovative, datengesteuerte L\u00f6sungen f\u00fcr die automatische Umsatzoptimierung. Unsere Technologie hilft Ihnen, m\u00fchelos maximale Einnahmen zu erzielen. Verlassen Sie sich nicht nur auf uns, sondern vor allem auf unsere Ergebnisse.<\/p><p><strong>Eingehende Analysen und klare Berichte<\/strong><\/p><p><strong>Das Gesch\u00e4ft in den B\u00fcchern<\/strong><\/p><p>Revenue Management ist ohne Business on the Books (BOB) nicht m\u00f6glich. Durch eine direkte Verbindung zu Ihrem LodgeGate PMS haben Sie mit LodgeGate RMS vollen Zugriff auf alle Ihre Daten. Vergleichen Sie Ihre Leistung ganz einfach mit fr\u00fcheren Ergebnissen und Ihrem Budget.<\/p><p><strong>Abhol-Benachrichtigungen<\/strong><\/p><p>Erhalten Sie Benachrichtigungen, wenn die Nachfrage unerwartet hoch ist. So k\u00f6nnen Sie sofort mit Preiserh\u00f6hungen reagieren und verpassen keine Gelegenheit f\u00fcr zus\u00e4tzliche Verk\u00e4ufe.<\/p><p><strong>Vergleich \"Gleiche Zeit letztes Jahr\"<\/strong><\/p><p>Analysieren Sie Ihre aktuelle Leistung im Vergleich zum gleichen Zeitraum des Vorjahres, zusammengefasst in einer klaren \u00dcbersicht. LodgeGate RMS macht es Ihnen leicht, aktuelle Daten mit historischen Daten und Ihrem Budget zu vergleichen.<\/p><p><strong>AutoPublish<\/strong><\/p><p>Mit AutoPublish sendet LodgeGate RMS automatisch Preisempfehlungen an Ihr LodgeGate PMS und anschlie\u00dfend an Ihren Channel Manager zur weiteren Verteilung. Sie k\u00f6nnen zwischen manueller Genehmigung, automatischem Modus oder einer Mischform w\u00e4hlen, so dass Sie immer die Kontrolle haben. Die Preisempfehlungen sind bis zu 365 Tage im Voraus verf\u00fcgbar und werden viermal am Tag aktualisiert.<\/p><p><strong>Abwesenheitsmodus<\/strong><\/p><p>F\u00fcr eine Weile abwesend? Mit dem Abwesenheitsmodus \u00fcbernimmt LodgeGate RMS die Umsatzverwaltung vollst\u00e4ndig. Das System ver\u00f6ffentlicht automatisch Preisempfehlungen, so dass Ihnen keine Einnahmen entgehen, selbst wenn Sie nicht vor Ort sind.<\/p><p><strong>Steigern Sie Ihren Umsatz automatisch<\/strong><\/p><p>Mit dem automatischen Modus von LodgeGate RMS werden Preisempfehlungen automatisch an Ihr LodgeGate PMS gesendet und dann an Ihren Channel Manager weitergeleitet. Das System passt die Preise auf der Grundlage eines Algorithmus an, der Ihrer Preisstrategie folgt, so dass Sie keine Gelegenheit f\u00fcr zus\u00e4tzliche Verk\u00e4ufe verpassen. Die Preise werden automatisch bis zu 365 Tage im Voraus aktualisiert, viermal pro Stunde.<\/p><p><strong>Hybridmodus: das Beste aus beiden Welten<\/strong><\/p><p>Im Hybridmodus k\u00f6nnen Sie kurzfristige Preise manuell verwalten, w\u00e4hrend LodgeGate RMS die Preise f\u00fcr den Rest des Jahres automatisch ver\u00f6ffentlicht. Das spart Ihnen Zeit und stellt sicher, dass Sie immer die richtigen Preise haben.<\/p><p><strong>Intelligenz der Mitbewerber<\/strong><\/p><p>Mit LodgeGate RMS k\u00f6nnen Sie die Preise der Wettbewerber bis zu 365 Tage im Voraus verfolgen und analysieren. Nutzen Sie diese Erkenntnisse, um Ihre eigene Strategie zu st\u00e4rken und Ihre Preisparit\u00e4t auf einen Blick zu \u00fcberpr\u00fcfen.<\/p><p><strong>Empfehlung f\u00fcr Gruppentarife<\/strong><\/p><p>Berechnen Sie ganz einfach Gruppentarife und pr\u00fcfen Sie die Verf\u00fcgbarkeit mit einem benutzerfreundlichen Tool.<\/p><p><strong>Berichte &amp; Analysen<\/strong><\/p><p>Verfolgen Sie Ihre gesamte Leistung genau und vergleichen Sie Ihre Ergebnisse. LodgeGate RMS bietet umfassende Berichtsoptionen, die Ihnen Einblick in Ihre Fortschritte geben.<\/p><p><strong>Eimer bewerten<\/strong><\/p><p>Automatisieren Sie Ihre Preisstruktur, indem Sie Preiskategorien auf der Grundlage Ihrer Business on the Books oder der erwarteten Belegungsrate \u00f6ffnen und schlie\u00dfen.<\/p><p><strong>Preiskalender<\/strong><\/p><p>Verwalten Sie alle Ihre Tarife von einer zentralen Stelle aus mit dem Tarifkalender von LodgeGate RMS, damit Sie immer einen klaren \u00dcberblick \u00fcber Ihre Preispolitik und Ihre Tarife haben.<\/p><p>Entscheiden Sie sich f\u00fcr LodgeGate RMS und entdecken Sie die Vorteile eines vollautomatischen Revenue Management Systems, das auf Ihre individuellen Bed\u00fcrfnisse und Strategien zugeschnitten ist.<\/p>\t\t\t\t\t\t\t\t<\/div>\n\t\t\t\t<\/div>\n\t\t\t\t<\/div>\n\t\t<div class=\"elementor-element elementor-element-2d27d6ac e-con-full e-flex e-con e-child\" data-id=\"2d27d6ac\" data-element_type=\"container\" data-e-type=\"container\">\n\t\t\t\t<div class=\"elementor-element elementor-element-4d22e93 elementor-widget elementor-widget-image\" data-id=\"4d22e93\" data-element_type=\"widget\" data-e-type=\"widget\" data-widget_type=\"image.default\">\n\t\t\t\t<div class=\"elementor-widget-container\">\n\t\t\t\t\t\t\t\t\t\t\t\t\t\t\t<img fetchpriority=\"high\" decoding=\"async\" width=\"2015\" height=\"1007\" src=\"https:\/\/lodgegate.com\/wp-content\/uploads\/2024\/11\/LG-RMS-Demo.png\" class=\"attachment-full size-full wp-image-3328\" alt=\"\" srcset=\"https:\/\/lodgegate.com\/wp-content\/uploads\/2024\/11\/LG-RMS-Demo.png 2015w, https:\/\/lodgegate.com\/wp-content\/uploads\/2024\/11\/LG-RMS-Demo-300x150.png 300w, https:\/\/lodgegate.com\/wp-content\/uploads\/2024\/11\/LG-RMS-Demo-1024x512.png 1024w, https:\/\/lodgegate.com\/wp-content\/uploads\/2024\/11\/LG-RMS-Demo-768x384.png 768w, https:\/\/lodgegate.com\/wp-content\/uploads\/2024\/11\/LG-RMS-Demo-1536x768.png 1536w, https:\/\/lodgegate.com\/wp-content\/uploads\/2024\/11\/LG-RMS-Demo-18x9.png 18w\" sizes=\"(max-width: 2015px) 100vw, 2015px\" \/>\t\t\t\t\t\t\t\t\t\t\t\t\t\t\t<\/div>\n\t\t\t\t<\/div>\n\t\t\t\t<div class=\"elementor-element elementor-element-dfe6ddd elementor-widget elementor-widget-image\" data-id=\"dfe6ddd\" data-element_type=\"widget\" data-e-type=\"widget\" data-widget_type=\"image.default\">\n\t\t\t\t<div class=\"elementor-widget-container\">\n\t\t\t\t\t\t\t\t\t\t\t\t\t\t\t<img decoding=\"async\" width=\"1718\" height=\"503\" src=\"https:\/\/lodgegate.com\/wp-content\/uploads\/2024\/08\/logo-LG-RMS-2024.png\" class=\"attachment-full size-full wp-image-2602\" alt=\"\" srcset=\"https:\/\/lodgegate.com\/wp-content\/uploads\/2024\/08\/logo-LG-RMS-2024.png 1718w, https:\/\/lodgegate.com\/wp-content\/uploads\/2024\/08\/logo-LG-RMS-2024-300x88.png 300w, https:\/\/lodgegate.com\/wp-content\/uploads\/2024\/08\/logo-LG-RMS-2024-1024x300.png 1024w, https:\/\/lodgegate.com\/wp-content\/uploads\/2024\/08\/logo-LG-RMS-2024-768x225.png 768w, https:\/\/lodgegate.com\/wp-content\/uploads\/2024\/08\/logo-LG-RMS-2024-1536x450.png 1536w, https:\/\/lodgegate.com\/wp-content\/uploads\/2024\/08\/logo-LG-RMS-2024-18x5.png 18w\" sizes=\"(max-width: 1718px) 100vw, 1718px\" \/>\t\t\t\t\t\t\t\t\t\t\t\t\t\t\t<\/div>\n\t\t\t\t<\/div>\n\t\t\t\t<\/div>\n\t\t\t\t\t<\/div>\n\t\t\t\t<\/div>\n\t\t<div class=\"elementor-element elementor-element-7ec96dc5 e-flex e-con-boxed e-con e-parent\" data-id=\"7ec96dc5\" data-element_type=\"container\" data-e-type=\"container\">\n\t\t\t\t\t<div class=\"e-con-inner\">\n\t\t\t\t<div class=\"elementor-element elementor-element-33e1df45 elementor-widget elementor-widget-image\" data-id=\"33e1df45\" data-element_type=\"widget\" data-e-type=\"widget\" data-widget_type=\"image.default\">\n\t\t\t\t<div class=\"elementor-widget-container\">\n\t\t\t\t\t\t\t\t\t\t\t\t\t\t\t<img decoding=\"async\" width=\"1920\" height=\"882\" src=\"https:\/\/lodgegate.com\/wp-content\/uploads\/2024\/11\/LG-RMS-Demo-3.webp\" class=\"attachment-full size-full wp-image-3337\" alt=\"\" srcset=\"https:\/\/lodgegate.com\/wp-content\/uploads\/2024\/11\/LG-RMS-Demo-3.webp 1920w, https:\/\/lodgegate.com\/wp-content\/uploads\/2024\/11\/LG-RMS-Demo-3-300x138.webp 300w, https:\/\/lodgegate.com\/wp-content\/uploads\/2024\/11\/LG-RMS-Demo-3-1024x471.webp 1024w, https:\/\/lodgegate.com\/wp-content\/uploads\/2024\/11\/LG-RMS-Demo-3-768x353.png 768w, https:\/\/lodgegate.com\/wp-content\/uploads\/2024\/11\/LG-RMS-Demo-3-1536x706.png 1536w, https:\/\/lodgegate.com\/wp-content\/uploads\/2024\/11\/LG-RMS-Demo-3-2048x941.png 2048w, https:\/\/lodgegate.com\/wp-content\/uploads\/2024\/11\/LG-RMS-Demo-3-18x8.png 18w\" sizes=\"(max-width: 1920px) 100vw, 1920px\" \/>\t\t\t\t\t\t\t\t\t\t\t\t\t\t\t<\/div>\n\t\t\t\t<\/div>\n\t\t\t\t\t<\/div>\n\t\t\t\t<\/div>\n\t\t<div class=\"elementor-element elementor-element-7b09cfde e-flex e-con-boxed e-con e-parent\" data-id=\"7b09cfde\" data-element_type=\"container\" data-e-type=\"container\">\n\t\t\t\t\t<div class=\"e-con-inner\">\n\t\t\t\t\t<\/div>\n\t\t\t\t<\/div>\n\t\t<div class=\"elementor-element elementor-element-22fe9236 e-flex e-con-boxed e-con e-parent\" data-id=\"22fe9236\" data-element_type=\"container\" data-e-type=\"container\">\n\t\t\t\t\t<div class=\"e-con-inner\">\n\t\t\t\t\t<\/div>\n\t\t\t\t<\/div>\n\t\t<div class=\"elementor-element elementor-element-a3c05ad e-flex e-con-boxed e-con e-parent\" data-id=\"a3c05ad\" data-element_type=\"container\" data-e-type=\"container\">\n\t\t\t\t\t<div class=\"e-con-inner\">\n\t\t\t\t\t<\/div>\n\t\t\t\t<\/div>\n\t\t\t\t<\/div>","protected":false},"excerpt":{"rendered":"<p>LodgeGate Revenue Management System Das Preisverwaltungsmodul von LodgeGate PMS unterst\u00fctzt eine einfache Preisverwaltung und ist standardm\u00e4\u00dfig enthalten. Legen Sie Preiscodes f\u00fcr Zimmertypen und Konditionen fest, verwalten Sie Preise...<\/p>","protected":false},"author":1,"featured_media":0,"parent":0,"menu_order":0,"comment_status":"closed","ping_status":"closed","template":"","meta":{"jetpack_post_was_ever_published":false,"footnotes":""},"class_list":["post-2634","page","type-page","status-publish","hentry"],"yoast_head":"<!-- This site is optimized with the Yoast SEO plugin v27.4 - https:\/\/yoast.com\/product\/yoast-seo-wordpress\/ -->\n<title>LodgeGate RMS - LodgeGate PMS<\/title>\n<meta name=\"robots\" content=\"noindex, follow\" \/>\n<meta property=\"og:locale\" content=\"de_DE\" \/>\n<meta property=\"og:type\" content=\"article\" \/>\n<meta property=\"og:title\" content=\"LodgeGate RMS - LodgeGate PMS\" \/>\n<meta property=\"og:description\" content=\"LodgeGate Revenue Management System De prijsbeheermodule van LodgeGate PMS ondersteunt eenvoudig prijsbeheer en is standaard inbegrepen. Stel prijscodes in voor kamertypes en voorwaarden, beheer tarieven&hellip;\" \/>\n<meta property=\"og:url\" content=\"https:\/\/lodgegate.com\/de\/lodgegate-rms\/\" \/>\n<meta property=\"og:site_name\" content=\"LodgeGate PMS\" \/>\n<meta property=\"article:publisher\" content=\"https:\/\/www.facebook.com\/LodgeGate.HotelsOnline\/\" \/>\n<meta property=\"article:modified_time\" content=\"2024-11-20T12:16:07+00:00\" \/>\n<meta property=\"og:image\" content=\"https:\/\/lodgegate.com\/wp-content\/uploads\/2024\/11\/LG-RMS-Demo.png\" \/>\n\t<meta property=\"og:image:width\" content=\"2015\" \/>\n\t<meta property=\"og:image:height\" content=\"1007\" \/>\n\t<meta property=\"og:image:type\" content=\"image\/png\" \/>\n<meta name=\"twitter:card\" content=\"summary_large_image\" \/>\n<meta name=\"twitter:label1\" content=\"Gesch\u00e4tzte Lesezeit\" \/>\n\t<meta name=\"twitter:data1\" content=\"4\u00a0Minuten\" \/>\n<script type=\"application\/ld+json\" class=\"yoast-schema-graph\">{\"@context\":\"https:\\\/\\\/schema.org\",\"@graph\":[{\"@type\":\"WebPage\",\"@id\":\"https:\\\/\\\/lodgegate.com\\\/lodgegate-rms\\\/\",\"url\":\"https:\\\/\\\/lodgegate.com\\\/lodgegate-rms\\\/\",\"name\":\"LodgeGate RMS - LodgeGate PMS\",\"isPartOf\":{\"@id\":\"https:\\\/\\\/lodgegate.com\\\/#website\"},\"primaryImageOfPage\":{\"@id\":\"https:\\\/\\\/lodgegate.com\\\/lodgegate-rms\\\/#primaryimage\"},\"image\":{\"@id\":\"https:\\\/\\\/lodgegate.com\\\/lodgegate-rms\\\/#primaryimage\"},\"thumbnailUrl\":\"https:\\\/\\\/lodgegate.com\\\/wp-content\\\/uploads\\\/2024\\\/11\\\/LG-RMS-Demo.png\",\"datePublished\":\"2024-10-27T16:50:50+00:00\",\"dateModified\":\"2024-11-20T12:16:07+00:00\",\"breadcrumb\":{\"@id\":\"https:\\\/\\\/lodgegate.com\\\/lodgegate-rms\\\/#breadcrumb\"},\"inLanguage\":\"de\",\"potentialAction\":[{\"@type\":\"ReadAction\",\"target\":[\"https:\\\/\\\/lodgegate.com\\\/lodgegate-rms\\\/\"]}]},{\"@type\":\"ImageObject\",\"inLanguage\":\"de\",\"@id\":\"https:\\\/\\\/lodgegate.com\\\/lodgegate-rms\\\/#primaryimage\",\"url\":\"https:\\\/\\\/lodgegate.com\\\/wp-content\\\/uploads\\\/2024\\\/11\\\/LG-RMS-Demo.png\",\"contentUrl\":\"https:\\\/\\\/lodgegate.com\\\/wp-content\\\/uploads\\\/2024\\\/11\\\/LG-RMS-Demo.png\"},{\"@type\":\"BreadcrumbList\",\"@id\":\"https:\\\/\\\/lodgegate.com\\\/lodgegate-rms\\\/#breadcrumb\",\"itemListElement\":[{\"@type\":\"ListItem\",\"position\":1,\"name\":\"Home\",\"item\":\"https:\\\/\\\/lodgegate.com\\\/\"},{\"@type\":\"ListItem\",\"position\":2,\"name\":\"LodgeGate RMS\"}]},{\"@type\":\"WebSite\",\"@id\":\"https:\\\/\\\/lodgegate.com\\\/#website\",\"url\":\"https:\\\/\\\/lodgegate.com\\\/\",\"name\":\"LodgeGate PMS\",\"description\":\"Hotelier reserveringssoftware met kanalen distributie\",\"publisher\":{\"@id\":\"https:\\\/\\\/lodgegate.com\\\/#organization\"},\"potentialAction\":[{\"@type\":\"SearchAction\",\"target\":{\"@type\":\"EntryPoint\",\"urlTemplate\":\"https:\\\/\\\/lodgegate.com\\\/?s={search_term_string}\"},\"query-input\":{\"@type\":\"PropertyValueSpecification\",\"valueRequired\":true,\"valueName\":\"search_term_string\"}}],\"inLanguage\":\"de\"},{\"@type\":\"Organization\",\"@id\":\"https:\\\/\\\/lodgegate.com\\\/#organization\",\"name\":\"Hotels Online BV\",\"url\":\"https:\\\/\\\/lodgegate.com\\\/\",\"logo\":{\"@type\":\"ImageObject\",\"inLanguage\":\"de\",\"@id\":\"https:\\\/\\\/lodgegate.com\\\/#\\\/schema\\\/logo\\\/image\\\/\",\"url\":\"http:\\\/\\\/lodgegate.com\\\/wp-content\\\/uploads\\\/2014\\\/06\\\/logo-hotelsonline-geenwebsi.jpg\",\"contentUrl\":\"http:\\\/\\\/lodgegate.com\\\/wp-content\\\/uploads\\\/2014\\\/06\\\/logo-hotelsonline-geenwebsi.jpg\",\"width\":485,\"height\":107,\"caption\":\"Hotels Online BV\"},\"image\":{\"@id\":\"https:\\\/\\\/lodgegate.com\\\/#\\\/schema\\\/logo\\\/image\\\/\"},\"sameAs\":[\"https:\\\/\\\/www.facebook.com\\\/LodgeGate.HotelsOnline\\\/\"]}]}<\/script>\n<!-- \/ Yoast SEO plugin. -->","yoast_head_json":{"title":"LodgeGate RMS - LodgeGate PMS","robots":{"index":"noindex","follow":"follow"},"og_locale":"de_DE","og_type":"article","og_title":"LodgeGate RMS - LodgeGate PMS","og_description":"LodgeGate Revenue Management System De prijsbeheermodule van LodgeGate PMS ondersteunt eenvoudig prijsbeheer en is standaard inbegrepen. Stel prijscodes in voor kamertypes en voorwaarden, beheer tarieven&hellip;","og_url":"https:\/\/lodgegate.com\/de\/lodgegate-rms\/","og_site_name":"LodgeGate PMS","article_publisher":"https:\/\/www.facebook.com\/LodgeGate.HotelsOnline\/","article_modified_time":"2024-11-20T12:16:07+00:00","og_image":[{"width":2015,"height":1007,"url":"https:\/\/lodgegate.com\/wp-content\/uploads\/2024\/11\/LG-RMS-Demo.png","type":"image\/png"}],"twitter_card":"summary_large_image","twitter_misc":{"Gesch\u00e4tzte Lesezeit":"4\u00a0Minuten"},"schema":{"@context":"https:\/\/schema.org","@graph":[{"@type":"WebPage","@id":"https:\/\/lodgegate.com\/lodgegate-rms\/","url":"https:\/\/lodgegate.com\/lodgegate-rms\/","name":"LodgeGate RMS - LodgeGate PMS","isPartOf":{"@id":"https:\/\/lodgegate.com\/#website"},"primaryImageOfPage":{"@id":"https:\/\/lodgegate.com\/lodgegate-rms\/#primaryimage"},"image":{"@id":"https:\/\/lodgegate.com\/lodgegate-rms\/#primaryimage"},"thumbnailUrl":"https:\/\/lodgegate.com\/wp-content\/uploads\/2024\/11\/LG-RMS-Demo.png","datePublished":"2024-10-27T16:50:50+00:00","dateModified":"2024-11-20T12:16:07+00:00","breadcrumb":{"@id":"https:\/\/lodgegate.com\/lodgegate-rms\/#breadcrumb"},"inLanguage":"de","potentialAction":[{"@type":"ReadAction","target":["https:\/\/lodgegate.com\/lodgegate-rms\/"]}]},{"@type":"ImageObject","inLanguage":"de","@id":"https:\/\/lodgegate.com\/lodgegate-rms\/#primaryimage","url":"https:\/\/lodgegate.com\/wp-content\/uploads\/2024\/11\/LG-RMS-Demo.png","contentUrl":"https:\/\/lodgegate.com\/wp-content\/uploads\/2024\/11\/LG-RMS-Demo.png"},{"@type":"BreadcrumbList","@id":"https:\/\/lodgegate.com\/lodgegate-rms\/#breadcrumb","itemListElement":[{"@type":"ListItem","position":1,"name":"Home","item":"https:\/\/lodgegate.com\/"},{"@type":"ListItem","position":2,"name":"LodgeGate RMS"}]},{"@type":"WebSite","@id":"https:\/\/lodgegate.com\/#website","url":"https:\/\/lodgegate.com\/","name":"LodgeGate PMS","description":"Reservierungssoftware f\u00fcr Hoteliers mit Vertriebskanal","publisher":{"@id":"https:\/\/lodgegate.com\/#organization"},"potentialAction":[{"@type":"SearchAction","target":{"@type":"EntryPoint","urlTemplate":"https:\/\/lodgegate.com\/?s={search_term_string}"},"query-input":{"@type":"PropertyValueSpecification","valueRequired":true,"valueName":"search_term_string"}}],"inLanguage":"de"},{"@type":"Organization","@id":"https:\/\/lodgegate.com\/#organization","name":"Hotels Online BV","url":"https:\/\/lodgegate.com\/","logo":{"@type":"ImageObject","inLanguage":"de","@id":"https:\/\/lodgegate.com\/#\/schema\/logo\/image\/","url":"http:\/\/lodgegate.com\/wp-content\/uploads\/2014\/06\/logo-hotelsonline-geenwebsi.jpg","contentUrl":"http:\/\/lodgegate.com\/wp-content\/uploads\/2014\/06\/logo-hotelsonline-geenwebsi.jpg","width":485,"height":107,"caption":"Hotels Online BV"},"image":{"@id":"https:\/\/lodgegate.com\/#\/schema\/logo\/image\/"},"sameAs":["https:\/\/www.facebook.com\/LodgeGate.HotelsOnline\/"]}]}},"jetpack_sharing_enabled":true,"jetpack_shortlink":"https:\/\/wp.me\/PfM5DF-Gu","_links":{"self":[{"href":"https:\/\/lodgegate.com\/de\/wp-json\/wp\/v2\/pages\/2634","targetHints":{"allow":["GET"]}}],"collection":[{"href":"https:\/\/lodgegate.com\/de\/wp-json\/wp\/v2\/pages"}],"about":[{"href":"https:\/\/lodgegate.com\/de\/wp-json\/wp\/v2\/types\/page"}],"author":[{"embeddable":true,"href":"https:\/\/lodgegate.com\/de\/wp-json\/wp\/v2\/users\/1"}],"replies":[{"embeddable":true,"href":"https:\/\/lodgegate.com\/de\/wp-json\/wp\/v2\/comments?post=2634"}],"version-history":[{"count":57,"href":"https:\/\/lodgegate.com\/de\/wp-json\/wp\/v2\/pages\/2634\/revisions"}],"predecessor-version":[{"id":4415,"href":"https:\/\/lodgegate.com\/de\/wp-json\/wp\/v2\/pages\/2634\/revisions\/4415"}],"wp:attachment":[{"href":"https:\/\/lodgegate.com\/de\/wp-json\/wp\/v2\/media?parent=2634"}],"curies":[{"name":"wp","href":"https:\/\/api.w.org\/{rel}","templated":true}]}}