{"id":2663,"date":"2024-10-27T18:24:28","date_gmt":"2024-10-27T18:24:28","guid":{"rendered":"https:\/\/lodgegate.com\/?page_id=2663"},"modified":"2024-11-25T16:49:45","modified_gmt":"2024-11-25T15:49:45","slug":"lodgegate-web","status":"publish","type":"page","link":"https:\/\/lodgegate.com\/de\/lodgegate-web\/","title":{"rendered":"LodgeGate WEB"},"content":{"rendered":"<div data-elementor-type=\"wp-page\" data-elementor-id=\"2663\" class=\"elementor elementor-2663\">\n\t\t\t\t<div class=\"elementor-element elementor-element-26a110d6 e-flex e-con-boxed e-con e-parent\" data-id=\"26a110d6\" data-element_type=\"container\" data-e-type=\"container\">\n\t\t\t\t\t<div class=\"e-con-inner\">\n\t\t<div class=\"elementor-element elementor-element-2dec7df9 e-con-full e-flex e-con e-child\" data-id=\"2dec7df9\" data-element_type=\"container\" data-e-type=\"container\">\n\t\t\t\t<div class=\"elementor-element elementor-element-32036cd2 elementor-widget elementor-widget-heading\" data-id=\"32036cd2\" data-element_type=\"widget\" data-e-type=\"widget\" data-widget_type=\"heading.default\">\n\t\t\t\t<div class=\"elementor-widget-container\">\n\t\t\t\t\t<h2 class=\"elementor-heading-title elementor-size-default\">LodgeGate WEB - powered by Guestinno<\/h2>\t\t\t\t<\/div>\n\t\t\t\t<\/div>\n\t\t\t\t<div class=\"elementor-element elementor-element-75741602 elementor-widget elementor-widget-text-editor\" data-id=\"75741602\" data-element_type=\"widget\" data-e-type=\"widget\" data-widget_type=\"text-editor.default\">\n\t\t\t\t<div class=\"elementor-widget-container\">\n\t\t\t\t\t\t\t\t\t<p><strong>Ihr Hotel, online auffindbar und buchbar<\/strong><\/p><p>In der heutigen digitalen Welt ist eine professionelle Hotelwebsite mehr als nur eine Visitenkarte - sie ist der Weg, um neue G\u00e4ste zu gewinnen und deren Aufenthalt bereits bei der Buchung zu gestalten. Wir bieten eine Komplettl\u00f6sung: eine benutzerfreundliche Hotelwebsite in Kombination mit einem leistungsstarken Buchungsmodul, mit dem Sie Online-Buchungen sofort empfangen und verwalten k\u00f6nnen.<\/p><p><strong>\u00a0<\/strong><strong>Die perfekte Hotel-Website f\u00fcr jeden Gast<\/strong><\/p><p>Eine moderne und gut gestaltete Website ist wichtig, um Ihr Hotel hervorzuheben. Mit unserer Plattform erstellen wir eine Website, die zum Look and Feel des Hotels passt und den Bed\u00fcrfnissen der G\u00e4ste entspricht. So k\u00f6nnen Besucher alle Informationen \u00fcber die Zimmer, Einrichtungen, Angebote und die Umgebung leicht finden.<\/p><p><strong>Unsere Hotel-Websites bieten:<\/strong><\/p><ul><li><strong>Professionelles Design<\/strong>Eine stilvolle, individuell gestaltete Website, die den einzigartigen Charakter des Hotels widerspiegelt.<\/li><li><strong>Optimiert f\u00fcr Mobiltelefone<\/strong>: Ein responsives Design, das sowohl auf dem Desktop als auch auf dem Tablet und dem Smartphone perfekt funktioniert.<\/li><li><strong>Fotogalerie und Video<\/strong>: Erwecken Sie die Atmosph\u00e4re des Hotels mit sch\u00f6nen Bildern und Videos zum Leben, die die G\u00e4ste inspirieren.<\/li><li><strong>Informative Seiten<\/strong>: Klare Informationen \u00fcber Zimmertypen, Einrichtungen, Lage und lokale Sehensw\u00fcrdigkeiten.<\/li><li><strong>SEO-Optimierung<\/strong>: Eine gute Auffindbarkeit des Hotels \u00fcber Suchmaschinen ist ein Muss und f\u00fchrt zu mehr Direktbuchungen.<\/li><\/ul><p><strong>Buchen Sie direkt mit dem benutzerfreundlichen Buchungsmodul<\/strong><\/p><p><strong>\u00a0<\/strong>Unser integriertes Buchungsmodul macht es den G\u00e4sten leicht, direkt ein Zimmer zu buchen. Dank des \u00fcbersichtlichen und sicheren Buchungsprozesses k\u00f6nnen Besucher mit nur wenigen Klicks ein Zimmer buchen. Das bedeutet mehr Direktbuchungen ohne die Einschaltung von Buchungsplattformen, wodurch Sie auch Provisionskosten sparen.<\/p><p><strong>Die wichtigsten Funktionen unseres Buchungsmoduls:<\/strong><\/p><ul><li><strong>Verf\u00fcgbarkeit und Preise in Echtzeit<\/strong>: Immer auf dem neuesten Stand, so dass die G\u00e4ste sofort sehen k\u00f6nnen, welche Zimmer zum besten Preis verf\u00fcgbar sind.<\/li><li><strong>Bezahlung und Best\u00e4tigung<\/strong>Eine sichere Zahlungsumgebung mit automatischer Best\u00e4tigung, so dass Reservierungen direkt in LodgeGate bearbeitet werden.<\/li><li><strong>Individuell anpassbare Tarife und Angebote<\/strong>: Bieten Sie spezielle Rabatte, Pakete und flexible Preise an, die leicht aktualisiert werden k\u00f6nnen.<\/li><li><strong>Klar und unkompliziert<\/strong>: Eine intuitive, benutzerfreundliche Oberfl\u00e4che, die G\u00e4ste m\u00fchelos durch den Buchungsprozess f\u00fchrt.<\/li><\/ul><p><strong>Warum sollten Sie unsere Hotel-Website und unser Buchungsmodul w\u00e4hlen?<\/strong><\/p><p>Mit einer eigenen Website und einem Buchungsmodul haben Sie die Kontrolle \u00fcber Ihre Preise und Angebote selbst in der Hand. Eine Hotelwebsite und ein Buchungsmodul sind nicht nur eine Visitenkarte, sondern bieten auch leistungsstarke Tools, um mehr Buchungen zu generieren und Ihren Ruf zu verbessern. Mit unserer L\u00f6sung werden Sie h\u00f6here Belegungsraten und mehr Umsatz erzielen, und das alles in einer benutzerfreundlichen und sicheren Umgebung.<\/p><p>Lassen Sie unsere Hotelwebsite und unser Buchungsmodul der erste Schritt zu einem einzigartigen und sorgenfreien G\u00e4steerlebnis sein. Kontaktieren Sie uns noch heute, um Ihre Online-Pr\u00e4senz auf die n\u00e4chste Stufe zu heben!<\/p>\t\t\t\t\t\t\t\t<\/div>\n\t\t\t\t<\/div>\n\t\t\t\t<\/div>\n\t\t<div class=\"elementor-element elementor-element-4c90950 e-con-full e-flex e-con e-child\" data-id=\"4c90950\" data-element_type=\"container\" data-e-type=\"container\">\n\t\t\t\t<div class=\"elementor-element elementor-element-16f5152d elementor-widget elementor-widget-image\" data-id=\"16f5152d\" data-element_type=\"widget\" data-e-type=\"widget\" data-widget_type=\"image.default\">\n\t\t\t\t<div class=\"elementor-widget-container\">\n\t\t\t\t\t\t\t\t\t\t\t\t\t\t\t<img fetchpriority=\"high\" decoding=\"async\" width=\"1920\" height=\"1362\" src=\"https:\/\/lodgegate.com\/wp-content\/uploads\/2024\/11\/connection-753480_1920.webp\" class=\"attachment-full size-full wp-image-3395\" alt=\"\" srcset=\"https:\/\/lodgegate.com\/wp-content\/uploads\/2024\/11\/connection-753480_1920.webp 1920w, https:\/\/lodgegate.com\/wp-content\/uploads\/2024\/11\/connection-753480_1920-300x213.webp 300w, https:\/\/lodgegate.com\/wp-content\/uploads\/2024\/11\/connection-753480_1920-1024x726.webp 1024w, https:\/\/lodgegate.com\/wp-content\/uploads\/2024\/11\/connection-753480_1920-768x545.jpg 768w, https:\/\/lodgegate.com\/wp-content\/uploads\/2024\/11\/connection-753480_1920-1536x1090.jpg 1536w, https:\/\/lodgegate.com\/wp-content\/uploads\/2024\/11\/connection-753480_1920-18x12.jpg 18w\" sizes=\"(max-width: 1920px) 100vw, 1920px\" \/>\t\t\t\t\t\t\t\t\t\t\t\t\t\t\t<\/div>\n\t\t\t\t<\/div>\n\t\t\t\t<div class=\"elementor-element elementor-element-002b342 elementor-widget elementor-widget-image\" data-id=\"002b342\" data-element_type=\"widget\" data-e-type=\"widget\" data-widget_type=\"image.default\">\n\t\t\t\t<div class=\"elementor-widget-container\">\n\t\t\t\t\t\t\t\t\t\t\t\t\t\t\t<img decoding=\"async\" width=\"1718\" height=\"503\" src=\"https:\/\/lodgegate.com\/wp-content\/uploads\/2024\/08\/logo-LG-WEB-2024.png\" class=\"attachment-full size-full wp-image-2603\" alt=\"\" srcset=\"https:\/\/lodgegate.com\/wp-content\/uploads\/2024\/08\/logo-LG-WEB-2024.png 1718w, https:\/\/lodgegate.com\/wp-content\/uploads\/2024\/08\/logo-LG-WEB-2024-300x88.png 300w, https:\/\/lodgegate.com\/wp-content\/uploads\/2024\/08\/logo-LG-WEB-2024-1024x300.png 1024w, https:\/\/lodgegate.com\/wp-content\/uploads\/2024\/08\/logo-LG-WEB-2024-768x225.png 768w, https:\/\/lodgegate.com\/wp-content\/uploads\/2024\/08\/logo-LG-WEB-2024-1536x450.png 1536w, https:\/\/lodgegate.com\/wp-content\/uploads\/2024\/08\/logo-LG-WEB-2024-18x5.png 18w\" sizes=\"(max-width: 1718px) 100vw, 1718px\" \/>\t\t\t\t\t\t\t\t\t\t\t\t\t\t\t<\/div>\n\t\t\t\t<\/div>\n\t\t\t\t<\/div>\n\t\t\t\t\t<\/div>\n\t\t\t\t<\/div>\n\t\t<div class=\"elementor-element elementor-element-6e786907 e-flex e-con-boxed e-con e-parent\" data-id=\"6e786907\" data-element_type=\"container\" data-e-type=\"container\">\n\t\t\t\t\t<div class=\"e-con-inner\">\n\t\t\t\t\t<\/div>\n\t\t\t\t<\/div>\n\t\t<div class=\"elementor-element elementor-element-c66a7ab e-flex e-con-boxed e-con e-parent\" data-id=\"c66a7ab\" data-element_type=\"container\" data-e-type=\"container\">\n\t\t\t\t\t<div class=\"e-con-inner\">\n\t\t\t\t\t<\/div>\n\t\t\t\t<\/div>\n\t\t<div class=\"elementor-element elementor-element-7cf44f16 e-flex e-con-boxed e-con e-parent\" data-id=\"7cf44f16\" data-element_type=\"container\" data-e-type=\"container\">\n\t\t\t\t\t<div class=\"e-con-inner\">\n\t\t\t\t\t<\/div>\n\t\t\t\t<\/div>\n\t\t<div class=\"elementor-element elementor-element-487119d1 e-flex e-con-boxed e-con e-parent\" data-id=\"487119d1\" data-element_type=\"container\" data-e-type=\"container\">\n\t\t\t\t\t<div class=\"e-con-inner\">\n\t\t\t\t\t<\/div>\n\t\t\t\t<\/div>\n\t\t\t\t<\/div>","protected":false},"excerpt":{"rendered":"<p>LodgeGate WEB - powered by Guestinno Ihr Hotel, online auffindbar und buchbar In der heutigen digitalen Welt ist eine professionelle Hotelwebsite mehr als nur eine Visitenkarte....<\/p>","protected":false},"author":1,"featured_media":0,"parent":0,"menu_order":0,"comment_status":"closed","ping_status":"closed","template":"","meta":{"jetpack_post_was_ever_published":false,"footnotes":""},"class_list":["post-2663","page","type-page","status-publish","hentry"],"yoast_head":"<!-- This site is optimized with the Yoast SEO plugin v27.4 - https:\/\/yoast.com\/product\/yoast-seo-wordpress\/ -->\n<title>LodgeGate WEB - LodgeGate PMS<\/title>\n<meta name=\"robots\" content=\"noindex, follow\" \/>\n<meta property=\"og:locale\" content=\"de_DE\" \/>\n<meta property=\"og:type\" content=\"article\" \/>\n<meta property=\"og:title\" content=\"LodgeGate WEB - LodgeGate PMS\" \/>\n<meta property=\"og:description\" content=\"LodgeGate WEB &#8211; powered by Guestinno Jouw hotel, online vindbaar en boekbaar In de huidige digitale wereld is een professionele hotelwebsite meer dan een visitekaartje&hellip;\" \/>\n<meta property=\"og:url\" content=\"https:\/\/lodgegate.com\/de\/lodgegate-web\/\" \/>\n<meta property=\"og:site_name\" content=\"LodgeGate PMS\" \/>\n<meta property=\"article:publisher\" content=\"https:\/\/www.facebook.com\/LodgeGate.HotelsOnline\/\" \/>\n<meta property=\"article:modified_time\" content=\"2024-11-25T15:49:45+00:00\" \/>\n<meta property=\"og:image\" content=\"https:\/\/lodgegate.com\/wp-content\/uploads\/2024\/11\/connection-753480_1920.webp\" \/>\n\t<meta property=\"og:image:width\" content=\"1920\" \/>\n\t<meta property=\"og:image:height\" content=\"1362\" \/>\n\t<meta property=\"og:image:type\" content=\"image\/webp\" \/>\n<meta name=\"twitter:card\" content=\"summary_large_image\" \/>\n<meta name=\"twitter:label1\" content=\"Gesch\u00e4tzte Lesezeit\" \/>\n\t<meta name=\"twitter:data1\" content=\"3\u00a0Minuten\" \/>\n<script type=\"application\/ld+json\" class=\"yoast-schema-graph\">{\"@context\":\"https:\\\/\\\/schema.org\",\"@graph\":[{\"@type\":\"WebPage\",\"@id\":\"https:\\\/\\\/lodgegate.com\\\/lodgegate-web\\\/\",\"url\":\"https:\\\/\\\/lodgegate.com\\\/lodgegate-web\\\/\",\"name\":\"LodgeGate WEB - LodgeGate PMS\",\"isPartOf\":{\"@id\":\"https:\\\/\\\/lodgegate.com\\\/#website\"},\"primaryImageOfPage\":{\"@id\":\"https:\\\/\\\/lodgegate.com\\\/lodgegate-web\\\/#primaryimage\"},\"image\":{\"@id\":\"https:\\\/\\\/lodgegate.com\\\/lodgegate-web\\\/#primaryimage\"},\"thumbnailUrl\":\"https:\\\/\\\/lodgegate.com\\\/wp-content\\\/uploads\\\/2024\\\/11\\\/connection-753480_1920.webp\",\"datePublished\":\"2024-10-27T18:24:28+00:00\",\"dateModified\":\"2024-11-25T15:49:45+00:00\",\"breadcrumb\":{\"@id\":\"https:\\\/\\\/lodgegate.com\\\/lodgegate-web\\\/#breadcrumb\"},\"inLanguage\":\"de\",\"potentialAction\":[{\"@type\":\"ReadAction\",\"target\":[\"https:\\\/\\\/lodgegate.com\\\/lodgegate-web\\\/\"]}]},{\"@type\":\"ImageObject\",\"inLanguage\":\"de\",\"@id\":\"https:\\\/\\\/lodgegate.com\\\/lodgegate-web\\\/#primaryimage\",\"url\":\"https:\\\/\\\/lodgegate.com\\\/wp-content\\\/uploads\\\/2024\\\/11\\\/connection-753480_1920.webp\",\"contentUrl\":\"https:\\\/\\\/lodgegate.com\\\/wp-content\\\/uploads\\\/2024\\\/11\\\/connection-753480_1920.webp\"},{\"@type\":\"BreadcrumbList\",\"@id\":\"https:\\\/\\\/lodgegate.com\\\/lodgegate-web\\\/#breadcrumb\",\"itemListElement\":[{\"@type\":\"ListItem\",\"position\":1,\"name\":\"Home\",\"item\":\"https:\\\/\\\/lodgegate.com\\\/\"},{\"@type\":\"ListItem\",\"position\":2,\"name\":\"LodgeGate WEB\"}]},{\"@type\":\"WebSite\",\"@id\":\"https:\\\/\\\/lodgegate.com\\\/#website\",\"url\":\"https:\\\/\\\/lodgegate.com\\\/\",\"name\":\"LodgeGate PMS\",\"description\":\"Hotelier reserveringssoftware met kanalen distributie\",\"publisher\":{\"@id\":\"https:\\\/\\\/lodgegate.com\\\/#organization\"},\"potentialAction\":[{\"@type\":\"SearchAction\",\"target\":{\"@type\":\"EntryPoint\",\"urlTemplate\":\"https:\\\/\\\/lodgegate.com\\\/?s={search_term_string}\"},\"query-input\":{\"@type\":\"PropertyValueSpecification\",\"valueRequired\":true,\"valueName\":\"search_term_string\"}}],\"inLanguage\":\"de\"},{\"@type\":\"Organization\",\"@id\":\"https:\\\/\\\/lodgegate.com\\\/#organization\",\"name\":\"Hotels Online BV\",\"url\":\"https:\\\/\\\/lodgegate.com\\\/\",\"logo\":{\"@type\":\"ImageObject\",\"inLanguage\":\"de\",\"@id\":\"https:\\\/\\\/lodgegate.com\\\/#\\\/schema\\\/logo\\\/image\\\/\",\"url\":\"http:\\\/\\\/lodgegate.com\\\/wp-content\\\/uploads\\\/2014\\\/06\\\/logo-hotelsonline-geenwebsi.jpg\",\"contentUrl\":\"http:\\\/\\\/lodgegate.com\\\/wp-content\\\/uploads\\\/2014\\\/06\\\/logo-hotelsonline-geenwebsi.jpg\",\"width\":485,\"height\":107,\"caption\":\"Hotels Online BV\"},\"image\":{\"@id\":\"https:\\\/\\\/lodgegate.com\\\/#\\\/schema\\\/logo\\\/image\\\/\"},\"sameAs\":[\"https:\\\/\\\/www.facebook.com\\\/LodgeGate.HotelsOnline\\\/\"]}]}<\/script>\n<!-- \/ Yoast SEO plugin. -->","yoast_head_json":{"title":"LodgeGate WEB - LodgeGate PMS","robots":{"index":"noindex","follow":"follow"},"og_locale":"de_DE","og_type":"article","og_title":"LodgeGate WEB - LodgeGate PMS","og_description":"LodgeGate WEB &#8211; powered by Guestinno Jouw hotel, online vindbaar en boekbaar In de huidige digitale wereld is een professionele hotelwebsite meer dan een visitekaartje&hellip;","og_url":"https:\/\/lodgegate.com\/de\/lodgegate-web\/","og_site_name":"LodgeGate PMS","article_publisher":"https:\/\/www.facebook.com\/LodgeGate.HotelsOnline\/","article_modified_time":"2024-11-25T15:49:45+00:00","og_image":[{"width":1920,"height":1362,"url":"https:\/\/lodgegate.com\/wp-content\/uploads\/2024\/11\/connection-753480_1920.webp","type":"image\/webp"}],"twitter_card":"summary_large_image","twitter_misc":{"Gesch\u00e4tzte Lesezeit":"3\u00a0Minuten"},"schema":{"@context":"https:\/\/schema.org","@graph":[{"@type":"WebPage","@id":"https:\/\/lodgegate.com\/lodgegate-web\/","url":"https:\/\/lodgegate.com\/lodgegate-web\/","name":"LodgeGate WEB - LodgeGate PMS","isPartOf":{"@id":"https:\/\/lodgegate.com\/#website"},"primaryImageOfPage":{"@id":"https:\/\/lodgegate.com\/lodgegate-web\/#primaryimage"},"image":{"@id":"https:\/\/lodgegate.com\/lodgegate-web\/#primaryimage"},"thumbnailUrl":"https:\/\/lodgegate.com\/wp-content\/uploads\/2024\/11\/connection-753480_1920.webp","datePublished":"2024-10-27T18:24:28+00:00","dateModified":"2024-11-25T15:49:45+00:00","breadcrumb":{"@id":"https:\/\/lodgegate.com\/lodgegate-web\/#breadcrumb"},"inLanguage":"de","potentialAction":[{"@type":"ReadAction","target":["https:\/\/lodgegate.com\/lodgegate-web\/"]}]},{"@type":"ImageObject","inLanguage":"de","@id":"https:\/\/lodgegate.com\/lodgegate-web\/#primaryimage","url":"https:\/\/lodgegate.com\/wp-content\/uploads\/2024\/11\/connection-753480_1920.webp","contentUrl":"https:\/\/lodgegate.com\/wp-content\/uploads\/2024\/11\/connection-753480_1920.webp"},{"@type":"BreadcrumbList","@id":"https:\/\/lodgegate.com\/lodgegate-web\/#breadcrumb","itemListElement":[{"@type":"ListItem","position":1,"name":"Home","item":"https:\/\/lodgegate.com\/"},{"@type":"ListItem","position":2,"name":"LodgeGate WEB"}]},{"@type":"WebSite","@id":"https:\/\/lodgegate.com\/#website","url":"https:\/\/lodgegate.com\/","name":"LodgeGate PMS","description":"Reservierungssoftware f\u00fcr Hoteliers mit Vertriebskanal","publisher":{"@id":"https:\/\/lodgegate.com\/#organization"},"potentialAction":[{"@type":"SearchAction","target":{"@type":"EntryPoint","urlTemplate":"https:\/\/lodgegate.com\/?s={search_term_string}"},"query-input":{"@type":"PropertyValueSpecification","valueRequired":true,"valueName":"search_term_string"}}],"inLanguage":"de"},{"@type":"Organization","@id":"https:\/\/lodgegate.com\/#organization","name":"Hotels Online BV","url":"https:\/\/lodgegate.com\/","logo":{"@type":"ImageObject","inLanguage":"de","@id":"https:\/\/lodgegate.com\/#\/schema\/logo\/image\/","url":"http:\/\/lodgegate.com\/wp-content\/uploads\/2014\/06\/logo-hotelsonline-geenwebsi.jpg","contentUrl":"http:\/\/lodgegate.com\/wp-content\/uploads\/2014\/06\/logo-hotelsonline-geenwebsi.jpg","width":485,"height":107,"caption":"Hotels Online BV"},"image":{"@id":"https:\/\/lodgegate.com\/#\/schema\/logo\/image\/"},"sameAs":["https:\/\/www.facebook.com\/LodgeGate.HotelsOnline\/"]}]}},"jetpack_sharing_enabled":true,"jetpack_shortlink":"https:\/\/wp.me\/PfM5DF-GX","_links":{"self":[{"href":"https:\/\/lodgegate.com\/de\/wp-json\/wp\/v2\/pages\/2663","targetHints":{"allow":["GET"]}}],"collection":[{"href":"https:\/\/lodgegate.com\/de\/wp-json\/wp\/v2\/pages"}],"about":[{"href":"https:\/\/lodgegate.com\/de\/wp-json\/wp\/v2\/types\/page"}],"author":[{"embeddable":true,"href":"https:\/\/lodgegate.com\/de\/wp-json\/wp\/v2\/users\/1"}],"replies":[{"embeddable":true,"href":"https:\/\/lodgegate.com\/de\/wp-json\/wp\/v2\/comments?post=2663"}],"version-history":[{"count":21,"href":"https:\/\/lodgegate.com\/de\/wp-json\/wp\/v2\/pages\/2663\/revisions"}],"predecessor-version":[{"id":4424,"href":"https:\/\/lodgegate.com\/de\/wp-json\/wp\/v2\/pages\/2663\/revisions\/4424"}],"wp:attachment":[{"href":"https:\/\/lodgegate.com\/de\/wp-json\/wp\/v2\/media?parent=2663"}],"curies":[{"name":"wp","href":"https:\/\/api.w.org\/{rel}","templated":true}]}}