{"id":2669,"date":"2024-10-27T18:25:20","date_gmt":"2024-10-27T18:25:20","guid":{"rendered":"https:\/\/lodgegate.com\/?page_id=2669"},"modified":"2025-08-12T14:43:21","modified_gmt":"2025-08-12T13:43:21","slug":"lodgegate-channels","status":"publish","type":"page","link":"https:\/\/lodgegate.com\/de\/lodgegate-channels\/","title":{"rendered":"LodgeGate-Kan\u00e4le"},"content":{"rendered":"<div data-elementor-type=\"wp-page\" data-elementor-id=\"2669\" class=\"elementor elementor-2669\">\n\t\t\t\t<div class=\"elementor-element elementor-element-3e3284b9 e-flex e-con-boxed e-con e-parent\" data-id=\"3e3284b9\" data-element_type=\"container\" data-e-type=\"container\">\n\t\t\t\t\t<div class=\"e-con-inner\">\n\t\t<div class=\"elementor-element elementor-element-1ae33978 e-con-full e-flex e-con e-child\" data-id=\"1ae33978\" data-element_type=\"container\" data-e-type=\"container\">\n\t\t\t\t<div class=\"elementor-element elementor-element-59bb15d3 elementor-widget elementor-widget-heading\" data-id=\"59bb15d3\" data-element_type=\"widget\" data-e-type=\"widget\" data-widget_type=\"heading.default\">\n\t\t\t\t<div class=\"elementor-widget-container\">\n\t\t\t\t\t<h2 class=\"elementor-heading-title elementor-size-default\">Konnektivit\u00e4t ist das Schl\u00fcsselwort<\/h2>\t\t\t\t<\/div>\n\t\t\t\t<\/div>\n\t\t\t\t<div class=\"elementor-element elementor-element-4331ff1e elementor-widget elementor-widget-text-editor\" data-id=\"4331ff1e\" data-element_type=\"widget\" data-e-type=\"widget\" data-widget_type=\"text-editor.default\">\n\t\t\t\t<div class=\"elementor-widget-container\">\n\t\t\t\t\t\t\t\t\t<p>LodgeGate PMS bietet ein Modul, das direkt mit Ihrer eigenen Website, der Website der Hotelkette und Online-Reiseb\u00fcros (OTAs) verbunden ist.<\/p>\n<p>Die Preise und die Verf\u00fcgbarkeit werden in LodgeGate verwaltet und \u00fcber die angeschlossenen Parteien verteilt. Die get\u00e4tigten Reservierungen werden direkt an LodgeGate gesendet und als Belegung im PMS angezeigt, einschlie\u00dflich der G\u00e4stedaten und Zahlungsinformationen. Dadurch wird das Risiko einer \u00dcberbuchung verringert und das Angebot im Internet optimiert. Bislang sind die unten aufgef\u00fchrten Parteien mit LodgeGate PMS verbunden und nutzen die Channel Manager f\u00fcr die OTAs, die nicht direkt mit LodgeGate PMS verbunden sind.<\/p>\n<p><strong>Direkt mit LodgeGate PMS verbunden:<\/strong><\/p>\n<ul>\n<li>Buchen.com<\/li>\n<li>Expedia.com \/Hotels.com<\/li>\n<li>Vakantieveilingen.nl via MaxMind<\/li>\n<\/ul>\n<p><strong>Zu verkn\u00fcpfen u.a. \u00fcber LodgeGate Channel Manager:<\/strong><\/p>\n<ul>\n<li>AirBnB<\/li>\n<li>HotelBeds<\/li>\n<li>Agoda<\/li>\n<li>HRS<\/li>\n<li>Reise.de<\/li>\n<li>Hostelworld<\/li>\n<li>VRBO<\/li>\n<\/ul>\n<p><strong>Andere Channel-Manager:<\/strong><\/p>\n<ul>\n<li>SiteMinder<\/li>\n<li>Cubilis<\/li>\n<li>SmartHotel<\/li>\n<li>GlobRes<\/li>\n<li>Hotel-Spinne<\/li>\n<li>Sabre GDS<\/li>\n<li>Synxis<\/li>\n<li>MaxMind<\/li>\n<li>OpenGDS<\/li>\n<\/ul>\n<p>Auf Wunsch unserer Mitgliedshotels bauen wir die Anzahl der Direktlinks weiter aus.<\/p>\t\t\t\t\t\t\t\t<\/div>\n\t\t\t\t<\/div>\n\t\t\t\t<\/div>\n\t\t<div class=\"elementor-element elementor-element-a2ce8bd e-con-full e-flex e-con e-child\" data-id=\"a2ce8bd\" data-element_type=\"container\" data-e-type=\"container\">\n\t\t\t\t<div class=\"elementor-element elementor-element-2b05f83b elementor-widget elementor-widget-image\" data-id=\"2b05f83b\" data-element_type=\"widget\" data-e-type=\"widget\" data-widget_type=\"image.default\">\n\t\t\t\t<div class=\"elementor-widget-container\">\n\t\t\t\t\t\t\t\t\t\t\t\t\t\t\t<img fetchpriority=\"high\" decoding=\"async\" width=\"1920\" height=\"1805\" src=\"https:\/\/lodgegate.com\/wp-content\/uploads\/2024\/11\/network-1614045_1920.webp\" class=\"attachment-full size-full wp-image-3344\" alt=\"\" srcset=\"https:\/\/lodgegate.com\/wp-content\/uploads\/2024\/11\/network-1614045_1920.webp 1920w, https:\/\/lodgegate.com\/wp-content\/uploads\/2024\/11\/network-1614045_1920-300x282.webp 300w, https:\/\/lodgegate.com\/wp-content\/uploads\/2024\/11\/network-1614045_1920-1024x963.webp 1024w, https:\/\/lodgegate.com\/wp-content\/uploads\/2024\/11\/network-1614045_1920-768x722.webp 768w, https:\/\/lodgegate.com\/wp-content\/uploads\/2024\/11\/network-1614045_1920-1536x1444.webp 1536w, https:\/\/lodgegate.com\/wp-content\/uploads\/2024\/11\/network-1614045_1920-13x12.webp 13w\" sizes=\"(max-width: 1920px) 100vw, 1920px\" \/>\t\t\t\t\t\t\t\t\t\t\t\t\t\t\t<\/div>\n\t\t\t\t<\/div>\n\t\t\t\t<div class=\"elementor-element elementor-element-b5ed871 elementor-widget elementor-widget-image\" data-id=\"b5ed871\" data-element_type=\"widget\" data-e-type=\"widget\" data-widget_type=\"image.default\">\n\t\t\t\t<div class=\"elementor-widget-container\">\n\t\t\t\t\t\t\t\t\t\t\t\t\t\t\t<img decoding=\"async\" width=\"1718\" height=\"503\" src=\"https:\/\/lodgegate.com\/wp-content\/uploads\/2024\/08\/logo-LG-channels-2024.png\" class=\"attachment-full size-full wp-image-2598\" alt=\"\" srcset=\"https:\/\/lodgegate.com\/wp-content\/uploads\/2024\/08\/logo-LG-channels-2024.png 1718w, https:\/\/lodgegate.com\/wp-content\/uploads\/2024\/08\/logo-LG-channels-2024-300x88.png 300w, https:\/\/lodgegate.com\/wp-content\/uploads\/2024\/08\/logo-LG-channels-2024-1024x300.png 1024w, https:\/\/lodgegate.com\/wp-content\/uploads\/2024\/08\/logo-LG-channels-2024-768x225.png 768w, https:\/\/lodgegate.com\/wp-content\/uploads\/2024\/08\/logo-LG-channels-2024-1536x450.png 1536w, https:\/\/lodgegate.com\/wp-content\/uploads\/2024\/08\/logo-LG-channels-2024-18x5.png 18w\" sizes=\"(max-width: 1718px) 100vw, 1718px\" \/>\t\t\t\t\t\t\t\t\t\t\t\t\t\t\t<\/div>\n\t\t\t\t<\/div>\n\t\t\t\t<\/div>\n\t\t\t\t\t<\/div>\n\t\t\t\t<\/div>\n\t\t<div class=\"elementor-element elementor-element-5c079733 e-flex e-con-boxed e-con e-parent\" data-id=\"5c079733\" data-element_type=\"container\" data-e-type=\"container\">\n\t\t\t\t\t<div class=\"e-con-inner\">\n\t\t\t\t\t<\/div>\n\t\t\t\t<\/div>\n\t\t<div class=\"elementor-element elementor-element-4c774695 e-flex e-con-boxed e-con e-parent\" data-id=\"4c774695\" data-element_type=\"container\" data-e-type=\"container\">\n\t\t\t\t\t<div class=\"e-con-inner\">\n\t\t\t\t\t<\/div>\n\t\t\t\t<\/div>\n\t\t<div class=\"elementor-element elementor-element-7f8beb12 e-flex e-con-boxed e-con e-parent\" data-id=\"7f8beb12\" data-element_type=\"container\" data-e-type=\"container\">\n\t\t\t\t\t<div class=\"e-con-inner\">\n\t\t\t\t\t<\/div>\n\t\t\t\t<\/div>\n\t\t<div class=\"elementor-element elementor-element-70021deb e-flex e-con-boxed e-con e-parent\" data-id=\"70021deb\" data-element_type=\"container\" data-e-type=\"container\">\n\t\t\t\t\t<div class=\"e-con-inner\">\n\t\t\t\t\t<\/div>\n\t\t\t\t<\/div>\n\t\t\t\t<\/div>","protected":false},"excerpt":{"rendered":"<p>Konnektivit\u00e4t ist das Schl\u00fcsselwort LodgeGate PMS bietet ein Modul, das mit Ihrer eigenen Website, der Website der Kette und Online-Reiseb\u00fcros (OTAs) zusammenarbeitet, um...<\/p>","protected":false},"author":1,"featured_media":0,"parent":0,"menu_order":0,"comment_status":"closed","ping_status":"closed","template":"","meta":{"jetpack_post_was_ever_published":false,"footnotes":""},"class_list":["post-2669","page","type-page","status-publish","hentry"],"yoast_head":"<!-- This site is optimized with the Yoast SEO plugin v27.4 - https:\/\/yoast.com\/product\/yoast-seo-wordpress\/ -->\n<title>LodgeGate Channels - LodgeGate PMS<\/title>\n<meta name=\"robots\" content=\"noindex, follow\" \/>\n<meta property=\"og:locale\" content=\"de_DE\" \/>\n<meta property=\"og:type\" content=\"article\" \/>\n<meta property=\"og:title\" content=\"LodgeGate Channels - LodgeGate PMS\" \/>\n<meta property=\"og:description\" content=\"Connectiviteit is het sleutelwoord LodgeGate PMS voorziet in een module die met jouw eigen website, de keten website en de online reis bureaus (OTA&#8217;s) een&hellip;\" \/>\n<meta property=\"og:url\" content=\"https:\/\/lodgegate.com\/de\/lodgegate-channels\/\" \/>\n<meta property=\"og:site_name\" content=\"LodgeGate PMS\" \/>\n<meta property=\"article:publisher\" content=\"https:\/\/www.facebook.com\/LodgeGate.HotelsOnline\/\" \/>\n<meta property=\"article:modified_time\" content=\"2025-08-12T13:43:21+00:00\" \/>\n<meta property=\"og:image\" content=\"https:\/\/lodgegate.com\/wp-content\/uploads\/2024\/11\/network-1614045_1920.webp\" \/>\n\t<meta property=\"og:image:width\" content=\"1920\" \/>\n\t<meta property=\"og:image:height\" content=\"1805\" \/>\n\t<meta property=\"og:image:type\" content=\"image\/webp\" \/>\n<meta name=\"twitter:card\" content=\"summary_large_image\" \/>\n<meta name=\"twitter:label1\" content=\"Gesch\u00e4tzte Lesezeit\" \/>\n\t<meta name=\"twitter:data1\" content=\"2\u00a0Minuten\" \/>\n<script type=\"application\/ld+json\" class=\"yoast-schema-graph\">{\"@context\":\"https:\\\/\\\/schema.org\",\"@graph\":[{\"@type\":\"WebPage\",\"@id\":\"https:\\\/\\\/lodgegate.com\\\/lodgegate-channels\\\/\",\"url\":\"https:\\\/\\\/lodgegate.com\\\/lodgegate-channels\\\/\",\"name\":\"LodgeGate Channels - LodgeGate PMS\",\"isPartOf\":{\"@id\":\"https:\\\/\\\/lodgegate.com\\\/#website\"},\"primaryImageOfPage\":{\"@id\":\"https:\\\/\\\/lodgegate.com\\\/lodgegate-channels\\\/#primaryimage\"},\"image\":{\"@id\":\"https:\\\/\\\/lodgegate.com\\\/lodgegate-channels\\\/#primaryimage\"},\"thumbnailUrl\":\"https:\\\/\\\/lodgegate.com\\\/wp-content\\\/uploads\\\/2024\\\/11\\\/network-1614045_1920.webp\",\"datePublished\":\"2024-10-27T18:25:20+00:00\",\"dateModified\":\"2025-08-12T13:43:21+00:00\",\"breadcrumb\":{\"@id\":\"https:\\\/\\\/lodgegate.com\\\/lodgegate-channels\\\/#breadcrumb\"},\"inLanguage\":\"de\",\"potentialAction\":[{\"@type\":\"ReadAction\",\"target\":[\"https:\\\/\\\/lodgegate.com\\\/lodgegate-channels\\\/\"]}]},{\"@type\":\"ImageObject\",\"inLanguage\":\"de\",\"@id\":\"https:\\\/\\\/lodgegate.com\\\/lodgegate-channels\\\/#primaryimage\",\"url\":\"https:\\\/\\\/lodgegate.com\\\/wp-content\\\/uploads\\\/2024\\\/11\\\/network-1614045_1920.webp\",\"contentUrl\":\"https:\\\/\\\/lodgegate.com\\\/wp-content\\\/uploads\\\/2024\\\/11\\\/network-1614045_1920.webp\"},{\"@type\":\"BreadcrumbList\",\"@id\":\"https:\\\/\\\/lodgegate.com\\\/lodgegate-channels\\\/#breadcrumb\",\"itemListElement\":[{\"@type\":\"ListItem\",\"position\":1,\"name\":\"Home\",\"item\":\"https:\\\/\\\/lodgegate.com\\\/\"},{\"@type\":\"ListItem\",\"position\":2,\"name\":\"LodgeGate Channels\"}]},{\"@type\":\"WebSite\",\"@id\":\"https:\\\/\\\/lodgegate.com\\\/#website\",\"url\":\"https:\\\/\\\/lodgegate.com\\\/\",\"name\":\"LodgeGate PMS\",\"description\":\"Hotelier reserveringssoftware met kanalen distributie\",\"publisher\":{\"@id\":\"https:\\\/\\\/lodgegate.com\\\/#organization\"},\"potentialAction\":[{\"@type\":\"SearchAction\",\"target\":{\"@type\":\"EntryPoint\",\"urlTemplate\":\"https:\\\/\\\/lodgegate.com\\\/?s={search_term_string}\"},\"query-input\":{\"@type\":\"PropertyValueSpecification\",\"valueRequired\":true,\"valueName\":\"search_term_string\"}}],\"inLanguage\":\"de\"},{\"@type\":\"Organization\",\"@id\":\"https:\\\/\\\/lodgegate.com\\\/#organization\",\"name\":\"Hotels Online BV\",\"url\":\"https:\\\/\\\/lodgegate.com\\\/\",\"logo\":{\"@type\":\"ImageObject\",\"inLanguage\":\"de\",\"@id\":\"https:\\\/\\\/lodgegate.com\\\/#\\\/schema\\\/logo\\\/image\\\/\",\"url\":\"http:\\\/\\\/lodgegate.com\\\/wp-content\\\/uploads\\\/2014\\\/06\\\/logo-hotelsonline-geenwebsi.jpg\",\"contentUrl\":\"http:\\\/\\\/lodgegate.com\\\/wp-content\\\/uploads\\\/2014\\\/06\\\/logo-hotelsonline-geenwebsi.jpg\",\"width\":485,\"height\":107,\"caption\":\"Hotels Online BV\"},\"image\":{\"@id\":\"https:\\\/\\\/lodgegate.com\\\/#\\\/schema\\\/logo\\\/image\\\/\"},\"sameAs\":[\"https:\\\/\\\/www.facebook.com\\\/LodgeGate.HotelsOnline\\\/\"]}]}<\/script>\n<!-- \/ Yoast SEO plugin. -->","yoast_head_json":{"title":"LodgeGate-Kan\u00e4le - LodgeGate PMS","robots":{"index":"noindex","follow":"follow"},"og_locale":"de_DE","og_type":"article","og_title":"LodgeGate Channels - LodgeGate PMS","og_description":"Connectiviteit is het sleutelwoord LodgeGate PMS voorziet in een module die met jouw eigen website, de keten website en de online reis bureaus (OTA&#8217;s) een&hellip;","og_url":"https:\/\/lodgegate.com\/de\/lodgegate-channels\/","og_site_name":"LodgeGate PMS","article_publisher":"https:\/\/www.facebook.com\/LodgeGate.HotelsOnline\/","article_modified_time":"2025-08-12T13:43:21+00:00","og_image":[{"width":1920,"height":1805,"url":"https:\/\/lodgegate.com\/wp-content\/uploads\/2024\/11\/network-1614045_1920.webp","type":"image\/webp"}],"twitter_card":"summary_large_image","twitter_misc":{"Gesch\u00e4tzte Lesezeit":"2\u00a0Minuten"},"schema":{"@context":"https:\/\/schema.org","@graph":[{"@type":"WebPage","@id":"https:\/\/lodgegate.com\/lodgegate-channels\/","url":"https:\/\/lodgegate.com\/lodgegate-channels\/","name":"LodgeGate-Kan\u00e4le - LodgeGate PMS","isPartOf":{"@id":"https:\/\/lodgegate.com\/#website"},"primaryImageOfPage":{"@id":"https:\/\/lodgegate.com\/lodgegate-channels\/#primaryimage"},"image":{"@id":"https:\/\/lodgegate.com\/lodgegate-channels\/#primaryimage"},"thumbnailUrl":"https:\/\/lodgegate.com\/wp-content\/uploads\/2024\/11\/network-1614045_1920.webp","datePublished":"2024-10-27T18:25:20+00:00","dateModified":"2025-08-12T13:43:21+00:00","breadcrumb":{"@id":"https:\/\/lodgegate.com\/lodgegate-channels\/#breadcrumb"},"inLanguage":"de","potentialAction":[{"@type":"ReadAction","target":["https:\/\/lodgegate.com\/lodgegate-channels\/"]}]},{"@type":"ImageObject","inLanguage":"de","@id":"https:\/\/lodgegate.com\/lodgegate-channels\/#primaryimage","url":"https:\/\/lodgegate.com\/wp-content\/uploads\/2024\/11\/network-1614045_1920.webp","contentUrl":"https:\/\/lodgegate.com\/wp-content\/uploads\/2024\/11\/network-1614045_1920.webp"},{"@type":"BreadcrumbList","@id":"https:\/\/lodgegate.com\/lodgegate-channels\/#breadcrumb","itemListElement":[{"@type":"ListItem","position":1,"name":"Home","item":"https:\/\/lodgegate.com\/"},{"@type":"ListItem","position":2,"name":"LodgeGate Channels"}]},{"@type":"WebSite","@id":"https:\/\/lodgegate.com\/#website","url":"https:\/\/lodgegate.com\/","name":"LodgeGate PMS","description":"Reservierungssoftware f\u00fcr Hoteliers mit Vertriebskanal","publisher":{"@id":"https:\/\/lodgegate.com\/#organization"},"potentialAction":[{"@type":"SearchAction","target":{"@type":"EntryPoint","urlTemplate":"https:\/\/lodgegate.com\/?s={search_term_string}"},"query-input":{"@type":"PropertyValueSpecification","valueRequired":true,"valueName":"search_term_string"}}],"inLanguage":"de"},{"@type":"Organization","@id":"https:\/\/lodgegate.com\/#organization","name":"Hotels Online BV","url":"https:\/\/lodgegate.com\/","logo":{"@type":"ImageObject","inLanguage":"de","@id":"https:\/\/lodgegate.com\/#\/schema\/logo\/image\/","url":"http:\/\/lodgegate.com\/wp-content\/uploads\/2014\/06\/logo-hotelsonline-geenwebsi.jpg","contentUrl":"http:\/\/lodgegate.com\/wp-content\/uploads\/2014\/06\/logo-hotelsonline-geenwebsi.jpg","width":485,"height":107,"caption":"Hotels Online BV"},"image":{"@id":"https:\/\/lodgegate.com\/#\/schema\/logo\/image\/"},"sameAs":["https:\/\/www.facebook.com\/LodgeGate.HotelsOnline\/"]}]}},"jetpack_sharing_enabled":true,"jetpack_shortlink":"https:\/\/wp.me\/PfM5DF-H3","_links":{"self":[{"href":"https:\/\/lodgegate.com\/de\/wp-json\/wp\/v2\/pages\/2669","targetHints":{"allow":["GET"]}}],"collection":[{"href":"https:\/\/lodgegate.com\/de\/wp-json\/wp\/v2\/pages"}],"about":[{"href":"https:\/\/lodgegate.com\/de\/wp-json\/wp\/v2\/types\/page"}],"author":[{"embeddable":true,"href":"https:\/\/lodgegate.com\/de\/wp-json\/wp\/v2\/users\/1"}],"replies":[{"embeddable":true,"href":"https:\/\/lodgegate.com\/de\/wp-json\/wp\/v2\/comments?post=2669"}],"version-history":[{"count":38,"href":"https:\/\/lodgegate.com\/de\/wp-json\/wp\/v2\/pages\/2669\/revisions"}],"predecessor-version":[{"id":4665,"href":"https:\/\/lodgegate.com\/de\/wp-json\/wp\/v2\/pages\/2669\/revisions\/4665"}],"wp:attachment":[{"href":"https:\/\/lodgegate.com\/de\/wp-json\/wp\/v2\/media?parent=2669"}],"curies":[{"name":"wp","href":"https:\/\/api.w.org\/{rel}","templated":true}]}}