{"id":2675,"date":"2024-10-27T18:26:03","date_gmt":"2024-10-27T18:26:03","guid":{"rendered":"https:\/\/lodgegate.com\/?page_id=2675"},"modified":"2024-11-20T11:28:21","modified_gmt":"2024-11-20T10:28:21","slug":"lodgegate-concierge","status":"publish","type":"page","link":"https:\/\/lodgegate.com\/de\/lodgegate-concierge\/","title":{"rendered":"LodgeGate Concierge"},"content":{"rendered":"<div data-elementor-type=\"wp-page\" data-elementor-id=\"2675\" class=\"elementor elementor-2675\">\n\t\t\t\t<div class=\"elementor-element elementor-element-45650791 e-flex e-con-boxed e-con e-parent\" data-id=\"45650791\" data-element_type=\"container\" data-e-type=\"container\">\n\t\t\t\t\t<div class=\"e-con-inner\">\n\t\t<div class=\"elementor-element elementor-element-78096160 e-con-full e-flex e-con e-child\" data-id=\"78096160\" data-element_type=\"container\" data-e-type=\"container\">\n\t\t\t\t<div class=\"elementor-element elementor-element-4d9d6915 elementor-widget elementor-widget-heading\" data-id=\"4d9d6915\" data-element_type=\"widget\" data-e-type=\"widget\" data-widget_type=\"heading.default\">\n\t\t\t\t<div class=\"elementor-widget-container\">\n\t\t\t\t\t<h2 class=\"elementor-heading-title elementor-size-default\">LodgeGate Concierge<\/h2>\t\t\t\t<\/div>\n\t\t\t\t<\/div>\n\t\t\t\t<div class=\"elementor-element elementor-element-44eaa041 elementor-widget elementor-widget-text-editor\" data-id=\"44eaa041\" data-element_type=\"widget\" data-e-type=\"widget\" data-widget_type=\"text-editor.default\">\n\t\t\t\t<div class=\"elementor-widget-container\">\n\t\t\t\t\t\t\t\t\t<p><strong>Machen Sie jede \u00dcbernachtung unvergesslich mit LodgeGate Concierge<\/strong><\/p><p>Ein Aufenthalt in einem Hotel, auf einem Campingplatz oder in einem Bungalowpark ist mehr als nur ein Platz zum Schlafen. Es sind die pers\u00f6nliche Aufmerksamkeit und der direkte Kontakt, die das Erlebnis Ihrer G\u00e4ste wirklich einzigartig machen. LodgeGate Concierge ist die Kommunikationsplattform zwischen Ihnen und Ihren G\u00e4sten. Es ist der Schl\u00fcssel zu einer herzlichen, exklusiven G\u00e4stebeziehung und bietet eine vollst\u00e4ndig integrierte schl\u00fcssellose Zugangsfunktion, die Ihnen Zeit, Kosten und Personalaufwand spart.<\/p><p><strong>Bauen Sie starke Verbindungen zu Ihren G\u00e4sten auf<\/strong><\/p><p>Mit unserer digitalen Kommunikationsplattform k\u00f6nnen Sie mit Ihren G\u00e4sten in Kontakt treten. Teilen Sie Ihre einzigartige Geschichte mit, informieren Sie \u00fcber den Aufenthalt, die Einrichtungen, die Umgebung, besondere Angebote und Aktivit\u00e4ten. LodgeGate Concierge sorgt daf\u00fcr, dass Sie immer in Ihrer N\u00e4he sind, damit sich Ihre G\u00e4ste geh\u00f6rt und willkommen f\u00fchlen - schon vor der Ankunft.<\/p><p><strong>Mobiler Zugriff, keine physischen Schl\u00fcssel mehr<\/strong><\/p><p>Auf Wunsch kann das System um den \"Zugang ohne physischen Schl\u00fcssel\" erweitert werden: Mit dem schl\u00fcssellosen Zugang k\u00f6nnen die G\u00e4ste ganz einfach mit ihrem Smartphone ein- und auschecken. Ganz ohne Aufwand und ohne eine App herunterladen zu m\u00fcssen. Die automatisierte Ausgabe und Abholung von Schl\u00fcsseln macht den Prozess schnell und nahtlos - ein Komfort f\u00fcr G\u00e4ste und Team.<\/p><p><strong>Ein rationalisiertes, nahtloses Benutzererlebnis<\/strong><\/p><p>Hotels, Campingpl\u00e4tze und Bungalowparks verwenden oft mehrere Softwareprogramme f\u00fcr Bestellungen, Reservierungen und G\u00e4steanfragen. Mit LodgeGate Concierge zentralisieren Sie all diese Kan\u00e4le und bieten Ihren G\u00e4sten ein einheitliches und klares Benutzererlebnis. Wechseln Sie den Softwarepartner? Kein Problem, das l\u00e4sst sich innerhalb unserer Plattform leicht anpassen.<\/p><p><strong>St\u00e4rken Sie Ihre Marke<\/strong><\/p><p>LodgeGate Concierge ist ganz im Stil Ihres Hauses gestaltet. Farben, Schriftarten, Sprachen und Tonfall: alles ist anpassbar. Damit steht Ihre Marke im Mittelpunkt der Kundenreise und ist nicht nur ein Vermittler. Das Ergebnis? Direkter Kontakt, h\u00f6here Ums\u00e4tze und mehr Direktbuchungen.<\/p>\t\t\t\t\t\t\t\t<\/div>\n\t\t\t\t<\/div>\n\t\t\t\t<\/div>\n\t\t<div class=\"elementor-element elementor-element-6269a283 e-con-full e-flex e-con e-child\" data-id=\"6269a283\" data-element_type=\"container\" data-e-type=\"container\">\n\t\t\t\t<div class=\"elementor-element elementor-element-60ebc721 elementor-widget elementor-widget-image\" data-id=\"60ebc721\" data-element_type=\"widget\" data-e-type=\"widget\" data-widget_type=\"image.default\">\n\t\t\t\t<div class=\"elementor-widget-container\">\n\t\t\t\t\t\t\t\t\t\t\t\t\t\t\t<img fetchpriority=\"high\" decoding=\"async\" width=\"640\" height=\"1020\" src=\"https:\/\/lodgegate.com\/wp-content\/uploads\/2024\/11\/IMG_DA9DA5F8C194-1-e1731944386448.jpeg\" class=\"attachment-full size-full wp-image-4221\" alt=\"\" srcset=\"https:\/\/lodgegate.com\/wp-content\/uploads\/2024\/11\/IMG_DA9DA5F8C194-1-e1731944386448.jpeg 640w, https:\/\/lodgegate.com\/wp-content\/uploads\/2024\/11\/IMG_DA9DA5F8C194-1-e1731944386448-188x300.jpeg 188w, https:\/\/lodgegate.com\/wp-content\/uploads\/2024\/11\/IMG_DA9DA5F8C194-1-e1731944386448-8x12.jpeg 8w\" sizes=\"(max-width: 640px) 100vw, 640px\" \/>\t\t\t\t\t\t\t\t\t\t\t\t\t\t\t<\/div>\n\t\t\t\t<\/div>\n\t\t\t\t<div class=\"elementor-element elementor-element-e271ef1 elementor-widget elementor-widget-image\" data-id=\"e271ef1\" data-element_type=\"widget\" data-e-type=\"widget\" data-widget_type=\"image.default\">\n\t\t\t\t<div class=\"elementor-widget-container\">\n\t\t\t\t\t\t\t\t\t\t\t\t\t\t\t<img decoding=\"async\" width=\"1718\" height=\"503\" src=\"https:\/\/lodgegate.com\/wp-content\/uploads\/2024\/10\/logo-LG-Concierge-2024.png\" class=\"attachment-full size-full wp-image-2945\" alt=\"\" srcset=\"https:\/\/lodgegate.com\/wp-content\/uploads\/2024\/10\/logo-LG-Concierge-2024.png 1718w, https:\/\/lodgegate.com\/wp-content\/uploads\/2024\/10\/logo-LG-Concierge-2024-300x88.png 300w, https:\/\/lodgegate.com\/wp-content\/uploads\/2024\/10\/logo-LG-Concierge-2024-1024x300.png 1024w, https:\/\/lodgegate.com\/wp-content\/uploads\/2024\/10\/logo-LG-Concierge-2024-768x225.png 768w, https:\/\/lodgegate.com\/wp-content\/uploads\/2024\/10\/logo-LG-Concierge-2024-1536x450.png 1536w, https:\/\/lodgegate.com\/wp-content\/uploads\/2024\/10\/logo-LG-Concierge-2024-18x5.png 18w\" sizes=\"(max-width: 1718px) 100vw, 1718px\" \/>\t\t\t\t\t\t\t\t\t\t\t\t\t\t\t<\/div>\n\t\t\t\t<\/div>\n\t\t\t\t<\/div>\n\t\t\t\t\t<\/div>\n\t\t\t\t<\/div>\n\t\t<div class=\"elementor-element elementor-element-570e5db5 e-flex e-con-boxed e-con e-parent\" data-id=\"570e5db5\" data-element_type=\"container\" data-e-type=\"container\">\n\t\t\t\t\t<div class=\"e-con-inner\">\n\t\t\t\t\t<\/div>\n\t\t\t\t<\/div>\n\t\t<div class=\"elementor-element elementor-element-b6c83e9 e-flex e-con-boxed e-con e-parent\" data-id=\"b6c83e9\" data-element_type=\"container\" data-e-type=\"container\">\n\t\t\t\t\t<div class=\"e-con-inner\">\n\t\t\t\t\t<\/div>\n\t\t\t\t<\/div>\n\t\t<div class=\"elementor-element elementor-element-71892b1 e-flex e-con-boxed e-con e-parent\" data-id=\"71892b1\" data-element_type=\"container\" data-e-type=\"container\">\n\t\t\t\t\t<div class=\"e-con-inner\">\n\t\t\t\t\t<\/div>\n\t\t\t\t<\/div>\n\t\t<div class=\"elementor-element elementor-element-6a03cf9 e-flex e-con-boxed e-con e-parent\" data-id=\"6a03cf9\" data-element_type=\"container\" data-e-type=\"container\">\n\t\t\t\t\t<div class=\"e-con-inner\">\n\t\t\t\t\t<\/div>\n\t\t\t\t<\/div>\n\t\t\t\t<\/div>","protected":false},"excerpt":{"rendered":"<p>LodgeGate Concierge Machen Sie jede \u00dcbernachtung unvergesslich mit LodgeGate Concierge Ein Aufenthalt in einem Hotel, Campingplatz oder Bungalowpark ist mehr als nur ein...<\/p>","protected":false},"author":1,"featured_media":0,"parent":0,"menu_order":0,"comment_status":"closed","ping_status":"closed","template":"","meta":{"jetpack_post_was_ever_published":false,"footnotes":""},"class_list":["post-2675","page","type-page","status-publish","hentry"],"yoast_head":"<!-- This site is optimized with the Yoast SEO plugin v27.4 - https:\/\/yoast.com\/product\/yoast-seo-wordpress\/ -->\n<title>LodgeGate Concierge - LodgeGate PMS<\/title>\n<meta name=\"robots\" content=\"noindex, follow\" \/>\n<meta property=\"og:locale\" content=\"de_DE\" \/>\n<meta property=\"og:type\" content=\"article\" \/>\n<meta property=\"og:title\" content=\"LodgeGate Concierge - LodgeGate PMS\" \/>\n<meta property=\"og:description\" content=\"LodgeGate Concierge Maak iedere overnachting onvergetelijk met LodgeGate Concierge Een verblijf in een hotel, camping of bungalowpark draait om m\u00e9\u00e9r dan enkel een plek om&hellip;\" \/>\n<meta property=\"og:url\" content=\"https:\/\/lodgegate.com\/de\/lodgegate-concierge\/\" \/>\n<meta property=\"og:site_name\" content=\"LodgeGate PMS\" \/>\n<meta property=\"article:publisher\" content=\"https:\/\/www.facebook.com\/LodgeGate.HotelsOnline\/\" \/>\n<meta property=\"article:modified_time\" content=\"2024-11-20T10:28:21+00:00\" \/>\n<meta property=\"og:image\" content=\"https:\/\/lodgegate.com\/wp-content\/uploads\/2024\/11\/IMG_DA9DA5F8C194-1-e1731944386448.jpeg\" \/>\n\t<meta property=\"og:image:width\" content=\"640\" \/>\n\t<meta property=\"og:image:height\" content=\"1020\" \/>\n\t<meta property=\"og:image:type\" content=\"image\/jpeg\" \/>\n<meta name=\"twitter:card\" content=\"summary_large_image\" \/>\n<meta name=\"twitter:label1\" content=\"Gesch\u00e4tzte Lesezeit\" \/>\n\t<meta name=\"twitter:data1\" content=\"2\u00a0Minuten\" \/>\n<script type=\"application\/ld+json\" class=\"yoast-schema-graph\">{\"@context\":\"https:\\\/\\\/schema.org\",\"@graph\":[{\"@type\":\"WebPage\",\"@id\":\"https:\\\/\\\/lodgegate.com\\\/lodgegate-concierge\\\/\",\"url\":\"https:\\\/\\\/lodgegate.com\\\/lodgegate-concierge\\\/\",\"name\":\"LodgeGate Concierge - LodgeGate PMS\",\"isPartOf\":{\"@id\":\"https:\\\/\\\/lodgegate.com\\\/#website\"},\"primaryImageOfPage\":{\"@id\":\"https:\\\/\\\/lodgegate.com\\\/lodgegate-concierge\\\/#primaryimage\"},\"image\":{\"@id\":\"https:\\\/\\\/lodgegate.com\\\/lodgegate-concierge\\\/#primaryimage\"},\"thumbnailUrl\":\"https:\\\/\\\/lodgegate.com\\\/wp-content\\\/uploads\\\/2024\\\/11\\\/IMG_DA9DA5F8C194-1-e1731944386448.jpeg\",\"datePublished\":\"2024-10-27T18:26:03+00:00\",\"dateModified\":\"2024-11-20T10:28:21+00:00\",\"breadcrumb\":{\"@id\":\"https:\\\/\\\/lodgegate.com\\\/lodgegate-concierge\\\/#breadcrumb\"},\"inLanguage\":\"de\",\"potentialAction\":[{\"@type\":\"ReadAction\",\"target\":[\"https:\\\/\\\/lodgegate.com\\\/lodgegate-concierge\\\/\"]}]},{\"@type\":\"ImageObject\",\"inLanguage\":\"de\",\"@id\":\"https:\\\/\\\/lodgegate.com\\\/lodgegate-concierge\\\/#primaryimage\",\"url\":\"https:\\\/\\\/lodgegate.com\\\/wp-content\\\/uploads\\\/2024\\\/11\\\/IMG_DA9DA5F8C194-1-e1731944386448.jpeg\",\"contentUrl\":\"https:\\\/\\\/lodgegate.com\\\/wp-content\\\/uploads\\\/2024\\\/11\\\/IMG_DA9DA5F8C194-1-e1731944386448.jpeg\"},{\"@type\":\"BreadcrumbList\",\"@id\":\"https:\\\/\\\/lodgegate.com\\\/lodgegate-concierge\\\/#breadcrumb\",\"itemListElement\":[{\"@type\":\"ListItem\",\"position\":1,\"name\":\"Home\",\"item\":\"https:\\\/\\\/lodgegate.com\\\/\"},{\"@type\":\"ListItem\",\"position\":2,\"name\":\"LodgeGate Concierge\"}]},{\"@type\":\"WebSite\",\"@id\":\"https:\\\/\\\/lodgegate.com\\\/#website\",\"url\":\"https:\\\/\\\/lodgegate.com\\\/\",\"name\":\"LodgeGate PMS\",\"description\":\"Hotelier reserveringssoftware met kanalen distributie\",\"publisher\":{\"@id\":\"https:\\\/\\\/lodgegate.com\\\/#organization\"},\"potentialAction\":[{\"@type\":\"SearchAction\",\"target\":{\"@type\":\"EntryPoint\",\"urlTemplate\":\"https:\\\/\\\/lodgegate.com\\\/?s={search_term_string}\"},\"query-input\":{\"@type\":\"PropertyValueSpecification\",\"valueRequired\":true,\"valueName\":\"search_term_string\"}}],\"inLanguage\":\"de\"},{\"@type\":\"Organization\",\"@id\":\"https:\\\/\\\/lodgegate.com\\\/#organization\",\"name\":\"Hotels Online BV\",\"url\":\"https:\\\/\\\/lodgegate.com\\\/\",\"logo\":{\"@type\":\"ImageObject\",\"inLanguage\":\"de\",\"@id\":\"https:\\\/\\\/lodgegate.com\\\/#\\\/schema\\\/logo\\\/image\\\/\",\"url\":\"http:\\\/\\\/lodgegate.com\\\/wp-content\\\/uploads\\\/2014\\\/06\\\/logo-hotelsonline-geenwebsi.jpg\",\"contentUrl\":\"http:\\\/\\\/lodgegate.com\\\/wp-content\\\/uploads\\\/2014\\\/06\\\/logo-hotelsonline-geenwebsi.jpg\",\"width\":485,\"height\":107,\"caption\":\"Hotels Online BV\"},\"image\":{\"@id\":\"https:\\\/\\\/lodgegate.com\\\/#\\\/schema\\\/logo\\\/image\\\/\"},\"sameAs\":[\"https:\\\/\\\/www.facebook.com\\\/LodgeGate.HotelsOnline\\\/\"]}]}<\/script>\n<!-- \/ Yoast SEO plugin. -->","yoast_head_json":{"title":"LodgeGate Concierge - LodgeGate PMS","robots":{"index":"noindex","follow":"follow"},"og_locale":"de_DE","og_type":"article","og_title":"LodgeGate Concierge - LodgeGate PMS","og_description":"LodgeGate Concierge Maak iedere overnachting onvergetelijk met LodgeGate Concierge Een verblijf in een hotel, camping of bungalowpark draait om m\u00e9\u00e9r dan enkel een plek om&hellip;","og_url":"https:\/\/lodgegate.com\/de\/lodgegate-concierge\/","og_site_name":"LodgeGate PMS","article_publisher":"https:\/\/www.facebook.com\/LodgeGate.HotelsOnline\/","article_modified_time":"2024-11-20T10:28:21+00:00","og_image":[{"width":640,"height":1020,"url":"https:\/\/lodgegate.com\/wp-content\/uploads\/2024\/11\/IMG_DA9DA5F8C194-1-e1731944386448.jpeg","type":"image\/jpeg"}],"twitter_card":"summary_large_image","twitter_misc":{"Gesch\u00e4tzte Lesezeit":"2\u00a0Minuten"},"schema":{"@context":"https:\/\/schema.org","@graph":[{"@type":"WebPage","@id":"https:\/\/lodgegate.com\/lodgegate-concierge\/","url":"https:\/\/lodgegate.com\/lodgegate-concierge\/","name":"LodgeGate Concierge - LodgeGate PMS","isPartOf":{"@id":"https:\/\/lodgegate.com\/#website"},"primaryImageOfPage":{"@id":"https:\/\/lodgegate.com\/lodgegate-concierge\/#primaryimage"},"image":{"@id":"https:\/\/lodgegate.com\/lodgegate-concierge\/#primaryimage"},"thumbnailUrl":"https:\/\/lodgegate.com\/wp-content\/uploads\/2024\/11\/IMG_DA9DA5F8C194-1-e1731944386448.jpeg","datePublished":"2024-10-27T18:26:03+00:00","dateModified":"2024-11-20T10:28:21+00:00","breadcrumb":{"@id":"https:\/\/lodgegate.com\/lodgegate-concierge\/#breadcrumb"},"inLanguage":"de","potentialAction":[{"@type":"ReadAction","target":["https:\/\/lodgegate.com\/lodgegate-concierge\/"]}]},{"@type":"ImageObject","inLanguage":"de","@id":"https:\/\/lodgegate.com\/lodgegate-concierge\/#primaryimage","url":"https:\/\/lodgegate.com\/wp-content\/uploads\/2024\/11\/IMG_DA9DA5F8C194-1-e1731944386448.jpeg","contentUrl":"https:\/\/lodgegate.com\/wp-content\/uploads\/2024\/11\/IMG_DA9DA5F8C194-1-e1731944386448.jpeg"},{"@type":"BreadcrumbList","@id":"https:\/\/lodgegate.com\/lodgegate-concierge\/#breadcrumb","itemListElement":[{"@type":"ListItem","position":1,"name":"Home","item":"https:\/\/lodgegate.com\/"},{"@type":"ListItem","position":2,"name":"LodgeGate Concierge"}]},{"@type":"WebSite","@id":"https:\/\/lodgegate.com\/#website","url":"https:\/\/lodgegate.com\/","name":"LodgeGate PMS","description":"Reservierungssoftware f\u00fcr Hoteliers mit Vertriebskanal","publisher":{"@id":"https:\/\/lodgegate.com\/#organization"},"potentialAction":[{"@type":"SearchAction","target":{"@type":"EntryPoint","urlTemplate":"https:\/\/lodgegate.com\/?s={search_term_string}"},"query-input":{"@type":"PropertyValueSpecification","valueRequired":true,"valueName":"search_term_string"}}],"inLanguage":"de"},{"@type":"Organization","@id":"https:\/\/lodgegate.com\/#organization","name":"Hotels Online BV","url":"https:\/\/lodgegate.com\/","logo":{"@type":"ImageObject","inLanguage":"de","@id":"https:\/\/lodgegate.com\/#\/schema\/logo\/image\/","url":"http:\/\/lodgegate.com\/wp-content\/uploads\/2014\/06\/logo-hotelsonline-geenwebsi.jpg","contentUrl":"http:\/\/lodgegate.com\/wp-content\/uploads\/2014\/06\/logo-hotelsonline-geenwebsi.jpg","width":485,"height":107,"caption":"Hotels Online BV"},"image":{"@id":"https:\/\/lodgegate.com\/#\/schema\/logo\/image\/"},"sameAs":["https:\/\/www.facebook.com\/LodgeGate.HotelsOnline\/"]}]}},"jetpack_sharing_enabled":true,"jetpack_shortlink":"https:\/\/wp.me\/PfM5DF-H9","_links":{"self":[{"href":"https:\/\/lodgegate.com\/de\/wp-json\/wp\/v2\/pages\/2675","targetHints":{"allow":["GET"]}}],"collection":[{"href":"https:\/\/lodgegate.com\/de\/wp-json\/wp\/v2\/pages"}],"about":[{"href":"https:\/\/lodgegate.com\/de\/wp-json\/wp\/v2\/types\/page"}],"author":[{"embeddable":true,"href":"https:\/\/lodgegate.com\/de\/wp-json\/wp\/v2\/users\/1"}],"replies":[{"embeddable":true,"href":"https:\/\/lodgegate.com\/de\/wp-json\/wp\/v2\/comments?post=2675"}],"version-history":[{"count":35,"href":"https:\/\/lodgegate.com\/de\/wp-json\/wp\/v2\/pages\/2675\/revisions"}],"predecessor-version":[{"id":4381,"href":"https:\/\/lodgegate.com\/de\/wp-json\/wp\/v2\/pages\/2675\/revisions\/4381"}],"wp:attachment":[{"href":"https:\/\/lodgegate.com\/de\/wp-json\/wp\/v2\/media?parent=2675"}],"curies":[{"name":"wp","href":"https:\/\/api.w.org\/{rel}","templated":true}]}}