{"id":2687,"date":"2024-10-27T18:27:29","date_gmt":"2024-10-27T18:27:29","guid":{"rendered":"https:\/\/lodgegate.com\/?page_id=2687"},"modified":"2024-11-09T18:25:18","modified_gmt":"2024-11-09T18:25:18","slug":"lodgegate-bb","status":"publish","type":"page","link":"https:\/\/lodgegate.com\/de\/lodgegate-bb\/","title":{"rendered":"LodgeGate PMS B&amp;B"},"content":{"rendered":"<div data-elementor-type=\"wp-page\" data-elementor-id=\"2687\" class=\"elementor elementor-2687\">\n\t\t\t\t<div class=\"elementor-element elementor-element-261aa031 e-flex e-con-boxed e-con e-parent\" data-id=\"261aa031\" data-element_type=\"container\" data-e-type=\"container\">\n\t\t\t\t\t<div class=\"e-con-inner\">\n\t\t<div class=\"elementor-element elementor-element-1eff73ed e-con-full e-flex e-con e-child\" data-id=\"1eff73ed\" data-element_type=\"container\" data-e-type=\"container\">\n\t\t\t\t<div class=\"elementor-element elementor-element-7938beaf elementor-widget elementor-widget-heading\" data-id=\"7938beaf\" data-element_type=\"widget\" data-e-type=\"widget\" data-widget_type=\"heading.default\">\n\t\t\t\t<div class=\"elementor-widget-container\">\n\t\t\t\t\t<h2 class=\"elementor-heading-title elementor-size-default\">LodgeGate B&amp;B<\/h2>\t\t\t\t<\/div>\n\t\t\t\t<\/div>\n\t\t\t\t<div class=\"elementor-element elementor-element-57c4d9e7 elementor-widget elementor-widget-text-editor\" data-id=\"57c4d9e7\" data-element_type=\"widget\" data-e-type=\"widget\" data-widget_type=\"text-editor.default\">\n\t\t\t\t<div class=\"elementor-widget-container\">\n\t\t\t\t\t\t\t\t\t<p><strong>Einfache und effiziente Reservierungssoftware f\u00fcr Ihr B&amp;B oder Ihr kleines Anwesen<\/strong><\/p>\n<p>Verwalten Sie Ihre Buchungen schnell und einfach mit unserer benutzerfreundlichen Reservierungssoftware, die speziell f\u00fcr kleine Betriebe wie B&amp;Bs entwickelt wurde. Ganz gleich, ob Sie gerade erst anfangen oder schon seit Jahren ein gem\u00fctliches B&amp;B betreiben, unsere Software macht die Verwaltung Ihrer Buchungen einfacher als je zuvor, genau wie in gro\u00dfen Hotels.<\/p>\n<p><strong>Automatische Verkn\u00fcpfung mit Vertriebskan\u00e4len wie Airbnb und Booking.com<\/strong><\/p>\n<p>Unsere Software l\u00e4sst sich nahtlos in beliebte Verkaufskan\u00e4le wie Airbnb und Booking.com integrieren, so dass alle Reservierungen von diesen Plattformen automatisch in Ihr System eingegeben werden, wodurch doppelte Buchungen und Zeitaufwand f\u00fcr die manuelle Eingabe vermieden werden. Alles landet an einem praktischen Ort, was Ihre Arbeit wesentlich effizienter macht.<\/p>\n<p><strong>Eigene Website mit integriertem Buchungsmodul<\/strong><\/p>\n<p>Mit einer professionellen Website, die direkt mit einem benutzerfreundlichen Buchungsmodul verkn\u00fcpft ist, k\u00f6nnen G\u00e4ste ganz einfach ihren Aufenthalt in Ihrem B&amp;B buchen. Das Beste von allem? Keine externen Agenturgeb\u00fchren! Sie behalten die Kontrolle \u00fcber Ihre Buchungen und steigern Ihren Gewinn, indem Sie Direktbuchungen f\u00f6rdern.<\/p>\n<p><strong>Zahlungsl\u00f6sungen, die f\u00fcr Sie und Ihre G\u00e4ste einfach sind<\/strong><\/p>\n<p>Unsere integrierte Zahlungsl\u00f6sung sorgt daf\u00fcr, dass Zahlungen schnell und sicher erfolgen, sowohl f\u00fcr Reservierungen \u00fcber Ihre Website als auch \u00fcber externe Plattformen. Die G\u00e4ste k\u00f6nnen ganz einfach online bezahlen, und Sie haben die Gewissheit, dass Ihre Zahlungen schnell und unbesorgt abgewickelt werden.<\/p>\n<p><strong>Einfache Berichterstattung und Einblicke<\/strong><\/p>\n<p>Unsere Software erm\u00f6glicht Ihnen den einfachen Zugriff auf Berichte \u00fcber Ihre Belegung, Ihren Umsatz und andere wichtige Kennzahlen. Ob Sie ein Wochenende mit voller Belegung oder eine ruhige Woche haben, Sie haben immer Einblick in Ihre Leistung. So k\u00f6nnen Sie schnell auf Ver\u00e4nderungen reagieren und Ihre Einnahmen optimieren.<\/p>\n<p><strong>Alles, was Sie brauchen, in einer L\u00f6sung<\/strong><\/p>\n<p>Unsere Reservierungssoftware gibt Ihnen alle Werkzeuge an die Hand, die Sie ben\u00f6tigen, um Ihr B&amp;B reibungslos zu betreiben: von Reservierungen \u00fcber Verkaufskan\u00e4le bis hin zu Zahlungen und Berichten. Es ist die intelligente L\u00f6sung, die Ihnen Zeit und M\u00fche spart, damit Sie sich auf das konzentrieren k\u00f6nnen, was wirklich z\u00e4hlt: Ihre G\u00e4ste.<\/p>\n<p>Kurz gesagt, mit unserer Reservierungssoftware haben Sie alles, was Sie brauchen, um Ihr B&amp;B erfolgreich zu verwalten und zu vergr\u00f6\u00dfern. Machen Sie es sich leicht - beginnen Sie noch heute!<\/p>\t\t\t\t\t\t\t\t<\/div>\n\t\t\t\t<\/div>\n\t\t\t\t<\/div>\n\t\t<div class=\"elementor-element elementor-element-18a62835 e-con-full e-flex e-con e-child\" data-id=\"18a62835\" data-element_type=\"container\" data-e-type=\"container\">\n\t\t\t\t<div class=\"elementor-element elementor-element-396e0dbe elementor-widget elementor-widget-image\" data-id=\"396e0dbe\" data-element_type=\"widget\" data-e-type=\"widget\" data-widget_type=\"image.default\">\n\t\t\t\t<div class=\"elementor-widget-container\">\n\t\t\t\t\t\t\t\t\t\t\t\t\t\t\t<img fetchpriority=\"high\" decoding=\"async\" width=\"960\" height=\"1280\" src=\"https:\/\/lodgegate.com\/wp-content\/uploads\/2024\/11\/breakfast-4374418_1280.webp\" class=\"attachment-full size-full wp-image-3313\" alt=\"\" srcset=\"https:\/\/lodgegate.com\/wp-content\/uploads\/2024\/11\/breakfast-4374418_1280.webp 960w, https:\/\/lodgegate.com\/wp-content\/uploads\/2024\/11\/breakfast-4374418_1280-225x300.webp 225w, https:\/\/lodgegate.com\/wp-content\/uploads\/2024\/11\/breakfast-4374418_1280-768x1024.webp 768w, https:\/\/lodgegate.com\/wp-content\/uploads\/2024\/11\/breakfast-4374418_1280-9x12.webp 9w\" sizes=\"(max-width: 960px) 100vw, 960px\" \/>\t\t\t\t\t\t\t\t\t\t\t\t\t\t\t<\/div>\n\t\t\t\t<\/div>\n\t\t\t\t<div class=\"elementor-element elementor-element-3ef4bee elementor-widget elementor-widget-image\" data-id=\"3ef4bee\" data-element_type=\"widget\" data-e-type=\"widget\" data-widget_type=\"image.default\">\n\t\t\t\t<div class=\"elementor-widget-container\">\n\t\t\t\t\t\t\t\t\t\t\t\t\t\t\t<img decoding=\"async\" width=\"1718\" height=\"503\" src=\"https:\/\/lodgegate.com\/wp-content\/uploads\/2024\/10\/logo-LG-BB-2024.png\" class=\"attachment-full size-full wp-image-2785\" alt=\"\" srcset=\"https:\/\/lodgegate.com\/wp-content\/uploads\/2024\/10\/logo-LG-BB-2024.png 1718w, https:\/\/lodgegate.com\/wp-content\/uploads\/2024\/10\/logo-LG-BB-2024-300x88.png 300w, https:\/\/lodgegate.com\/wp-content\/uploads\/2024\/10\/logo-LG-BB-2024-1024x300.png 1024w, https:\/\/lodgegate.com\/wp-content\/uploads\/2024\/10\/logo-LG-BB-2024-768x225.png 768w, https:\/\/lodgegate.com\/wp-content\/uploads\/2024\/10\/logo-LG-BB-2024-1536x450.png 1536w, https:\/\/lodgegate.com\/wp-content\/uploads\/2024\/10\/logo-LG-BB-2024-18x5.png 18w\" sizes=\"(max-width: 1718px) 100vw, 1718px\" \/>\t\t\t\t\t\t\t\t\t\t\t\t\t\t\t<\/div>\n\t\t\t\t<\/div>\n\t\t\t\t<\/div>\n\t\t\t\t\t<\/div>\n\t\t\t\t<\/div>\n\t\t<div class=\"elementor-element elementor-element-41a3610d e-flex e-con-boxed e-con e-parent\" data-id=\"41a3610d\" data-element_type=\"container\" data-e-type=\"container\">\n\t\t\t\t\t<div class=\"e-con-inner\">\n\t\t\t\t\t<\/div>\n\t\t\t\t<\/div>\n\t\t<div class=\"elementor-element elementor-element-1efe7c26 e-flex e-con-boxed e-con e-parent\" data-id=\"1efe7c26\" data-element_type=\"container\" data-e-type=\"container\">\n\t\t\t\t\t<div class=\"e-con-inner\">\n\t\t\t\t\t<\/div>\n\t\t\t\t<\/div>\n\t\t<div class=\"elementor-element elementor-element-3e9e0364 e-flex e-con-boxed e-con e-parent\" data-id=\"3e9e0364\" data-element_type=\"container\" data-e-type=\"container\">\n\t\t\t\t\t<div class=\"e-con-inner\">\n\t\t\t\t\t<\/div>\n\t\t\t\t<\/div>\n\t\t<div class=\"elementor-element elementor-element-77e88464 e-flex e-con-boxed e-con e-parent\" data-id=\"77e88464\" data-element_type=\"container\" data-e-type=\"container\">\n\t\t\t\t\t<div class=\"e-con-inner\">\n\t\t\t\t\t<\/div>\n\t\t\t\t<\/div>\n\t\t\t\t<\/div>","protected":false},"excerpt":{"rendered":"<p>LodgeGate B&amp;B Einfache und effiziente Reservierungssoftware f\u00fcr Ihr B&amp;B oder kleines Anwesen Verwalten Sie Ihre Reservierungen schnell und einfach mit unserer benutzerfreundlichen Reservierungssoftware, die speziell f\u00fcr...<\/p>","protected":false},"author":1,"featured_media":0,"parent":0,"menu_order":0,"comment_status":"closed","ping_status":"closed","template":"","meta":{"jetpack_post_was_ever_published":false,"footnotes":""},"class_list":["post-2687","page","type-page","status-publish","hentry"],"yoast_head":"<!-- This site is optimized with the Yoast SEO plugin v27.4 - https:\/\/yoast.com\/product\/yoast-seo-wordpress\/ -->\n<title>LodgeGate PMS B&amp;B - LodgeGate PMS<\/title>\n<meta name=\"robots\" content=\"noindex, follow\" \/>\n<meta property=\"og:locale\" content=\"de_DE\" \/>\n<meta property=\"og:type\" content=\"article\" \/>\n<meta property=\"og:title\" content=\"LodgeGate PMS B&amp;B - LodgeGate PMS\" \/>\n<meta property=\"og:description\" content=\"LodgeGate B&amp;B Eenvoudige en effici\u00ebnte reserveringssoftware voor jouw B&amp;B of kleine property Beheer je reserveringen snel en eenvoudig met onze gebruiksvriendelijke reserveringssoftware, speciaal ontwikkeld voor&hellip;\" \/>\n<meta property=\"og:url\" content=\"https:\/\/lodgegate.com\/de\/lodgegate-bb\/\" \/>\n<meta property=\"og:site_name\" content=\"LodgeGate PMS\" \/>\n<meta property=\"article:publisher\" content=\"https:\/\/www.facebook.com\/LodgeGate.HotelsOnline\/\" \/>\n<meta property=\"article:modified_time\" content=\"2024-11-09T18:25:18+00:00\" \/>\n<meta property=\"og:image\" content=\"http:\/\/lodgegate.com\/wp-content\/uploads\/2024\/11\/breakfast-4374418_1280.webp\" \/>\n<meta name=\"twitter:card\" content=\"summary_large_image\" \/>\n<meta name=\"twitter:label1\" content=\"Gesch\u00e4tzte Lesezeit\" \/>\n\t<meta name=\"twitter:data1\" content=\"2\u00a0Minuten\" \/>\n<script type=\"application\/ld+json\" class=\"yoast-schema-graph\">{\"@context\":\"https:\\\/\\\/schema.org\",\"@graph\":[{\"@type\":\"WebPage\",\"@id\":\"https:\\\/\\\/lodgegate.com\\\/lodgegate-bb\\\/\",\"url\":\"https:\\\/\\\/lodgegate.com\\\/lodgegate-bb\\\/\",\"name\":\"LodgeGate PMS B&B - LodgeGate PMS\",\"isPartOf\":{\"@id\":\"https:\\\/\\\/lodgegate.com\\\/#website\"},\"primaryImageOfPage\":{\"@id\":\"https:\\\/\\\/lodgegate.com\\\/lodgegate-bb\\\/#primaryimage\"},\"image\":{\"@id\":\"https:\\\/\\\/lodgegate.com\\\/lodgegate-bb\\\/#primaryimage\"},\"thumbnailUrl\":\"http:\\\/\\\/lodgegate.com\\\/wp-content\\\/uploads\\\/2024\\\/11\\\/breakfast-4374418_1280.webp\",\"datePublished\":\"2024-10-27T18:27:29+00:00\",\"dateModified\":\"2024-11-09T18:25:18+00:00\",\"breadcrumb\":{\"@id\":\"https:\\\/\\\/lodgegate.com\\\/lodgegate-bb\\\/#breadcrumb\"},\"inLanguage\":\"de\",\"potentialAction\":[{\"@type\":\"ReadAction\",\"target\":[\"https:\\\/\\\/lodgegate.com\\\/lodgegate-bb\\\/\"]}]},{\"@type\":\"ImageObject\",\"inLanguage\":\"de\",\"@id\":\"https:\\\/\\\/lodgegate.com\\\/lodgegate-bb\\\/#primaryimage\",\"url\":\"http:\\\/\\\/lodgegate.com\\\/wp-content\\\/uploads\\\/2024\\\/11\\\/breakfast-4374418_1280.webp\",\"contentUrl\":\"http:\\\/\\\/lodgegate.com\\\/wp-content\\\/uploads\\\/2024\\\/11\\\/breakfast-4374418_1280.webp\"},{\"@type\":\"BreadcrumbList\",\"@id\":\"https:\\\/\\\/lodgegate.com\\\/lodgegate-bb\\\/#breadcrumb\",\"itemListElement\":[{\"@type\":\"ListItem\",\"position\":1,\"name\":\"Home\",\"item\":\"https:\\\/\\\/lodgegate.com\\\/\"},{\"@type\":\"ListItem\",\"position\":2,\"name\":\"LodgeGate PMS B&#038;B\"}]},{\"@type\":\"WebSite\",\"@id\":\"https:\\\/\\\/lodgegate.com\\\/#website\",\"url\":\"https:\\\/\\\/lodgegate.com\\\/\",\"name\":\"LodgeGate PMS\",\"description\":\"Hotelier reserveringssoftware met kanalen distributie\",\"publisher\":{\"@id\":\"https:\\\/\\\/lodgegate.com\\\/#organization\"},\"potentialAction\":[{\"@type\":\"SearchAction\",\"target\":{\"@type\":\"EntryPoint\",\"urlTemplate\":\"https:\\\/\\\/lodgegate.com\\\/?s={search_term_string}\"},\"query-input\":{\"@type\":\"PropertyValueSpecification\",\"valueRequired\":true,\"valueName\":\"search_term_string\"}}],\"inLanguage\":\"de\"},{\"@type\":\"Organization\",\"@id\":\"https:\\\/\\\/lodgegate.com\\\/#organization\",\"name\":\"Hotels Online BV\",\"url\":\"https:\\\/\\\/lodgegate.com\\\/\",\"logo\":{\"@type\":\"ImageObject\",\"inLanguage\":\"de\",\"@id\":\"https:\\\/\\\/lodgegate.com\\\/#\\\/schema\\\/logo\\\/image\\\/\",\"url\":\"http:\\\/\\\/lodgegate.com\\\/wp-content\\\/uploads\\\/2014\\\/06\\\/logo-hotelsonline-geenwebsi.jpg\",\"contentUrl\":\"http:\\\/\\\/lodgegate.com\\\/wp-content\\\/uploads\\\/2014\\\/06\\\/logo-hotelsonline-geenwebsi.jpg\",\"width\":485,\"height\":107,\"caption\":\"Hotels Online BV\"},\"image\":{\"@id\":\"https:\\\/\\\/lodgegate.com\\\/#\\\/schema\\\/logo\\\/image\\\/\"},\"sameAs\":[\"https:\\\/\\\/www.facebook.com\\\/LodgeGate.HotelsOnline\\\/\"]}]}<\/script>\n<!-- \/ Yoast SEO plugin. -->","yoast_head_json":{"title":"LodgeGate PMS B&amp;B - LodgeGate PMS","robots":{"index":"noindex","follow":"follow"},"og_locale":"de_DE","og_type":"article","og_title":"LodgeGate PMS B&B - LodgeGate PMS","og_description":"LodgeGate B&amp;B Eenvoudige en effici\u00ebnte reserveringssoftware voor jouw B&amp;B of kleine property Beheer je reserveringen snel en eenvoudig met onze gebruiksvriendelijke reserveringssoftware, speciaal ontwikkeld voor&hellip;","og_url":"https:\/\/lodgegate.com\/de\/lodgegate-bb\/","og_site_name":"LodgeGate PMS","article_publisher":"https:\/\/www.facebook.com\/LodgeGate.HotelsOnline\/","article_modified_time":"2024-11-09T18:25:18+00:00","og_image":[{"url":"http:\/\/lodgegate.com\/wp-content\/uploads\/2024\/11\/breakfast-4374418_1280.webp","type":"","width":"","height":""}],"twitter_card":"summary_large_image","twitter_misc":{"Gesch\u00e4tzte Lesezeit":"2\u00a0Minuten"},"schema":{"@context":"https:\/\/schema.org","@graph":[{"@type":"WebPage","@id":"https:\/\/lodgegate.com\/lodgegate-bb\/","url":"https:\/\/lodgegate.com\/lodgegate-bb\/","name":"LodgeGate PMS B&amp;B - LodgeGate PMS","isPartOf":{"@id":"https:\/\/lodgegate.com\/#website"},"primaryImageOfPage":{"@id":"https:\/\/lodgegate.com\/lodgegate-bb\/#primaryimage"},"image":{"@id":"https:\/\/lodgegate.com\/lodgegate-bb\/#primaryimage"},"thumbnailUrl":"http:\/\/lodgegate.com\/wp-content\/uploads\/2024\/11\/breakfast-4374418_1280.webp","datePublished":"2024-10-27T18:27:29+00:00","dateModified":"2024-11-09T18:25:18+00:00","breadcrumb":{"@id":"https:\/\/lodgegate.com\/lodgegate-bb\/#breadcrumb"},"inLanguage":"de","potentialAction":[{"@type":"ReadAction","target":["https:\/\/lodgegate.com\/lodgegate-bb\/"]}]},{"@type":"ImageObject","inLanguage":"de","@id":"https:\/\/lodgegate.com\/lodgegate-bb\/#primaryimage","url":"http:\/\/lodgegate.com\/wp-content\/uploads\/2024\/11\/breakfast-4374418_1280.webp","contentUrl":"http:\/\/lodgegate.com\/wp-content\/uploads\/2024\/11\/breakfast-4374418_1280.webp"},{"@type":"BreadcrumbList","@id":"https:\/\/lodgegate.com\/lodgegate-bb\/#breadcrumb","itemListElement":[{"@type":"ListItem","position":1,"name":"Home","item":"https:\/\/lodgegate.com\/"},{"@type":"ListItem","position":2,"name":"LodgeGate PMS B&#038;B"}]},{"@type":"WebSite","@id":"https:\/\/lodgegate.com\/#website","url":"https:\/\/lodgegate.com\/","name":"LodgeGate PMS","description":"Reservierungssoftware f\u00fcr Hoteliers mit Vertriebskanal","publisher":{"@id":"https:\/\/lodgegate.com\/#organization"},"potentialAction":[{"@type":"SearchAction","target":{"@type":"EntryPoint","urlTemplate":"https:\/\/lodgegate.com\/?s={search_term_string}"},"query-input":{"@type":"PropertyValueSpecification","valueRequired":true,"valueName":"search_term_string"}}],"inLanguage":"de"},{"@type":"Organization","@id":"https:\/\/lodgegate.com\/#organization","name":"Hotels Online BV","url":"https:\/\/lodgegate.com\/","logo":{"@type":"ImageObject","inLanguage":"de","@id":"https:\/\/lodgegate.com\/#\/schema\/logo\/image\/","url":"http:\/\/lodgegate.com\/wp-content\/uploads\/2014\/06\/logo-hotelsonline-geenwebsi.jpg","contentUrl":"http:\/\/lodgegate.com\/wp-content\/uploads\/2014\/06\/logo-hotelsonline-geenwebsi.jpg","width":485,"height":107,"caption":"Hotels Online BV"},"image":{"@id":"https:\/\/lodgegate.com\/#\/schema\/logo\/image\/"},"sameAs":["https:\/\/www.facebook.com\/LodgeGate.HotelsOnline\/"]}]}},"jetpack_sharing_enabled":true,"jetpack_shortlink":"https:\/\/wp.me\/PfM5DF-Hl","_links":{"self":[{"href":"https:\/\/lodgegate.com\/de\/wp-json\/wp\/v2\/pages\/2687","targetHints":{"allow":["GET"]}}],"collection":[{"href":"https:\/\/lodgegate.com\/de\/wp-json\/wp\/v2\/pages"}],"about":[{"href":"https:\/\/lodgegate.com\/de\/wp-json\/wp\/v2\/types\/page"}],"author":[{"embeddable":true,"href":"https:\/\/lodgegate.com\/de\/wp-json\/wp\/v2\/users\/1"}],"replies":[{"embeddable":true,"href":"https:\/\/lodgegate.com\/de\/wp-json\/wp\/v2\/comments?post=2687"}],"version-history":[{"count":31,"href":"https:\/\/lodgegate.com\/de\/wp-json\/wp\/v2\/pages\/2687\/revisions"}],"predecessor-version":[{"id":3870,"href":"https:\/\/lodgegate.com\/de\/wp-json\/wp\/v2\/pages\/2687\/revisions\/3870"}],"wp:attachment":[{"href":"https:\/\/lodgegate.com\/de\/wp-json\/wp\/v2\/media?parent=2687"}],"curies":[{"name":"wp","href":"https:\/\/api.w.org\/{rel}","templated":true}]}}