{"id":2693,"date":"2024-10-27T18:28:12","date_gmt":"2024-10-27T18:28:12","guid":{"rendered":"https:\/\/lodgegate.com\/?page_id=2693"},"modified":"2024-11-07T21:06:10","modified_gmt":"2024-11-07T21:06:10","slug":"lodgegate-recreational","status":"publish","type":"page","link":"https:\/\/lodgegate.com\/de\/lodgegate-recreational\/","title":{"rendered":"LodgeGate PMS Freizeit"},"content":{"rendered":"<div data-elementor-type=\"wp-page\" data-elementor-id=\"2693\" class=\"elementor elementor-2693\">\n\t\t\t\t<div class=\"elementor-element elementor-element-375b0dbb e-flex e-con-boxed e-con e-parent\" data-id=\"375b0dbb\" data-element_type=\"container\" data-e-type=\"container\">\n\t\t\t\t\t<div class=\"e-con-inner\">\n\t\t<div class=\"elementor-element elementor-element-df8b75 e-con-full e-flex e-con e-child\" data-id=\"df8b75\" data-element_type=\"container\" data-e-type=\"container\">\n\t\t\t\t<div class=\"elementor-element elementor-element-8f2a3ea elementor-widget elementor-widget-heading\" data-id=\"8f2a3ea\" data-element_type=\"widget\" data-e-type=\"widget\" data-widget_type=\"heading.default\">\n\t\t\t\t<div class=\"elementor-widget-container\">\n\t\t\t\t\t<h2 class=\"elementor-heading-title elementor-size-default\">LodgeGate Freizeitsport<\/h2>\t\t\t\t<\/div>\n\t\t\t\t<\/div>\n\t\t\t\t<div class=\"elementor-element elementor-element-13932eb1 elementor-widget elementor-widget-text-editor\" data-id=\"13932eb1\" data-element_type=\"widget\" data-e-type=\"widget\" data-widget_type=\"text-editor.default\">\n\t\t\t\t<div class=\"elementor-widget-container\">\n\t\t\t\t\t\t\t\t\t<p><strong>Verwalten Sie Reservierungen einfach und effizient<\/strong><\/p><p>Mit unserem fortschrittlichen System k\u00f6nnen Sie Reservierungen einfach und optimal verwalten. Dank der automatischen Eingabe von Reservierungen \u00fcber verschiedene Vertriebskan\u00e4le ist der Prozess vollst\u00e4ndig automatisiert. Neue Buchungen gehen sofort und ohne manuelle Eingabe ein, was Zeit spart und Fehler verhindert.<\/p><p><strong>Nahtlose Integration der Einnahmen aus allen Einrichtungen<\/strong><\/p><p>Auch die Einnahmen aus anderen Einrichtungen wie Restaurant, Freizeit oder Wellness werden m\u00fchelos in das Reservierungssystem \u00fcbertragen. So haben Sie immer einen vollst\u00e4ndigen \u00dcberblick \u00fcber alle Einnahmestr\u00f6me innerhalb Ihres Campingplatzes oder Bungalowparks. Die Rechnungsstellung erfolgt einfach und schnell mit einem Klick, so dass Sie weniger Zeit f\u00fcr die Verwaltung aufwenden m\u00fcssen.<\/p><p><strong>Vollst\u00e4ndiger Einblick mit Berichten und Dashboard<\/strong><\/p><p>Mit unseren umfangreichen Berichtsfunktionen haben Sie jederzeit Einblick in die Leistung Ihres Campingplatzes oder Bungalowparks. Das \u00fcbersichtliche Dashboard liefert Echtzeitdaten zu Reservierungen, Umsatz, Belegungsrate und mehr. So k\u00f6nnen Sie schnell auf Ver\u00e4nderungen reagieren und Ihre Entscheidungen auf aktuelle Zahlen st\u00fctzen.<\/p><p><strong>Zahlungsverbindungen und Einnahmenverwaltung<\/strong><\/p><p>Unser System bietet nahtlose Zahlungslinks f\u00fcr schnelle und sichere Zahlungen, sowohl im Voraus \u00fcber Zahlungslink-Links als auch vor Ort. Mit dem integrierten Revenue Management Tool k\u00f6nnen Sie au\u00dferdem Ihre Preise und Verf\u00fcgbarkeiten dynamisch anpassen. So k\u00f6nnen Sie optimal auf Angebot und Nachfrage reagieren und Ihre Einnahmen maximieren.<\/p><p><strong>Eigene Website mit Buchungsmodul<\/strong><\/p><p>Durch die M\u00f6glichkeit, Ihre eigene Website mit dem Buchungsmodul zu verkn\u00fcpfen, k\u00f6nnen G\u00e4ste direkt \u00fcber Ihre Website buchen, ohne dass externe Plattformen eingeschaltet werden m\u00fcssen. Dies erh\u00f6ht nicht nur die Zufriedenheit der G\u00e4ste, sondern auch die Kontrolle \u00fcber Ihre Buchungen und Gewinne.<\/p>\t\t\t\t\t\t\t\t<\/div>\n\t\t\t\t<\/div>\n\t\t\t\t<\/div>\n\t\t<div class=\"elementor-element elementor-element-4baaec9e e-con-full e-flex e-con e-child\" data-id=\"4baaec9e\" data-element_type=\"container\" data-e-type=\"container\">\n\t\t\t\t<div class=\"elementor-element elementor-element-4cb43f40 elementor-widget elementor-widget-image\" data-id=\"4cb43f40\" data-element_type=\"widget\" data-e-type=\"widget\" data-widget_type=\"image.default\">\n\t\t\t\t<div class=\"elementor-widget-container\">\n\t\t\t\t\t\t\t\t\t\t\t\t\t\t\t<img fetchpriority=\"high\" decoding=\"async\" width=\"1280\" height=\"853\" src=\"https:\/\/lodgegate.com\/wp-content\/uploads\/2024\/11\/lake-7555558_1280.jpg\" class=\"attachment-full size-full wp-image-3317\" alt=\"\" srcset=\"https:\/\/lodgegate.com\/wp-content\/uploads\/2024\/11\/lake-7555558_1280.jpg 1280w, https:\/\/lodgegate.com\/wp-content\/uploads\/2024\/11\/lake-7555558_1280-300x200.jpg 300w, https:\/\/lodgegate.com\/wp-content\/uploads\/2024\/11\/lake-7555558_1280-1024x682.jpg 1024w, https:\/\/lodgegate.com\/wp-content\/uploads\/2024\/11\/lake-7555558_1280-768x512.jpg 768w, https:\/\/lodgegate.com\/wp-content\/uploads\/2024\/11\/lake-7555558_1280-18x12.jpg 18w, https:\/\/lodgegate.com\/wp-content\/uploads\/2024\/11\/lake-7555558_1280-272x182.jpg 272w\" sizes=\"(max-width: 1280px) 100vw, 1280px\" \/>\t\t\t\t\t\t\t\t\t\t\t\t\t\t\t<\/div>\n\t\t\t\t<\/div>\n\t\t\t\t<div class=\"elementor-element elementor-element-6214a9e elementor-widget elementor-widget-image\" data-id=\"6214a9e\" data-element_type=\"widget\" data-e-type=\"widget\" data-widget_type=\"image.default\">\n\t\t\t\t<div class=\"elementor-widget-container\">\n\t\t\t\t\t\t\t\t\t\t\t\t\t\t\t<img decoding=\"async\" width=\"1718\" height=\"503\" src=\"https:\/\/lodgegate.com\/wp-content\/uploads\/2024\/10\/logo-LG-recreational-2024.png\" class=\"attachment-full size-full wp-image-2781\" alt=\"\" srcset=\"https:\/\/lodgegate.com\/wp-content\/uploads\/2024\/10\/logo-LG-recreational-2024.png 1718w, https:\/\/lodgegate.com\/wp-content\/uploads\/2024\/10\/logo-LG-recreational-2024-300x88.png 300w, https:\/\/lodgegate.com\/wp-content\/uploads\/2024\/10\/logo-LG-recreational-2024-1024x300.png 1024w, https:\/\/lodgegate.com\/wp-content\/uploads\/2024\/10\/logo-LG-recreational-2024-768x225.png 768w, https:\/\/lodgegate.com\/wp-content\/uploads\/2024\/10\/logo-LG-recreational-2024-1536x450.png 1536w, https:\/\/lodgegate.com\/wp-content\/uploads\/2024\/10\/logo-LG-recreational-2024-18x5.png 18w\" sizes=\"(max-width: 1718px) 100vw, 1718px\" \/>\t\t\t\t\t\t\t\t\t\t\t\t\t\t\t<\/div>\n\t\t\t\t<\/div>\n\t\t\t\t<\/div>\n\t\t\t\t\t<\/div>\n\t\t\t\t<\/div>\n\t\t<div class=\"elementor-element elementor-element-59998ffc e-flex e-con-boxed e-con e-parent\" data-id=\"59998ffc\" data-element_type=\"container\" data-e-type=\"container\">\n\t\t\t\t\t<div class=\"e-con-inner\">\n\t\t\t\t\t<\/div>\n\t\t\t\t<\/div>\n\t\t<div class=\"elementor-element elementor-element-28eea6d1 e-flex e-con-boxed e-con e-parent\" data-id=\"28eea6d1\" data-element_type=\"container\" data-e-type=\"container\">\n\t\t\t\t\t<div class=\"e-con-inner\">\n\t\t\t\t\t<\/div>\n\t\t\t\t<\/div>\n\t\t<div class=\"elementor-element elementor-element-76f90a21 e-flex e-con-boxed e-con e-parent\" data-id=\"76f90a21\" data-element_type=\"container\" data-e-type=\"container\">\n\t\t\t\t\t<div class=\"e-con-inner\">\n\t\t\t\t\t<\/div>\n\t\t\t\t<\/div>\n\t\t<div class=\"elementor-element elementor-element-2da24cf2 e-flex e-con-boxed e-con e-parent\" data-id=\"2da24cf2\" data-element_type=\"container\" data-e-type=\"container\">\n\t\t\t\t\t<div class=\"e-con-inner\">\n\t\t\t\t\t<\/div>\n\t\t\t\t<\/div>\n\t\t\t\t<\/div>","protected":false},"excerpt":{"rendered":"<p>LodgeGate Recreational Verwalten Sie Reservierungen einfach und effizient Mit unserem fortschrittlichen System verwalten Sie Reservierungen einfach und optimal. Dank der automatischen Eingabe von Reservierungen \u00fcber verschiedene...<\/p>","protected":false},"author":1,"featured_media":0,"parent":0,"menu_order":0,"comment_status":"closed","ping_status":"closed","template":"","meta":{"jetpack_post_was_ever_published":false,"footnotes":""},"class_list":["post-2693","page","type-page","status-publish","hentry"],"yoast_head":"<!-- This site is optimized with the Yoast SEO plugin v27.4 - https:\/\/yoast.com\/product\/yoast-seo-wordpress\/ -->\n<title>LodgeGate PMS Recreational - LodgeGate PMS<\/title>\n<meta name=\"robots\" content=\"noindex, follow\" \/>\n<meta property=\"og:locale\" content=\"de_DE\" \/>\n<meta property=\"og:type\" content=\"article\" \/>\n<meta property=\"og:title\" content=\"LodgeGate PMS Recreational - LodgeGate PMS\" \/>\n<meta property=\"og:description\" content=\"LodgeGate Recreational Beheer reserveringen eenvoudig en effici\u00ebnt Met ons geavanceerde systeem beheer je reserveringen eenvoudig en optimaal. Dankzij de automatische invoer van reserveringen via verschillende&hellip;\" \/>\n<meta property=\"og:url\" content=\"https:\/\/lodgegate.com\/de\/lodgegate-recreational\/\" \/>\n<meta property=\"og:site_name\" content=\"LodgeGate PMS\" \/>\n<meta property=\"article:publisher\" content=\"https:\/\/www.facebook.com\/LodgeGate.HotelsOnline\/\" \/>\n<meta property=\"article:modified_time\" content=\"2024-11-07T21:06:10+00:00\" \/>\n<meta property=\"og:image\" content=\"https:\/\/lodgegate.com\/wp-content\/uploads\/2024\/11\/lake-7555558_1280.jpg\" \/>\n\t<meta property=\"og:image:width\" content=\"1280\" \/>\n\t<meta property=\"og:image:height\" content=\"853\" \/>\n\t<meta property=\"og:image:type\" content=\"image\/jpeg\" \/>\n<meta name=\"twitter:card\" content=\"summary_large_image\" \/>\n<meta name=\"twitter:label1\" content=\"Gesch\u00e4tzte Lesezeit\" \/>\n\t<meta name=\"twitter:data1\" content=\"2\u00a0Minuten\" \/>\n<script type=\"application\/ld+json\" class=\"yoast-schema-graph\">{\"@context\":\"https:\\\/\\\/schema.org\",\"@graph\":[{\"@type\":\"WebPage\",\"@id\":\"https:\\\/\\\/lodgegate.com\\\/lodgegate-recreational\\\/\",\"url\":\"https:\\\/\\\/lodgegate.com\\\/lodgegate-recreational\\\/\",\"name\":\"LodgeGate PMS Recreational - LodgeGate PMS\",\"isPartOf\":{\"@id\":\"https:\\\/\\\/lodgegate.com\\\/#website\"},\"primaryImageOfPage\":{\"@id\":\"https:\\\/\\\/lodgegate.com\\\/lodgegate-recreational\\\/#primaryimage\"},\"image\":{\"@id\":\"https:\\\/\\\/lodgegate.com\\\/lodgegate-recreational\\\/#primaryimage\"},\"thumbnailUrl\":\"http:\\\/\\\/lodgegate.com\\\/wp-content\\\/uploads\\\/2024\\\/11\\\/lake-7555558_1280.jpg\",\"datePublished\":\"2024-10-27T18:28:12+00:00\",\"dateModified\":\"2024-11-07T21:06:10+00:00\",\"breadcrumb\":{\"@id\":\"https:\\\/\\\/lodgegate.com\\\/lodgegate-recreational\\\/#breadcrumb\"},\"inLanguage\":\"de\",\"potentialAction\":[{\"@type\":\"ReadAction\",\"target\":[\"https:\\\/\\\/lodgegate.com\\\/lodgegate-recreational\\\/\"]}]},{\"@type\":\"ImageObject\",\"inLanguage\":\"de\",\"@id\":\"https:\\\/\\\/lodgegate.com\\\/lodgegate-recreational\\\/#primaryimage\",\"url\":\"http:\\\/\\\/lodgegate.com\\\/wp-content\\\/uploads\\\/2024\\\/11\\\/lake-7555558_1280.jpg\",\"contentUrl\":\"http:\\\/\\\/lodgegate.com\\\/wp-content\\\/uploads\\\/2024\\\/11\\\/lake-7555558_1280.jpg\"},{\"@type\":\"BreadcrumbList\",\"@id\":\"https:\\\/\\\/lodgegate.com\\\/lodgegate-recreational\\\/#breadcrumb\",\"itemListElement\":[{\"@type\":\"ListItem\",\"position\":1,\"name\":\"Home\",\"item\":\"https:\\\/\\\/lodgegate.com\\\/\"},{\"@type\":\"ListItem\",\"position\":2,\"name\":\"LodgeGate PMS Recreational\"}]},{\"@type\":\"WebSite\",\"@id\":\"https:\\\/\\\/lodgegate.com\\\/#website\",\"url\":\"https:\\\/\\\/lodgegate.com\\\/\",\"name\":\"LodgeGate PMS\",\"description\":\"Hotelier reserveringssoftware met kanalen distributie\",\"publisher\":{\"@id\":\"https:\\\/\\\/lodgegate.com\\\/#organization\"},\"potentialAction\":[{\"@type\":\"SearchAction\",\"target\":{\"@type\":\"EntryPoint\",\"urlTemplate\":\"https:\\\/\\\/lodgegate.com\\\/?s={search_term_string}\"},\"query-input\":{\"@type\":\"PropertyValueSpecification\",\"valueRequired\":true,\"valueName\":\"search_term_string\"}}],\"inLanguage\":\"de\"},{\"@type\":\"Organization\",\"@id\":\"https:\\\/\\\/lodgegate.com\\\/#organization\",\"name\":\"Hotels Online BV\",\"url\":\"https:\\\/\\\/lodgegate.com\\\/\",\"logo\":{\"@type\":\"ImageObject\",\"inLanguage\":\"de\",\"@id\":\"https:\\\/\\\/lodgegate.com\\\/#\\\/schema\\\/logo\\\/image\\\/\",\"url\":\"http:\\\/\\\/lodgegate.com\\\/wp-content\\\/uploads\\\/2014\\\/06\\\/logo-hotelsonline-geenwebsi.jpg\",\"contentUrl\":\"http:\\\/\\\/lodgegate.com\\\/wp-content\\\/uploads\\\/2014\\\/06\\\/logo-hotelsonline-geenwebsi.jpg\",\"width\":485,\"height\":107,\"caption\":\"Hotels Online BV\"},\"image\":{\"@id\":\"https:\\\/\\\/lodgegate.com\\\/#\\\/schema\\\/logo\\\/image\\\/\"},\"sameAs\":[\"https:\\\/\\\/www.facebook.com\\\/LodgeGate.HotelsOnline\\\/\"]}]}<\/script>\n<!-- \/ Yoast SEO plugin. -->","yoast_head_json":{"title":"LodgeGate PMS Freizeit - LodgeGate PMS","robots":{"index":"noindex","follow":"follow"},"og_locale":"de_DE","og_type":"article","og_title":"LodgeGate PMS Recreational - LodgeGate PMS","og_description":"LodgeGate Recreational Beheer reserveringen eenvoudig en effici\u00ebnt Met ons geavanceerde systeem beheer je reserveringen eenvoudig en optimaal. Dankzij de automatische invoer van reserveringen via verschillende&hellip;","og_url":"https:\/\/lodgegate.com\/de\/lodgegate-recreational\/","og_site_name":"LodgeGate PMS","article_publisher":"https:\/\/www.facebook.com\/LodgeGate.HotelsOnline\/","article_modified_time":"2024-11-07T21:06:10+00:00","og_image":[{"width":1280,"height":853,"url":"https:\/\/lodgegate.com\/wp-content\/uploads\/2024\/11\/lake-7555558_1280.jpg","type":"image\/jpeg"}],"twitter_card":"summary_large_image","twitter_misc":{"Gesch\u00e4tzte Lesezeit":"2\u00a0Minuten"},"schema":{"@context":"https:\/\/schema.org","@graph":[{"@type":"WebPage","@id":"https:\/\/lodgegate.com\/lodgegate-recreational\/","url":"https:\/\/lodgegate.com\/lodgegate-recreational\/","name":"LodgeGate PMS Freizeit - LodgeGate PMS","isPartOf":{"@id":"https:\/\/lodgegate.com\/#website"},"primaryImageOfPage":{"@id":"https:\/\/lodgegate.com\/lodgegate-recreational\/#primaryimage"},"image":{"@id":"https:\/\/lodgegate.com\/lodgegate-recreational\/#primaryimage"},"thumbnailUrl":"http:\/\/lodgegate.com\/wp-content\/uploads\/2024\/11\/lake-7555558_1280.jpg","datePublished":"2024-10-27T18:28:12+00:00","dateModified":"2024-11-07T21:06:10+00:00","breadcrumb":{"@id":"https:\/\/lodgegate.com\/lodgegate-recreational\/#breadcrumb"},"inLanguage":"de","potentialAction":[{"@type":"ReadAction","target":["https:\/\/lodgegate.com\/lodgegate-recreational\/"]}]},{"@type":"ImageObject","inLanguage":"de","@id":"https:\/\/lodgegate.com\/lodgegate-recreational\/#primaryimage","url":"http:\/\/lodgegate.com\/wp-content\/uploads\/2024\/11\/lake-7555558_1280.jpg","contentUrl":"http:\/\/lodgegate.com\/wp-content\/uploads\/2024\/11\/lake-7555558_1280.jpg"},{"@type":"BreadcrumbList","@id":"https:\/\/lodgegate.com\/lodgegate-recreational\/#breadcrumb","itemListElement":[{"@type":"ListItem","position":1,"name":"Home","item":"https:\/\/lodgegate.com\/"},{"@type":"ListItem","position":2,"name":"LodgeGate PMS Recreational"}]},{"@type":"WebSite","@id":"https:\/\/lodgegate.com\/#website","url":"https:\/\/lodgegate.com\/","name":"LodgeGate PMS","description":"Reservierungssoftware f\u00fcr Hoteliers mit Vertriebskanal","publisher":{"@id":"https:\/\/lodgegate.com\/#organization"},"potentialAction":[{"@type":"SearchAction","target":{"@type":"EntryPoint","urlTemplate":"https:\/\/lodgegate.com\/?s={search_term_string}"},"query-input":{"@type":"PropertyValueSpecification","valueRequired":true,"valueName":"search_term_string"}}],"inLanguage":"de"},{"@type":"Organization","@id":"https:\/\/lodgegate.com\/#organization","name":"Hotels Online BV","url":"https:\/\/lodgegate.com\/","logo":{"@type":"ImageObject","inLanguage":"de","@id":"https:\/\/lodgegate.com\/#\/schema\/logo\/image\/","url":"http:\/\/lodgegate.com\/wp-content\/uploads\/2014\/06\/logo-hotelsonline-geenwebsi.jpg","contentUrl":"http:\/\/lodgegate.com\/wp-content\/uploads\/2014\/06\/logo-hotelsonline-geenwebsi.jpg","width":485,"height":107,"caption":"Hotels Online BV"},"image":{"@id":"https:\/\/lodgegate.com\/#\/schema\/logo\/image\/"},"sameAs":["https:\/\/www.facebook.com\/LodgeGate.HotelsOnline\/"]}]}},"jetpack_sharing_enabled":true,"jetpack_shortlink":"https:\/\/wp.me\/PfM5DF-Hr","_links":{"self":[{"href":"https:\/\/lodgegate.com\/de\/wp-json\/wp\/v2\/pages\/2693","targetHints":{"allow":["GET"]}}],"collection":[{"href":"https:\/\/lodgegate.com\/de\/wp-json\/wp\/v2\/pages"}],"about":[{"href":"https:\/\/lodgegate.com\/de\/wp-json\/wp\/v2\/types\/page"}],"author":[{"embeddable":true,"href":"https:\/\/lodgegate.com\/de\/wp-json\/wp\/v2\/users\/1"}],"replies":[{"embeddable":true,"href":"https:\/\/lodgegate.com\/de\/wp-json\/wp\/v2\/comments?post=2693"}],"version-history":[{"count":20,"href":"https:\/\/lodgegate.com\/de\/wp-json\/wp\/v2\/pages\/2693\/revisions"}],"predecessor-version":[{"id":3653,"href":"https:\/\/lodgegate.com\/de\/wp-json\/wp\/v2\/pages\/2693\/revisions\/3653"}],"wp:attachment":[{"href":"https:\/\/lodgegate.com\/de\/wp-json\/wp\/v2\/media?parent=2693"}],"curies":[{"name":"wp","href":"https:\/\/api.w.org\/{rel}","templated":true}]}}