{"id":2699,"date":"2024-10-27T18:28:47","date_gmt":"2024-10-27T18:28:47","guid":{"rendered":"https:\/\/lodgegate.com\/?page_id=2699"},"modified":"2024-11-08T10:49:42","modified_gmt":"2024-11-08T10:49:42","slug":"lodgegate-hotel","status":"publish","type":"page","link":"https:\/\/lodgegate.com\/de\/lodgegate-hotel\/","title":{"rendered":"LodgeGate PMS Hotel"},"content":{"rendered":"<div data-elementor-type=\"wp-page\" data-elementor-id=\"2699\" class=\"elementor elementor-2699\">\n\t\t\t\t<div class=\"elementor-element elementor-element-19460b43 e-flex e-con-boxed e-con e-parent\" data-id=\"19460b43\" data-element_type=\"container\" data-e-type=\"container\">\n\t\t\t\t\t<div class=\"e-con-inner\">\n\t\t<div class=\"elementor-element elementor-element-489a5440 e-con-full e-flex e-con e-child\" data-id=\"489a5440\" data-element_type=\"container\" data-e-type=\"container\">\n\t\t\t\t<div class=\"elementor-element elementor-element-606f4279 elementor-widget elementor-widget-heading\" data-id=\"606f4279\" data-element_type=\"widget\" data-e-type=\"widget\" data-widget_type=\"heading.default\">\n\t\t\t\t<div class=\"elementor-widget-container\">\n\t\t\t\t\t<h2 class=\"elementor-heading-title elementor-size-default\">LodgeGate Hotel<\/h2>\t\t\t\t<\/div>\n\t\t\t\t<\/div>\n\t\t\t\t<div class=\"elementor-element elementor-element-4d36a1b elementor-widget elementor-widget-text-editor\" data-id=\"4d36a1b\" data-element_type=\"widget\" data-e-type=\"widget\" data-widget_type=\"text-editor.default\">\n\t\t\t\t<div class=\"elementor-widget-container\">\n\t\t\t\t\t\t\t\t\t<p><strong>Verwalten Sie Reservierungen einfach und effizient<\/strong><\/p>\n<p>Mit unserem fortschrittlichen System k\u00f6nnen Sie Reservierungen einfach verwalten und optimieren. Dank der automatischen Eingabe von Reservierungen \u00fcber die Vertriebskan\u00e4le ist der Prozess vollst\u00e4ndig automatisiert. Ihre Reservierungen kommen direkt und ohne manuelle Eingabe an, was Zeit spart und Fehler vermeidet.<\/p>\n<p><b>Nahtlose Integration der Verk\u00e4ufe der Abteilungen<\/b><\/p>\n<p>Auch die Ums\u00e4tze aus anderen Abteilungen, wie Restaurant oder Wellness, werden m\u00fchelos in das Reservierungssystem \u00fcbertragen. So haben Sie immer einen vollst\u00e4ndigen \u00dcberblick \u00fcber alle Umsatzstr\u00f6me in Ihrem Hotel. Die Rechnungsstellung erfolgt einfach und schnell mit einem Klick, so dass Sie keine Zeit mehr f\u00fcr administrative Aufgaben aufwenden m\u00fcssen.<\/p>\n<p><b>Vollst\u00e4ndige Berichterstattung und Dashboard<\/b><\/p>\n<p>Mit unseren umfangreichen Berichtsfunktionen haben Sie jederzeit Einblick in die Leistung Ihres Hotels. Das \u00fcbersichtliche Dashboard liefert Echtzeitdaten zu Ihren Reservierungen, Ums\u00e4tzen, Belegungen und mehr. So k\u00f6nnen Sie immer schnell auf Ver\u00e4nderungen reagieren und Ihre Entscheidungen auf aktuelle Zahlen st\u00fctzen.<\/p>\n<p><b>Zahlungsverbindungen und Einnahmenverwaltung<\/b><\/p>\n<p>Unser System bietet nahtlose Zahlungsverbindungen, so dass Zahlungen schnell und sicher verarbeitet werden. Dar\u00fcber hinaus k\u00f6nnen Sie mit dem integrierten Revenue Management Tool Ihre Preise und Verf\u00fcgbarkeiten dynamisch anpassen. So k\u00f6nnen Sie optimal auf Angebot und Nachfrage reagieren und Ihre Einnahmen maximieren.<\/p>\n<p><b>Eigene Website mit Buchungsmodul<\/b><\/p>\n<p>Mit der M\u00f6glichkeit, Ihre eigene Website mit dem Buchungsmodul zu verkn\u00fcpfen, k\u00f6nnen G\u00e4ste direkt \u00fcber Ihre Website buchen, ohne \u00fcber externe Plattformen zu gehen. Dies tr\u00e4gt nicht nur zur Verbesserung der G\u00e4stezufriedenheit bei, sondern erh\u00f6ht auch die Kontrolle \u00fcber Ihre Buchungen und Ihre Gewinne.<\/p>\t\t\t\t\t\t\t\t<\/div>\n\t\t\t\t<\/div>\n\t\t\t\t<\/div>\n\t\t<div class=\"elementor-element elementor-element-63d362f3 e-con-full e-flex e-con e-child\" data-id=\"63d362f3\" data-element_type=\"container\" data-e-type=\"container\">\n\t\t\t\t<div class=\"elementor-element elementor-element-21149210 elementor-widget elementor-widget-image\" data-id=\"21149210\" data-element_type=\"widget\" data-e-type=\"widget\" data-widget_type=\"image.default\">\n\t\t\t\t<div class=\"elementor-widget-container\">\n\t\t\t\t\t\t\t\t\t\t\t\t\t\t\t<img fetchpriority=\"high\" decoding=\"async\" width=\"1920\" height=\"1280\" src=\"https:\/\/lodgegate.com\/wp-content\/uploads\/2024\/11\/people-2593251_1920.webp\" class=\"attachment-full size-full wp-image-3391\" alt=\"\" srcset=\"https:\/\/lodgegate.com\/wp-content\/uploads\/2024\/11\/people-2593251_1920.webp 1920w, https:\/\/lodgegate.com\/wp-content\/uploads\/2024\/11\/people-2593251_1920-300x200.webp 300w, https:\/\/lodgegate.com\/wp-content\/uploads\/2024\/11\/people-2593251_1920-1024x683.webp 1024w, https:\/\/lodgegate.com\/wp-content\/uploads\/2024\/11\/people-2593251_1920-768x512.webp 768w, https:\/\/lodgegate.com\/wp-content\/uploads\/2024\/11\/people-2593251_1920-1536x1024.webp 1536w, https:\/\/lodgegate.com\/wp-content\/uploads\/2024\/11\/people-2593251_1920-18x12.webp 18w, https:\/\/lodgegate.com\/wp-content\/uploads\/2024\/11\/people-2593251_1920-272x182.webp 272w\" sizes=\"(max-width: 1920px) 100vw, 1920px\" \/>\t\t\t\t\t\t\t\t\t\t\t\t\t\t\t<\/div>\n\t\t\t\t<\/div>\n\t\t\t\t<div class=\"elementor-element elementor-element-0e71fb2 elementor-widget elementor-widget-image\" data-id=\"0e71fb2\" data-element_type=\"widget\" data-e-type=\"widget\" data-widget_type=\"image.default\">\n\t\t\t\t<div class=\"elementor-widget-container\">\n\t\t\t\t\t\t\t\t\t\t\t\t\t\t\t<img decoding=\"async\" width=\"1718\" height=\"503\" src=\"https:\/\/lodgegate.com\/wp-content\/uploads\/2024\/11\/logo-LG-Hotel-2024.webp\" class=\"attachment-full size-full wp-image-3622\" alt=\"\" srcset=\"https:\/\/lodgegate.com\/wp-content\/uploads\/2024\/11\/logo-LG-Hotel-2024.webp 1718w, https:\/\/lodgegate.com\/wp-content\/uploads\/2024\/11\/logo-LG-Hotel-2024-300x88.webp 300w, https:\/\/lodgegate.com\/wp-content\/uploads\/2024\/11\/logo-LG-Hotel-2024-1024x300.webp 1024w, https:\/\/lodgegate.com\/wp-content\/uploads\/2024\/11\/logo-LG-Hotel-2024-768x225.webp 768w, https:\/\/lodgegate.com\/wp-content\/uploads\/2024\/11\/logo-LG-Hotel-2024-1536x450.webp 1536w, https:\/\/lodgegate.com\/wp-content\/uploads\/2024\/11\/logo-LG-Hotel-2024-18x5.webp 18w\" sizes=\"(max-width: 1718px) 100vw, 1718px\" \/>\t\t\t\t\t\t\t\t\t\t\t\t\t\t\t<\/div>\n\t\t\t\t<\/div>\n\t\t\t\t<\/div>\n\t\t\t\t\t<\/div>\n\t\t\t\t<\/div>\n\t\t<div class=\"elementor-element elementor-element-7cff2894 e-flex e-con-boxed e-con e-parent\" data-id=\"7cff2894\" data-element_type=\"container\" data-e-type=\"container\">\n\t\t\t\t\t<div class=\"e-con-inner\">\n\t\t\t\t\t<\/div>\n\t\t\t\t<\/div>\n\t\t<div class=\"elementor-element elementor-element-b108e8b e-flex e-con-boxed e-con e-parent\" data-id=\"b108e8b\" data-element_type=\"container\" data-e-type=\"container\">\n\t\t\t\t\t<div class=\"e-con-inner\">\n\t\t\t\t\t<\/div>\n\t\t\t\t<\/div>\n\t\t<div class=\"elementor-element elementor-element-5c50d1e1 e-flex e-con-boxed e-con e-parent\" data-id=\"5c50d1e1\" data-element_type=\"container\" data-e-type=\"container\">\n\t\t\t\t\t<div class=\"e-con-inner\">\n\t\t\t\t\t<\/div>\n\t\t\t\t<\/div>\n\t\t<div class=\"elementor-element elementor-element-181fd213 e-flex e-con-boxed e-con e-parent\" data-id=\"181fd213\" data-element_type=\"container\" data-e-type=\"container\">\n\t\t\t\t\t<div class=\"e-con-inner\">\n\t\t\t\t\t<\/div>\n\t\t\t\t<\/div>\n\t\t\t\t<\/div>","protected":false},"excerpt":{"rendered":"<p>LodgeGate Hotel Verwalten Sie Reservierungen einfach und effizient Mit unserem fortschrittlichen System k\u00f6nnen Sie Reservierungen einfach verwalten und optimieren. Dank der automatischen Eingabe von Reservierungen \u00fcber...<\/p>","protected":false},"author":1,"featured_media":0,"parent":0,"menu_order":0,"comment_status":"closed","ping_status":"closed","template":"","meta":{"jetpack_post_was_ever_published":false,"footnotes":""},"class_list":["post-2699","page","type-page","status-publish","hentry"],"yoast_head":"<!-- This site is optimized with the Yoast SEO plugin v27.4 - https:\/\/yoast.com\/product\/yoast-seo-wordpress\/ -->\n<title>LodgeGate PMS Hotel - LodgeGate PMS<\/title>\n<meta name=\"robots\" content=\"noindex, follow\" \/>\n<meta property=\"og:locale\" content=\"de_DE\" \/>\n<meta property=\"og:type\" content=\"article\" \/>\n<meta property=\"og:title\" content=\"LodgeGate PMS Hotel - LodgeGate PMS\" \/>\n<meta property=\"og:description\" content=\"LodgeGate Hotel Beheer reserveringen eenvoudig en effici\u00ebnt Met ons geavanceerde systeem kun je reserveringen eenvoudig beheren en optimaliseren. Dankzij de automatische invoer van reserveringen via&hellip;\" \/>\n<meta property=\"og:url\" content=\"https:\/\/lodgegate.com\/de\/lodgegate-hotel\/\" \/>\n<meta property=\"og:site_name\" content=\"LodgeGate PMS\" \/>\n<meta property=\"article:publisher\" content=\"https:\/\/www.facebook.com\/LodgeGate.HotelsOnline\/\" \/>\n<meta property=\"article:modified_time\" content=\"2024-11-08T10:49:42+00:00\" \/>\n<meta property=\"og:image\" content=\"https:\/\/lodgegate.com\/wp-content\/uploads\/2024\/11\/people-2593251_1920.webp\" \/>\n\t<meta property=\"og:image:width\" content=\"1920\" \/>\n\t<meta property=\"og:image:height\" content=\"1280\" \/>\n\t<meta property=\"og:image:type\" content=\"image\/webp\" \/>\n<meta name=\"twitter:card\" content=\"summary_large_image\" \/>\n<meta name=\"twitter:label1\" content=\"Gesch\u00e4tzte Lesezeit\" \/>\n\t<meta name=\"twitter:data1\" content=\"2\u00a0Minuten\" \/>\n<script type=\"application\/ld+json\" class=\"yoast-schema-graph\">{\"@context\":\"https:\\\/\\\/schema.org\",\"@graph\":[{\"@type\":\"WebPage\",\"@id\":\"https:\\\/\\\/lodgegate.com\\\/lodgegate-hotel\\\/\",\"url\":\"https:\\\/\\\/lodgegate.com\\\/lodgegate-hotel\\\/\",\"name\":\"LodgeGate PMS Hotel - LodgeGate PMS\",\"isPartOf\":{\"@id\":\"https:\\\/\\\/lodgegate.com\\\/#website\"},\"primaryImageOfPage\":{\"@id\":\"https:\\\/\\\/lodgegate.com\\\/lodgegate-hotel\\\/#primaryimage\"},\"image\":{\"@id\":\"https:\\\/\\\/lodgegate.com\\\/lodgegate-hotel\\\/#primaryimage\"},\"thumbnailUrl\":\"http:\\\/\\\/lodgegate.com\\\/wp-content\\\/uploads\\\/2024\\\/11\\\/people-2593251_1920.webp\",\"datePublished\":\"2024-10-27T18:28:47+00:00\",\"dateModified\":\"2024-11-08T10:49:42+00:00\",\"breadcrumb\":{\"@id\":\"https:\\\/\\\/lodgegate.com\\\/lodgegate-hotel\\\/#breadcrumb\"},\"inLanguage\":\"de\",\"potentialAction\":[{\"@type\":\"ReadAction\",\"target\":[\"https:\\\/\\\/lodgegate.com\\\/lodgegate-hotel\\\/\"]}]},{\"@type\":\"ImageObject\",\"inLanguage\":\"de\",\"@id\":\"https:\\\/\\\/lodgegate.com\\\/lodgegate-hotel\\\/#primaryimage\",\"url\":\"http:\\\/\\\/lodgegate.com\\\/wp-content\\\/uploads\\\/2024\\\/11\\\/people-2593251_1920.webp\",\"contentUrl\":\"http:\\\/\\\/lodgegate.com\\\/wp-content\\\/uploads\\\/2024\\\/11\\\/people-2593251_1920.webp\"},{\"@type\":\"BreadcrumbList\",\"@id\":\"https:\\\/\\\/lodgegate.com\\\/lodgegate-hotel\\\/#breadcrumb\",\"itemListElement\":[{\"@type\":\"ListItem\",\"position\":1,\"name\":\"Home\",\"item\":\"https:\\\/\\\/lodgegate.com\\\/\"},{\"@type\":\"ListItem\",\"position\":2,\"name\":\"LodgeGate PMS Hotel\"}]},{\"@type\":\"WebSite\",\"@id\":\"https:\\\/\\\/lodgegate.com\\\/#website\",\"url\":\"https:\\\/\\\/lodgegate.com\\\/\",\"name\":\"LodgeGate PMS\",\"description\":\"Hotelier reserveringssoftware met kanalen distributie\",\"publisher\":{\"@id\":\"https:\\\/\\\/lodgegate.com\\\/#organization\"},\"potentialAction\":[{\"@type\":\"SearchAction\",\"target\":{\"@type\":\"EntryPoint\",\"urlTemplate\":\"https:\\\/\\\/lodgegate.com\\\/?s={search_term_string}\"},\"query-input\":{\"@type\":\"PropertyValueSpecification\",\"valueRequired\":true,\"valueName\":\"search_term_string\"}}],\"inLanguage\":\"de\"},{\"@type\":\"Organization\",\"@id\":\"https:\\\/\\\/lodgegate.com\\\/#organization\",\"name\":\"Hotels Online BV\",\"url\":\"https:\\\/\\\/lodgegate.com\\\/\",\"logo\":{\"@type\":\"ImageObject\",\"inLanguage\":\"de\",\"@id\":\"https:\\\/\\\/lodgegate.com\\\/#\\\/schema\\\/logo\\\/image\\\/\",\"url\":\"http:\\\/\\\/lodgegate.com\\\/wp-content\\\/uploads\\\/2014\\\/06\\\/logo-hotelsonline-geenwebsi.jpg\",\"contentUrl\":\"http:\\\/\\\/lodgegate.com\\\/wp-content\\\/uploads\\\/2014\\\/06\\\/logo-hotelsonline-geenwebsi.jpg\",\"width\":485,\"height\":107,\"caption\":\"Hotels Online BV\"},\"image\":{\"@id\":\"https:\\\/\\\/lodgegate.com\\\/#\\\/schema\\\/logo\\\/image\\\/\"},\"sameAs\":[\"https:\\\/\\\/www.facebook.com\\\/LodgeGate.HotelsOnline\\\/\"]}]}<\/script>\n<!-- \/ Yoast SEO plugin. -->","yoast_head_json":{"title":"LodgeGate PMS Hotel - LodgeGate PMS","robots":{"index":"noindex","follow":"follow"},"og_locale":"de_DE","og_type":"article","og_title":"LodgeGate PMS Hotel - LodgeGate PMS","og_description":"LodgeGate Hotel Beheer reserveringen eenvoudig en effici\u00ebnt Met ons geavanceerde systeem kun je reserveringen eenvoudig beheren en optimaliseren. Dankzij de automatische invoer van reserveringen via&hellip;","og_url":"https:\/\/lodgegate.com\/de\/lodgegate-hotel\/","og_site_name":"LodgeGate PMS","article_publisher":"https:\/\/www.facebook.com\/LodgeGate.HotelsOnline\/","article_modified_time":"2024-11-08T10:49:42+00:00","og_image":[{"width":1920,"height":1280,"url":"https:\/\/lodgegate.com\/wp-content\/uploads\/2024\/11\/people-2593251_1920.webp","type":"image\/webp"}],"twitter_card":"summary_large_image","twitter_misc":{"Gesch\u00e4tzte Lesezeit":"2\u00a0Minuten"},"schema":{"@context":"https:\/\/schema.org","@graph":[{"@type":"WebPage","@id":"https:\/\/lodgegate.com\/lodgegate-hotel\/","url":"https:\/\/lodgegate.com\/lodgegate-hotel\/","name":"LodgeGate PMS Hotel - LodgeGate PMS","isPartOf":{"@id":"https:\/\/lodgegate.com\/#website"},"primaryImageOfPage":{"@id":"https:\/\/lodgegate.com\/lodgegate-hotel\/#primaryimage"},"image":{"@id":"https:\/\/lodgegate.com\/lodgegate-hotel\/#primaryimage"},"thumbnailUrl":"http:\/\/lodgegate.com\/wp-content\/uploads\/2024\/11\/people-2593251_1920.webp","datePublished":"2024-10-27T18:28:47+00:00","dateModified":"2024-11-08T10:49:42+00:00","breadcrumb":{"@id":"https:\/\/lodgegate.com\/lodgegate-hotel\/#breadcrumb"},"inLanguage":"de","potentialAction":[{"@type":"ReadAction","target":["https:\/\/lodgegate.com\/lodgegate-hotel\/"]}]},{"@type":"ImageObject","inLanguage":"de","@id":"https:\/\/lodgegate.com\/lodgegate-hotel\/#primaryimage","url":"http:\/\/lodgegate.com\/wp-content\/uploads\/2024\/11\/people-2593251_1920.webp","contentUrl":"http:\/\/lodgegate.com\/wp-content\/uploads\/2024\/11\/people-2593251_1920.webp"},{"@type":"BreadcrumbList","@id":"https:\/\/lodgegate.com\/lodgegate-hotel\/#breadcrumb","itemListElement":[{"@type":"ListItem","position":1,"name":"Home","item":"https:\/\/lodgegate.com\/"},{"@type":"ListItem","position":2,"name":"LodgeGate PMS Hotel"}]},{"@type":"WebSite","@id":"https:\/\/lodgegate.com\/#website","url":"https:\/\/lodgegate.com\/","name":"LodgeGate PMS","description":"Reservierungssoftware f\u00fcr Hoteliers mit Vertriebskanal","publisher":{"@id":"https:\/\/lodgegate.com\/#organization"},"potentialAction":[{"@type":"SearchAction","target":{"@type":"EntryPoint","urlTemplate":"https:\/\/lodgegate.com\/?s={search_term_string}"},"query-input":{"@type":"PropertyValueSpecification","valueRequired":true,"valueName":"search_term_string"}}],"inLanguage":"de"},{"@type":"Organization","@id":"https:\/\/lodgegate.com\/#organization","name":"Hotels Online BV","url":"https:\/\/lodgegate.com\/","logo":{"@type":"ImageObject","inLanguage":"de","@id":"https:\/\/lodgegate.com\/#\/schema\/logo\/image\/","url":"http:\/\/lodgegate.com\/wp-content\/uploads\/2014\/06\/logo-hotelsonline-geenwebsi.jpg","contentUrl":"http:\/\/lodgegate.com\/wp-content\/uploads\/2014\/06\/logo-hotelsonline-geenwebsi.jpg","width":485,"height":107,"caption":"Hotels Online BV"},"image":{"@id":"https:\/\/lodgegate.com\/#\/schema\/logo\/image\/"},"sameAs":["https:\/\/www.facebook.com\/LodgeGate.HotelsOnline\/"]}]}},"jetpack_sharing_enabled":true,"jetpack_shortlink":"https:\/\/wp.me\/PfM5DF-Hx","_links":{"self":[{"href":"https:\/\/lodgegate.com\/de\/wp-json\/wp\/v2\/pages\/2699","targetHints":{"allow":["GET"]}}],"collection":[{"href":"https:\/\/lodgegate.com\/de\/wp-json\/wp\/v2\/pages"}],"about":[{"href":"https:\/\/lodgegate.com\/de\/wp-json\/wp\/v2\/types\/page"}],"author":[{"embeddable":true,"href":"https:\/\/lodgegate.com\/de\/wp-json\/wp\/v2\/users\/1"}],"replies":[{"embeddable":true,"href":"https:\/\/lodgegate.com\/de\/wp-json\/wp\/v2\/comments?post=2699"}],"version-history":[{"count":35,"href":"https:\/\/lodgegate.com\/de\/wp-json\/wp\/v2\/pages\/2699\/revisions"}],"predecessor-version":[{"id":3725,"href":"https:\/\/lodgegate.com\/de\/wp-json\/wp\/v2\/pages\/2699\/revisions\/3725"}],"wp:attachment":[{"href":"https:\/\/lodgegate.com\/de\/wp-json\/wp\/v2\/media?parent=2699"}],"curies":[{"name":"wp","href":"https:\/\/api.w.org\/{rel}","templated":true}]}}