{"id":2983,"date":"2024-10-28T15:32:57","date_gmt":"2024-10-28T15:32:57","guid":{"rendered":"https:\/\/lodgegate.com\/?page_id=2983"},"modified":"2024-11-20T13:03:42","modified_gmt":"2024-11-20T12:03:42","slug":"lodgegate-pay","status":"publish","type":"page","link":"https:\/\/lodgegate.com\/de\/lodgegate-pay\/","title":{"rendered":"LodgeGate Pay"},"content":{"rendered":"<div data-elementor-type=\"wp-page\" data-elementor-id=\"2983\" class=\"elementor elementor-2983\">\n\t\t\t\t<div class=\"elementor-element elementor-element-c2fcec2 e-flex e-con-boxed e-con e-parent\" data-id=\"c2fcec2\" data-element_type=\"container\" data-e-type=\"container\">\n\t\t\t\t\t<div class=\"e-con-inner\">\n\t\t<div class=\"elementor-element elementor-element-3cdaecf e-con-full e-flex e-con e-child\" data-id=\"3cdaecf\" data-element_type=\"container\" data-e-type=\"container\">\n\t\t\t\t<div class=\"elementor-element elementor-element-c4e550b elementor-widget elementor-widget-heading\" data-id=\"c4e550b\" data-element_type=\"widget\" data-e-type=\"widget\" data-widget_type=\"heading.default\">\n\t\t\t\t<div class=\"elementor-widget-container\">\n\t\t\t\t\t<h2 class=\"elementor-heading-title elementor-size-default\">LodgeGate Pay<\/h2>\t\t\t\t<\/div>\n\t\t\t\t<\/div>\n\t\t\t\t<div class=\"elementor-element elementor-element-cdade63 elementor-widget elementor-widget-text-editor\" data-id=\"cdade63\" data-element_type=\"widget\" data-e-type=\"widget\" data-widget_type=\"text-editor.default\">\n\t\t\t\t<div class=\"elementor-widget-container\">\n\t\t\t\t\t\t\t\t\t<p><strong>Online-Zahlung in Partnerschaft mit PaybyLink: Einfach, schnell und sicher<\/strong><\/p><p>In einer Welt, in der Schnelligkeit und Bequemlichkeit immer wichtiger werden, bieten Online-Zahlungen die L\u00f6sung, wenn Sie nach effizienten M\u00f6glichkeiten zur Zahlungsabwicklung suchen. Online-Zahlungen gew\u00e4hrleisten nicht nur eine schnelle Transaktion, sondern erh\u00f6hen auch die Zufriedenheit Ihrer G\u00e4ste, da sie absolut sicher und zuverl\u00e4ssig sind. Mit nur wenigen Klicks k\u00f6nnen Ihre G\u00e4ste die Kasse \u00f6ffnen, ohne \u00c4rger oder Wartezeiten.<\/p><p><strong>Was ist ein Paylink?<\/strong><\/p><p>Ein Paylink ist eine sichere, personalisierte Zahlungsschaltfl\u00e4che, die einfach in einer E-Mail oder Textnachricht platziert werden kann. Die Funktionsweise ist einfach: Der Gast erh\u00e4lt eine E-Mail mit der Bezahlschaltfl\u00e4che, klickt darauf und gelangt direkt in eine sichere Zahlungsumgebung, um die Zahlung abzuschlie\u00dfen.<\/p><p><strong>Vorteile der Zahlung \u00fcber paylink<\/strong><\/p><ul><li><strong>Einfach zu benutzen<\/strong>Kunden m\u00fcssen nur auf den Link klicken und den Anweisungen folgen, ohne dass weitere Aktionen erforderlich sind.<\/li><li><strong>Schnell und zeitsparend<\/strong>Paylink: Ein Paylink bietet direkten Zugang zur Zahlung, ohne Zwischenh\u00e4ndler. Das spart Zeit und verringert das Risiko von Fehlern.<\/li><li><strong>Flexibilit\u00e4t bei den Zahlungsarten<\/strong>: Paylinks bieten oft verschiedene Zahlungsm\u00f6glichkeiten wie iDEAL, Kreditkarte, PayPal und mehr. So k\u00f6nnen die Kunden w\u00e4hlen, was am besten zu ihnen passt.<\/li><li><strong>Hohe Sicherheit<\/strong>: Paylinks sind absolut sicher und entsprechen den h\u00f6chsten Sicherheitsstandards f\u00fcr Online-Zahlungen, wie z.B. SSL-Verschl\u00fcsselung und Verifizierung in zwei Schritten.<\/li><li><strong>Praktische Verwaltung<\/strong>: Zahlungen \u00fcber einen Paylink sind direkt mit LodgeGate verkn\u00fcpft, was eine bessere Verwaltung ausstehender Betr\u00e4ge erm\u00f6glicht und Zahlungsverz\u00f6gerungen reduziert.<strong>\u00a0<\/strong><\/li><\/ul><p>Mit einem Online-Zahlungssystem und der M\u00f6glichkeit, schnell einen Paylink in E-Mails zu versenden, werden Zahlungen m\u00fchelos und ohne Verz\u00f6gerung abgewickelt. Das sorgt nicht nur f\u00fcr zufriedene G\u00e4ste, sondern hilft Ihnen auch, den Cashflow zu verbessern und effizienter zu arbeiten.<\/p>\t\t\t\t\t\t\t\t<\/div>\n\t\t\t\t<\/div>\n\t\t\t\t<\/div>\n\t\t<div class=\"elementor-element elementor-element-8b4c5ae e-con-full e-flex e-con e-child\" data-id=\"8b4c5ae\" data-element_type=\"container\" data-e-type=\"container\">\n\t\t\t\t<div class=\"elementor-element elementor-element-a4af535 elementor-widget elementor-widget-image\" data-id=\"a4af535\" data-element_type=\"widget\" data-e-type=\"widget\" data-widget_type=\"image.default\">\n\t\t\t\t<div class=\"elementor-widget-container\">\n\t\t\t\t\t\t\t\t\t\t\t\t\t\t\t<img fetchpriority=\"high\" decoding=\"async\" width=\"1024\" height=\"768\" src=\"https:\/\/lodgegate.com\/wp-content\/uploads\/2021\/11\/Geld1.jpeg\" class=\"attachment-full size-full wp-image-2472\" alt=\"\" srcset=\"https:\/\/lodgegate.com\/wp-content\/uploads\/2021\/11\/Geld1.jpeg 1024w, https:\/\/lodgegate.com\/wp-content\/uploads\/2021\/11\/Geld1-300x225.jpeg 300w, https:\/\/lodgegate.com\/wp-content\/uploads\/2021\/11\/Geld1-768x576.jpeg 768w, https:\/\/lodgegate.com\/wp-content\/uploads\/2021\/11\/Geld1-16x12.jpeg 16w\" sizes=\"(max-width: 1024px) 100vw, 1024px\" \/>\t\t\t\t\t\t\t\t\t\t\t\t\t\t\t<\/div>\n\t\t\t\t<\/div>\n\t\t\t\t<div class=\"elementor-element elementor-element-c97d4e9 elementor-widget elementor-widget-image\" data-id=\"c97d4e9\" data-element_type=\"widget\" data-e-type=\"widget\" data-widget_type=\"image.default\">\n\t\t\t\t<div class=\"elementor-widget-container\">\n\t\t\t\t\t\t\t\t\t\t\t\t\t\t\t<img decoding=\"async\" width=\"1718\" height=\"503\" src=\"https:\/\/lodgegate.com\/wp-content\/uploads\/2024\/10\/logo-LG-PAY-2024.png\" class=\"attachment-full size-full wp-image-2988\" alt=\"\" srcset=\"https:\/\/lodgegate.com\/wp-content\/uploads\/2024\/10\/logo-LG-PAY-2024.png 1718w, https:\/\/lodgegate.com\/wp-content\/uploads\/2024\/10\/logo-LG-PAY-2024-300x88.png 300w, https:\/\/lodgegate.com\/wp-content\/uploads\/2024\/10\/logo-LG-PAY-2024-1024x300.png 1024w, https:\/\/lodgegate.com\/wp-content\/uploads\/2024\/10\/logo-LG-PAY-2024-768x225.png 768w, https:\/\/lodgegate.com\/wp-content\/uploads\/2024\/10\/logo-LG-PAY-2024-1536x450.png 1536w, https:\/\/lodgegate.com\/wp-content\/uploads\/2024\/10\/logo-LG-PAY-2024-18x5.png 18w\" sizes=\"(max-width: 1718px) 100vw, 1718px\" \/>\t\t\t\t\t\t\t\t\t\t\t\t\t\t\t<\/div>\n\t\t\t\t<\/div>\n\t\t\t\t<\/div>\n\t\t\t\t\t<\/div>\n\t\t\t\t<\/div>\n\t\t<div class=\"elementor-element elementor-element-fab73b2 e-flex e-con-boxed e-con e-parent\" data-id=\"fab73b2\" data-element_type=\"container\" data-e-type=\"container\">\n\t\t\t\t\t<div class=\"e-con-inner\">\n\t\t\t\t\t<\/div>\n\t\t\t\t<\/div>\n\t\t<div class=\"elementor-element elementor-element-a271267 e-flex e-con-boxed e-con e-parent\" data-id=\"a271267\" data-element_type=\"container\" data-e-type=\"container\">\n\t\t\t\t\t<div class=\"e-con-inner\">\n\t\t\t\t\t<\/div>\n\t\t\t\t<\/div>\n\t\t<div class=\"elementor-element elementor-element-4570f4b e-flex e-con-boxed e-con e-parent\" data-id=\"4570f4b\" data-element_type=\"container\" data-e-type=\"container\">\n\t\t\t\t\t<div class=\"e-con-inner\">\n\t\t\t\t\t<\/div>\n\t\t\t\t<\/div>\n\t\t\t\t<\/div>","protected":false},"excerpt":{"rendered":"<p>LodgeGate Pay Online-Zahlungen in Partnerschaft mit PaybyLink: Einfach, schnell und sicher In einer Welt, in der Geschwindigkeit und Bequemlichkeit immer wichtiger werden, bietet die...<\/p>","protected":false},"author":1,"featured_media":0,"parent":0,"menu_order":0,"comment_status":"closed","ping_status":"closed","template":"","meta":{"jetpack_post_was_ever_published":false,"footnotes":""},"class_list":["post-2983","page","type-page","status-publish","hentry"],"yoast_head":"<!-- This site is optimized with the Yoast SEO plugin v27.4 - https:\/\/yoast.com\/product\/yoast-seo-wordpress\/ -->\n<title>LodgeGate Pay - LodgeGate PMS<\/title>\n<meta name=\"robots\" content=\"noindex, follow\" \/>\n<meta property=\"og:locale\" content=\"de_DE\" \/>\n<meta property=\"og:type\" content=\"article\" \/>\n<meta property=\"og:title\" content=\"LodgeGate Pay - LodgeGate PMS\" \/>\n<meta property=\"og:description\" content=\"LodgeGate Pay Online Betalen in samenwerking met PaybyLink: Gemakkelijk, Snel en Veilig In een wereld waar snelheid en gemak steeds belangrijker worden, biedt online betalen&hellip;\" \/>\n<meta property=\"og:url\" content=\"https:\/\/lodgegate.com\/de\/lodgegate-pay\/\" \/>\n<meta property=\"og:site_name\" content=\"LodgeGate PMS\" \/>\n<meta property=\"article:publisher\" content=\"https:\/\/www.facebook.com\/LodgeGate.HotelsOnline\/\" \/>\n<meta property=\"article:modified_time\" content=\"2024-11-20T12:03:42+00:00\" \/>\n<meta property=\"og:image\" content=\"https:\/\/lodgegate.com\/wp-content\/uploads\/2021\/11\/Geld1.jpeg\" \/>\n\t<meta property=\"og:image:width\" content=\"1024\" \/>\n\t<meta property=\"og:image:height\" content=\"768\" \/>\n\t<meta property=\"og:image:type\" content=\"image\/jpeg\" \/>\n<meta name=\"twitter:card\" content=\"summary_large_image\" \/>\n<meta name=\"twitter:label1\" content=\"Gesch\u00e4tzte Lesezeit\" \/>\n\t<meta name=\"twitter:data1\" content=\"2\u00a0Minuten\" \/>\n<script type=\"application\/ld+json\" class=\"yoast-schema-graph\">{\"@context\":\"https:\\\/\\\/schema.org\",\"@graph\":[{\"@type\":\"WebPage\",\"@id\":\"https:\\\/\\\/lodgegate.com\\\/lodgegate-pay\\\/\",\"url\":\"https:\\\/\\\/lodgegate.com\\\/lodgegate-pay\\\/\",\"name\":\"LodgeGate Pay - LodgeGate PMS\",\"isPartOf\":{\"@id\":\"https:\\\/\\\/lodgegate.com\\\/#website\"},\"primaryImageOfPage\":{\"@id\":\"https:\\\/\\\/lodgegate.com\\\/lodgegate-pay\\\/#primaryimage\"},\"image\":{\"@id\":\"https:\\\/\\\/lodgegate.com\\\/lodgegate-pay\\\/#primaryimage\"},\"thumbnailUrl\":\"https:\\\/\\\/lodgegate.com\\\/wp-content\\\/uploads\\\/2021\\\/11\\\/Geld1.jpeg\",\"datePublished\":\"2024-10-28T15:32:57+00:00\",\"dateModified\":\"2024-11-20T12:03:42+00:00\",\"breadcrumb\":{\"@id\":\"https:\\\/\\\/lodgegate.com\\\/lodgegate-pay\\\/#breadcrumb\"},\"inLanguage\":\"de\",\"potentialAction\":[{\"@type\":\"ReadAction\",\"target\":[\"https:\\\/\\\/lodgegate.com\\\/lodgegate-pay\\\/\"]}]},{\"@type\":\"ImageObject\",\"inLanguage\":\"de\",\"@id\":\"https:\\\/\\\/lodgegate.com\\\/lodgegate-pay\\\/#primaryimage\",\"url\":\"https:\\\/\\\/lodgegate.com\\\/wp-content\\\/uploads\\\/2021\\\/11\\\/Geld1.jpeg\",\"contentUrl\":\"https:\\\/\\\/lodgegate.com\\\/wp-content\\\/uploads\\\/2021\\\/11\\\/Geld1.jpeg\"},{\"@type\":\"BreadcrumbList\",\"@id\":\"https:\\\/\\\/lodgegate.com\\\/lodgegate-pay\\\/#breadcrumb\",\"itemListElement\":[{\"@type\":\"ListItem\",\"position\":1,\"name\":\"Home\",\"item\":\"https:\\\/\\\/lodgegate.com\\\/\"},{\"@type\":\"ListItem\",\"position\":2,\"name\":\"LodgeGate Pay\"}]},{\"@type\":\"WebSite\",\"@id\":\"https:\\\/\\\/lodgegate.com\\\/#website\",\"url\":\"https:\\\/\\\/lodgegate.com\\\/\",\"name\":\"LodgeGate PMS\",\"description\":\"Hotelier reserveringssoftware met kanalen distributie\",\"publisher\":{\"@id\":\"https:\\\/\\\/lodgegate.com\\\/#organization\"},\"potentialAction\":[{\"@type\":\"SearchAction\",\"target\":{\"@type\":\"EntryPoint\",\"urlTemplate\":\"https:\\\/\\\/lodgegate.com\\\/?s={search_term_string}\"},\"query-input\":{\"@type\":\"PropertyValueSpecification\",\"valueRequired\":true,\"valueName\":\"search_term_string\"}}],\"inLanguage\":\"de\"},{\"@type\":\"Organization\",\"@id\":\"https:\\\/\\\/lodgegate.com\\\/#organization\",\"name\":\"Hotels Online BV\",\"url\":\"https:\\\/\\\/lodgegate.com\\\/\",\"logo\":{\"@type\":\"ImageObject\",\"inLanguage\":\"de\",\"@id\":\"https:\\\/\\\/lodgegate.com\\\/#\\\/schema\\\/logo\\\/image\\\/\",\"url\":\"http:\\\/\\\/lodgegate.com\\\/wp-content\\\/uploads\\\/2014\\\/06\\\/logo-hotelsonline-geenwebsi.jpg\",\"contentUrl\":\"http:\\\/\\\/lodgegate.com\\\/wp-content\\\/uploads\\\/2014\\\/06\\\/logo-hotelsonline-geenwebsi.jpg\",\"width\":485,\"height\":107,\"caption\":\"Hotels Online BV\"},\"image\":{\"@id\":\"https:\\\/\\\/lodgegate.com\\\/#\\\/schema\\\/logo\\\/image\\\/\"},\"sameAs\":[\"https:\\\/\\\/www.facebook.com\\\/LodgeGate.HotelsOnline\\\/\"]}]}<\/script>\n<!-- \/ Yoast SEO plugin. -->","yoast_head_json":{"title":"LodgeGate Pay - LodgeGate PMS","robots":{"index":"noindex","follow":"follow"},"og_locale":"de_DE","og_type":"article","og_title":"LodgeGate Pay - LodgeGate PMS","og_description":"LodgeGate Pay Online Betalen in samenwerking met PaybyLink: Gemakkelijk, Snel en Veilig In een wereld waar snelheid en gemak steeds belangrijker worden, biedt online betalen&hellip;","og_url":"https:\/\/lodgegate.com\/de\/lodgegate-pay\/","og_site_name":"LodgeGate PMS","article_publisher":"https:\/\/www.facebook.com\/LodgeGate.HotelsOnline\/","article_modified_time":"2024-11-20T12:03:42+00:00","og_image":[{"width":1024,"height":768,"url":"https:\/\/lodgegate.com\/wp-content\/uploads\/2021\/11\/Geld1.jpeg","type":"image\/jpeg"}],"twitter_card":"summary_large_image","twitter_misc":{"Gesch\u00e4tzte Lesezeit":"2\u00a0Minuten"},"schema":{"@context":"https:\/\/schema.org","@graph":[{"@type":"WebPage","@id":"https:\/\/lodgegate.com\/lodgegate-pay\/","url":"https:\/\/lodgegate.com\/lodgegate-pay\/","name":"LodgeGate Pay - LodgeGate PMS","isPartOf":{"@id":"https:\/\/lodgegate.com\/#website"},"primaryImageOfPage":{"@id":"https:\/\/lodgegate.com\/lodgegate-pay\/#primaryimage"},"image":{"@id":"https:\/\/lodgegate.com\/lodgegate-pay\/#primaryimage"},"thumbnailUrl":"https:\/\/lodgegate.com\/wp-content\/uploads\/2021\/11\/Geld1.jpeg","datePublished":"2024-10-28T15:32:57+00:00","dateModified":"2024-11-20T12:03:42+00:00","breadcrumb":{"@id":"https:\/\/lodgegate.com\/lodgegate-pay\/#breadcrumb"},"inLanguage":"de","potentialAction":[{"@type":"ReadAction","target":["https:\/\/lodgegate.com\/lodgegate-pay\/"]}]},{"@type":"ImageObject","inLanguage":"de","@id":"https:\/\/lodgegate.com\/lodgegate-pay\/#primaryimage","url":"https:\/\/lodgegate.com\/wp-content\/uploads\/2021\/11\/Geld1.jpeg","contentUrl":"https:\/\/lodgegate.com\/wp-content\/uploads\/2021\/11\/Geld1.jpeg"},{"@type":"BreadcrumbList","@id":"https:\/\/lodgegate.com\/lodgegate-pay\/#breadcrumb","itemListElement":[{"@type":"ListItem","position":1,"name":"Home","item":"https:\/\/lodgegate.com\/"},{"@type":"ListItem","position":2,"name":"LodgeGate Pay"}]},{"@type":"WebSite","@id":"https:\/\/lodgegate.com\/#website","url":"https:\/\/lodgegate.com\/","name":"LodgeGate PMS","description":"Reservierungssoftware f\u00fcr Hoteliers mit Vertriebskanal","publisher":{"@id":"https:\/\/lodgegate.com\/#organization"},"potentialAction":[{"@type":"SearchAction","target":{"@type":"EntryPoint","urlTemplate":"https:\/\/lodgegate.com\/?s={search_term_string}"},"query-input":{"@type":"PropertyValueSpecification","valueRequired":true,"valueName":"search_term_string"}}],"inLanguage":"de"},{"@type":"Organization","@id":"https:\/\/lodgegate.com\/#organization","name":"Hotels Online BV","url":"https:\/\/lodgegate.com\/","logo":{"@type":"ImageObject","inLanguage":"de","@id":"https:\/\/lodgegate.com\/#\/schema\/logo\/image\/","url":"http:\/\/lodgegate.com\/wp-content\/uploads\/2014\/06\/logo-hotelsonline-geenwebsi.jpg","contentUrl":"http:\/\/lodgegate.com\/wp-content\/uploads\/2014\/06\/logo-hotelsonline-geenwebsi.jpg","width":485,"height":107,"caption":"Hotels Online BV"},"image":{"@id":"https:\/\/lodgegate.com\/#\/schema\/logo\/image\/"},"sameAs":["https:\/\/www.facebook.com\/LodgeGate.HotelsOnline\/"]}]}},"jetpack_sharing_enabled":true,"jetpack_shortlink":"https:\/\/wp.me\/PfM5DF-M7","_links":{"self":[{"href":"https:\/\/lodgegate.com\/de\/wp-json\/wp\/v2\/pages\/2983","targetHints":{"allow":["GET"]}}],"collection":[{"href":"https:\/\/lodgegate.com\/de\/wp-json\/wp\/v2\/pages"}],"about":[{"href":"https:\/\/lodgegate.com\/de\/wp-json\/wp\/v2\/types\/page"}],"author":[{"embeddable":true,"href":"https:\/\/lodgegate.com\/de\/wp-json\/wp\/v2\/users\/1"}],"replies":[{"embeddable":true,"href":"https:\/\/lodgegate.com\/de\/wp-json\/wp\/v2\/comments?post=2983"}],"version-history":[{"count":28,"href":"https:\/\/lodgegate.com\/de\/wp-json\/wp\/v2\/pages\/2983\/revisions"}],"predecessor-version":[{"id":4395,"href":"https:\/\/lodgegate.com\/de\/wp-json\/wp\/v2\/pages\/2983\/revisions\/4395"}],"wp:attachment":[{"href":"https:\/\/lodgegate.com\/de\/wp-json\/wp\/v2\/media?parent=2983"}],"curies":[{"name":"wp","href":"https:\/\/api.w.org\/{rel}","templated":true}]}}