{"id":3198,"date":"2024-11-02T12:49:20","date_gmt":"2024-11-02T12:49:20","guid":{"rendered":"https:\/\/lodgegate.com\/?page_id=3198"},"modified":"2024-11-20T13:01:34","modified_gmt":"2024-11-20T12:01:34","slug":"meetings_events","status":"publish","type":"page","link":"https:\/\/lodgegate.com\/de\/meetings_events\/","title":{"rendered":"LodgeGate Meetings &amp; Veranstaltungen"},"content":{"rendered":"<div data-elementor-type=\"wp-page\" data-elementor-id=\"3198\" class=\"elementor elementor-3198\">\n\t\t\t\t<div class=\"elementor-element elementor-element-2b3eb8e6 e-flex e-con-boxed e-con e-parent\" data-id=\"2b3eb8e6\" data-element_type=\"container\" data-e-type=\"container\">\n\t\t\t\t\t<div class=\"e-con-inner\">\n\t\t<div class=\"elementor-element elementor-element-3bdd6e29 e-con-full e-flex e-con e-child\" data-id=\"3bdd6e29\" data-element_type=\"container\" data-e-type=\"container\">\n\t\t\t\t<div class=\"elementor-element elementor-element-19c52450 elementor-widget elementor-widget-heading\" data-id=\"19c52450\" data-element_type=\"widget\" data-e-type=\"widget\" data-widget_type=\"heading.default\">\n\t\t\t\t<div class=\"elementor-widget-container\">\n\t\t\t\t\t<h2 class=\"elementor-heading-title elementor-size-default\">LodgeGate Meetings &amp; Veranstaltungen\n<\/h2>\t\t\t\t<\/div>\n\t\t\t\t<\/div>\n\t\t\t\t<div class=\"elementor-element elementor-element-32afe299 elementor-widget elementor-widget-text-editor\" data-id=\"32afe299\" data-element_type=\"widget\" data-e-type=\"widget\" data-widget_type=\"text-editor.default\">\n\t\t\t\t<div class=\"elementor-widget-container\">\n\t\t\t\t\t\t\t\t\t<p><strong>Die intelligente L\u00f6sung f\u00fcr Meetings und Events<\/strong><\/p><p>Mit dem <strong>LodgeGate Meeting &amp; Events Modul<\/strong> verwalten Sie m\u00fchelos Veranstaltungsorte jeder Gr\u00f6\u00dfe, von einem gem\u00fctlichen Zimmer bis hin zu einem ganzen Konferenzzentrum. Verkaufen, organisieren und verfolgen Sie Ihre Meetings und Veranstaltungen schneller und effizienter als je zuvor.<\/p><p><strong>Verwalten Sie Anfragen m\u00fchelos<\/strong><\/p><p>Sparen Sie Zeit mit unseren intelligenten L\u00f6sungen zur Dateneingabe. Leads werden einfach \u00fcber Webformulare und E-Mail-Weiterleitung hinzugef\u00fcgt. Behalten Sie den \u00dcberblick, reagieren Sie schnell und schlie\u00dfen Sie mehr Gesch\u00e4fte in k\u00fcrzerer Zeit mit mehr Pr\u00e4zision ab.<\/p><p><strong>Beeindrucken Sie Interessenten und Kunden<\/strong><\/p><p>Versenden Sie sch\u00f6n gestaltete Angebote, Offerten und Vertr\u00e4ge mit nur wenigen Klicks. Schaffen Sie einen professionellen Auftritt und \u00fcberzeugen Sie Ihre Kunden mit attraktiven und gut organisierten Dokumenten und E-Mails.<\/p><p><strong>Organisieren Sie Veranstaltungen mit Leichtigkeit<\/strong><\/p><p>Ganz gleich, ob es sich um eine einfache Buchung eines kleinen Tagungsraums oder ein komplexes mehrt\u00e4giges Meeting handelt, LodgeGate Meeting &amp; Events bietet die Tools f\u00fcr einen reibungslosen Ablauf. F\u00fcgen Sie m\u00fchelos Men\u00fcoptionen hinzu und erstellen Sie Bankettbestellungen innerhalb von Sekunden.<\/p><p><strong>Halten Sie alles an einem Ort organisiert<\/strong><\/p><p>Verpassen Sie nie wieder wichtige Veranstaltungs- oder Kundendaten. Alle Informationen werden sicher an einem zentralen Ort gespeichert, so dass Sie immer Zugriff auf alles haben, was Sie brauchen.<\/p><p><strong>Immer aktuelle Informationen f\u00fcr jede Abteilung<\/strong><\/p><p>Mit aktuellen und zug\u00e4nglichen Arbeitsbl\u00e4ttern wei\u00df jede Abteilung genau, was vor sich geht. \u00c4nderungen werden sofort vorgenommen, damit Ihr Team sein Bestes geben kann und die G\u00e4ste ein unvergessliches Erlebnis haben.<\/p><p><strong>Nahtlose Integration mit Ihrem LodgeGate Hotel PMS<\/strong><\/p><p>Das Modul Meeting &amp; Events ist vollst\u00e4ndig mit Ihrem LodgeGate PMS integriert. Verwalten Sie alles von der Rechnungsstellung bis zur Berichterstattung in einem einzigen System. Kombinieren Sie ganz einfach Rechnungen oder teilen Sie Pakete so auf, wie Sie es w\u00fcnschen<\/p><p><strong>Entscheiden Sie sich f\u00fcr LodgeGate Meeting &amp; Events und erleben Sie, wie einfach und professionell Veranstaltungsmanagement sein kann!<\/strong><\/p>\t\t\t\t\t\t\t\t<\/div>\n\t\t\t\t<\/div>\n\t\t\t\t<\/div>\n\t\t<div class=\"elementor-element elementor-element-6c09c38c e-con-full e-flex e-con e-child\" data-id=\"6c09c38c\" data-element_type=\"container\" data-e-type=\"container\">\n\t\t\t\t<div class=\"elementor-element elementor-element-e228096 elementor-widget elementor-widget-image\" data-id=\"e228096\" data-element_type=\"widget\" data-e-type=\"widget\" data-widget_type=\"image.default\">\n\t\t\t\t<div class=\"elementor-widget-container\">\n\t\t\t\t\t\t\t\t\t\t\t\t\t\t\t<img fetchpriority=\"high\" decoding=\"async\" width=\"1280\" height=\"853\" src=\"https:\/\/lodgegate.com\/wp-content\/uploads\/2024\/11\/wedding-8257183_1280.webp\" class=\"attachment-full size-full wp-image-3232\" alt=\"\" srcset=\"https:\/\/lodgegate.com\/wp-content\/uploads\/2024\/11\/wedding-8257183_1280.webp 1280w, https:\/\/lodgegate.com\/wp-content\/uploads\/2024\/11\/wedding-8257183_1280-300x200.webp 300w, https:\/\/lodgegate.com\/wp-content\/uploads\/2024\/11\/wedding-8257183_1280-1024x682.webp 1024w, https:\/\/lodgegate.com\/wp-content\/uploads\/2024\/11\/wedding-8257183_1280-768x512.webp 768w, https:\/\/lodgegate.com\/wp-content\/uploads\/2024\/11\/wedding-8257183_1280-18x12.webp 18w, https:\/\/lodgegate.com\/wp-content\/uploads\/2024\/11\/wedding-8257183_1280-272x182.webp 272w\" sizes=\"(max-width: 1280px) 100vw, 1280px\" \/>\t\t\t\t\t\t\t\t\t\t\t\t\t\t\t<\/div>\n\t\t\t\t<\/div>\n\t\t\t\t<div class=\"elementor-element elementor-element-1669317 elementor-widget elementor-widget-image\" data-id=\"1669317\" data-element_type=\"widget\" data-e-type=\"widget\" data-widget_type=\"image.default\">\n\t\t\t\t<div class=\"elementor-widget-container\">\n\t\t\t\t\t\t\t\t\t\t\t\t\t\t\t<img decoding=\"async\" width=\"1718\" height=\"503\" src=\"https:\/\/lodgegate.com\/wp-content\/uploads\/2024\/11\/logo-LG-ME-2024.webp\" class=\"attachment-full size-full wp-image-3233\" alt=\"\" srcset=\"https:\/\/lodgegate.com\/wp-content\/uploads\/2024\/11\/logo-LG-ME-2024.webp 1718w, https:\/\/lodgegate.com\/wp-content\/uploads\/2024\/11\/logo-LG-ME-2024-300x88.webp 300w, https:\/\/lodgegate.com\/wp-content\/uploads\/2024\/11\/logo-LG-ME-2024-1024x300.webp 1024w, https:\/\/lodgegate.com\/wp-content\/uploads\/2024\/11\/logo-LG-ME-2024-768x225.webp 768w, https:\/\/lodgegate.com\/wp-content\/uploads\/2024\/11\/logo-LG-ME-2024-1536x450.webp 1536w, https:\/\/lodgegate.com\/wp-content\/uploads\/2024\/11\/logo-LG-ME-2024-18x5.webp 18w\" sizes=\"(max-width: 1718px) 100vw, 1718px\" \/>\t\t\t\t\t\t\t\t\t\t\t\t\t\t\t<\/div>\n\t\t\t\t<\/div>\n\t\t\t\t<\/div>\n\t\t\t\t\t<\/div>\n\t\t\t\t<\/div>\n\t\t<div class=\"elementor-element elementor-element-18b871d8 e-flex e-con-boxed e-con e-parent\" data-id=\"18b871d8\" data-element_type=\"container\" data-e-type=\"container\">\n\t\t\t\t\t<div class=\"e-con-inner\">\n\t\t\t\t\t<\/div>\n\t\t\t\t<\/div>\n\t\t<div class=\"elementor-element elementor-element-794db3b8 e-flex e-con-boxed e-con e-parent\" data-id=\"794db3b8\" data-element_type=\"container\" data-e-type=\"container\">\n\t\t\t\t\t<div class=\"e-con-inner\">\n\t\t\t\t\t<\/div>\n\t\t\t\t<\/div>\n\t\t<div class=\"elementor-element elementor-element-78703ecb e-flex e-con-boxed e-con e-parent\" data-id=\"78703ecb\" data-element_type=\"container\" data-e-type=\"container\">\n\t\t\t\t\t<div class=\"e-con-inner\">\n\t\t\t\t\t<\/div>\n\t\t\t\t<\/div>\n\t\t<div class=\"elementor-element elementor-element-603166ee e-flex e-con-boxed e-con e-parent\" data-id=\"603166ee\" data-element_type=\"container\" data-e-type=\"container\">\n\t\t\t\t\t<div class=\"e-con-inner\">\n\t\t\t\t\t<\/div>\n\t\t\t\t<\/div>\n\t\t\t\t<\/div>","protected":false},"excerpt":{"rendered":"<p>LodgeGate Meetings &amp; Events Die intelligente L\u00f6sung f\u00fcr Meetings und Events Mit dem Modul LodgeGate Meeting &amp; Events verwalten Sie Veranstaltungsorte jeder Gr\u00f6\u00dfe mit Leichtigkeit,...<\/p>","protected":false},"author":1,"featured_media":0,"parent":0,"menu_order":0,"comment_status":"closed","ping_status":"closed","template":"","meta":{"jetpack_post_was_ever_published":false,"footnotes":""},"class_list":["post-3198","page","type-page","status-publish","hentry"],"yoast_head":"<!-- This site is optimized with the Yoast SEO plugin v27.4 - https:\/\/yoast.com\/product\/yoast-seo-wordpress\/ -->\n<title>LodgeGate Meetings &amp; Events - LodgeGate PMS<\/title>\n<meta name=\"robots\" content=\"noindex, follow\" \/>\n<meta property=\"og:locale\" content=\"de_DE\" \/>\n<meta property=\"og:type\" content=\"article\" \/>\n<meta property=\"og:title\" content=\"LodgeGate Meetings &amp; Events - LodgeGate PMS\" \/>\n<meta property=\"og:description\" content=\"LodgeGate Meetings &amp; Events De slimme oplossing voor vergaderingen en evenementen Met de LodgeGate Meeting &amp; Events-module beheer je met gemak evenementenlocaties van elke omvang,&hellip;\" \/>\n<meta property=\"og:url\" content=\"https:\/\/lodgegate.com\/de\/meetings_events\/\" \/>\n<meta property=\"og:site_name\" content=\"LodgeGate PMS\" \/>\n<meta property=\"article:publisher\" content=\"https:\/\/www.facebook.com\/LodgeGate.HotelsOnline\/\" \/>\n<meta property=\"article:modified_time\" content=\"2024-11-20T12:01:34+00:00\" \/>\n<meta property=\"og:image\" content=\"https:\/\/lodgegate.com\/wp-content\/uploads\/2024\/11\/wedding-8257183_1280.webp\" \/>\n\t<meta property=\"og:image:width\" content=\"1280\" \/>\n\t<meta property=\"og:image:height\" content=\"853\" \/>\n\t<meta property=\"og:image:type\" content=\"image\/webp\" \/>\n<meta name=\"twitter:card\" content=\"summary_large_image\" \/>\n<meta name=\"twitter:label1\" content=\"Gesch\u00e4tzte Lesezeit\" \/>\n\t<meta name=\"twitter:data1\" content=\"2\u00a0Minuten\" \/>\n<script type=\"application\/ld+json\" class=\"yoast-schema-graph\">{\"@context\":\"https:\\\/\\\/schema.org\",\"@graph\":[{\"@type\":\"WebPage\",\"@id\":\"https:\\\/\\\/lodgegate.com\\\/meetings_events\\\/\",\"url\":\"https:\\\/\\\/lodgegate.com\\\/meetings_events\\\/\",\"name\":\"LodgeGate Meetings & Events - LodgeGate PMS\",\"isPartOf\":{\"@id\":\"https:\\\/\\\/lodgegate.com\\\/#website\"},\"primaryImageOfPage\":{\"@id\":\"https:\\\/\\\/lodgegate.com\\\/meetings_events\\\/#primaryimage\"},\"image\":{\"@id\":\"https:\\\/\\\/lodgegate.com\\\/meetings_events\\\/#primaryimage\"},\"thumbnailUrl\":\"https:\\\/\\\/lodgegate.com\\\/wp-content\\\/uploads\\\/2024\\\/11\\\/wedding-8257183_1280.webp\",\"datePublished\":\"2024-11-02T12:49:20+00:00\",\"dateModified\":\"2024-11-20T12:01:34+00:00\",\"breadcrumb\":{\"@id\":\"https:\\\/\\\/lodgegate.com\\\/meetings_events\\\/#breadcrumb\"},\"inLanguage\":\"de\",\"potentialAction\":[{\"@type\":\"ReadAction\",\"target\":[\"https:\\\/\\\/lodgegate.com\\\/meetings_events\\\/\"]}]},{\"@type\":\"ImageObject\",\"inLanguage\":\"de\",\"@id\":\"https:\\\/\\\/lodgegate.com\\\/meetings_events\\\/#primaryimage\",\"url\":\"https:\\\/\\\/lodgegate.com\\\/wp-content\\\/uploads\\\/2024\\\/11\\\/wedding-8257183_1280.webp\",\"contentUrl\":\"https:\\\/\\\/lodgegate.com\\\/wp-content\\\/uploads\\\/2024\\\/11\\\/wedding-8257183_1280.webp\"},{\"@type\":\"BreadcrumbList\",\"@id\":\"https:\\\/\\\/lodgegate.com\\\/meetings_events\\\/#breadcrumb\",\"itemListElement\":[{\"@type\":\"ListItem\",\"position\":1,\"name\":\"Home\",\"item\":\"https:\\\/\\\/lodgegate.com\\\/\"},{\"@type\":\"ListItem\",\"position\":2,\"name\":\"LodgeGate Meetings &#038; Events\"}]},{\"@type\":\"WebSite\",\"@id\":\"https:\\\/\\\/lodgegate.com\\\/#website\",\"url\":\"https:\\\/\\\/lodgegate.com\\\/\",\"name\":\"LodgeGate PMS\",\"description\":\"Hotelier reserveringssoftware met kanalen distributie\",\"publisher\":{\"@id\":\"https:\\\/\\\/lodgegate.com\\\/#organization\"},\"potentialAction\":[{\"@type\":\"SearchAction\",\"target\":{\"@type\":\"EntryPoint\",\"urlTemplate\":\"https:\\\/\\\/lodgegate.com\\\/?s={search_term_string}\"},\"query-input\":{\"@type\":\"PropertyValueSpecification\",\"valueRequired\":true,\"valueName\":\"search_term_string\"}}],\"inLanguage\":\"de\"},{\"@type\":\"Organization\",\"@id\":\"https:\\\/\\\/lodgegate.com\\\/#organization\",\"name\":\"Hotels Online BV\",\"url\":\"https:\\\/\\\/lodgegate.com\\\/\",\"logo\":{\"@type\":\"ImageObject\",\"inLanguage\":\"de\",\"@id\":\"https:\\\/\\\/lodgegate.com\\\/#\\\/schema\\\/logo\\\/image\\\/\",\"url\":\"http:\\\/\\\/lodgegate.com\\\/wp-content\\\/uploads\\\/2014\\\/06\\\/logo-hotelsonline-geenwebsi.jpg\",\"contentUrl\":\"http:\\\/\\\/lodgegate.com\\\/wp-content\\\/uploads\\\/2014\\\/06\\\/logo-hotelsonline-geenwebsi.jpg\",\"width\":485,\"height\":107,\"caption\":\"Hotels Online BV\"},\"image\":{\"@id\":\"https:\\\/\\\/lodgegate.com\\\/#\\\/schema\\\/logo\\\/image\\\/\"},\"sameAs\":[\"https:\\\/\\\/www.facebook.com\\\/LodgeGate.HotelsOnline\\\/\"]}]}<\/script>\n<!-- \/ Yoast SEO plugin. -->","yoast_head_json":{"title":"LodgeGate Tagungen &amp; Veranstaltungen - LodgeGate PMS","robots":{"index":"noindex","follow":"follow"},"og_locale":"de_DE","og_type":"article","og_title":"LodgeGate Meetings & Events - LodgeGate PMS","og_description":"LodgeGate Meetings &amp; Events De slimme oplossing voor vergaderingen en evenementen Met de LodgeGate Meeting &amp; Events-module beheer je met gemak evenementenlocaties van elke omvang,&hellip;","og_url":"https:\/\/lodgegate.com\/de\/meetings_events\/","og_site_name":"LodgeGate PMS","article_publisher":"https:\/\/www.facebook.com\/LodgeGate.HotelsOnline\/","article_modified_time":"2024-11-20T12:01:34+00:00","og_image":[{"width":1280,"height":853,"url":"https:\/\/lodgegate.com\/wp-content\/uploads\/2024\/11\/wedding-8257183_1280.webp","type":"image\/webp"}],"twitter_card":"summary_large_image","twitter_misc":{"Gesch\u00e4tzte Lesezeit":"2\u00a0Minuten"},"schema":{"@context":"https:\/\/schema.org","@graph":[{"@type":"WebPage","@id":"https:\/\/lodgegate.com\/meetings_events\/","url":"https:\/\/lodgegate.com\/meetings_events\/","name":"LodgeGate Tagungen &amp; Veranstaltungen - LodgeGate PMS","isPartOf":{"@id":"https:\/\/lodgegate.com\/#website"},"primaryImageOfPage":{"@id":"https:\/\/lodgegate.com\/meetings_events\/#primaryimage"},"image":{"@id":"https:\/\/lodgegate.com\/meetings_events\/#primaryimage"},"thumbnailUrl":"https:\/\/lodgegate.com\/wp-content\/uploads\/2024\/11\/wedding-8257183_1280.webp","datePublished":"2024-11-02T12:49:20+00:00","dateModified":"2024-11-20T12:01:34+00:00","breadcrumb":{"@id":"https:\/\/lodgegate.com\/meetings_events\/#breadcrumb"},"inLanguage":"de","potentialAction":[{"@type":"ReadAction","target":["https:\/\/lodgegate.com\/meetings_events\/"]}]},{"@type":"ImageObject","inLanguage":"de","@id":"https:\/\/lodgegate.com\/meetings_events\/#primaryimage","url":"https:\/\/lodgegate.com\/wp-content\/uploads\/2024\/11\/wedding-8257183_1280.webp","contentUrl":"https:\/\/lodgegate.com\/wp-content\/uploads\/2024\/11\/wedding-8257183_1280.webp"},{"@type":"BreadcrumbList","@id":"https:\/\/lodgegate.com\/meetings_events\/#breadcrumb","itemListElement":[{"@type":"ListItem","position":1,"name":"Home","item":"https:\/\/lodgegate.com\/"},{"@type":"ListItem","position":2,"name":"LodgeGate Meetings &#038; Events"}]},{"@type":"WebSite","@id":"https:\/\/lodgegate.com\/#website","url":"https:\/\/lodgegate.com\/","name":"LodgeGate PMS","description":"Reservierungssoftware f\u00fcr Hoteliers mit Vertriebskanal","publisher":{"@id":"https:\/\/lodgegate.com\/#organization"},"potentialAction":[{"@type":"SearchAction","target":{"@type":"EntryPoint","urlTemplate":"https:\/\/lodgegate.com\/?s={search_term_string}"},"query-input":{"@type":"PropertyValueSpecification","valueRequired":true,"valueName":"search_term_string"}}],"inLanguage":"de"},{"@type":"Organization","@id":"https:\/\/lodgegate.com\/#organization","name":"Hotels Online BV","url":"https:\/\/lodgegate.com\/","logo":{"@type":"ImageObject","inLanguage":"de","@id":"https:\/\/lodgegate.com\/#\/schema\/logo\/image\/","url":"http:\/\/lodgegate.com\/wp-content\/uploads\/2014\/06\/logo-hotelsonline-geenwebsi.jpg","contentUrl":"http:\/\/lodgegate.com\/wp-content\/uploads\/2014\/06\/logo-hotelsonline-geenwebsi.jpg","width":485,"height":107,"caption":"Hotels Online BV"},"image":{"@id":"https:\/\/lodgegate.com\/#\/schema\/logo\/image\/"},"sameAs":["https:\/\/www.facebook.com\/LodgeGate.HotelsOnline\/"]}]}},"jetpack_sharing_enabled":true,"jetpack_shortlink":"https:\/\/wp.me\/PfM5DF-PA","_links":{"self":[{"href":"https:\/\/lodgegate.com\/de\/wp-json\/wp\/v2\/pages\/3198","targetHints":{"allow":["GET"]}}],"collection":[{"href":"https:\/\/lodgegate.com\/de\/wp-json\/wp\/v2\/pages"}],"about":[{"href":"https:\/\/lodgegate.com\/de\/wp-json\/wp\/v2\/types\/page"}],"author":[{"embeddable":true,"href":"https:\/\/lodgegate.com\/de\/wp-json\/wp\/v2\/users\/1"}],"replies":[{"embeddable":true,"href":"https:\/\/lodgegate.com\/de\/wp-json\/wp\/v2\/comments?post=3198"}],"version-history":[{"count":29,"href":"https:\/\/lodgegate.com\/de\/wp-json\/wp\/v2\/pages\/3198\/revisions"}],"predecessor-version":[{"id":4389,"href":"https:\/\/lodgegate.com\/de\/wp-json\/wp\/v2\/pages\/3198\/revisions\/4389"}],"wp:attachment":[{"href":"https:\/\/lodgegate.com\/de\/wp-json\/wp\/v2\/media?parent=3198"}],"curies":[{"name":"wp","href":"https:\/\/api.w.org\/{rel}","templated":true}]}}