{"id":3683,"date":"2024-11-07T22:05:59","date_gmt":"2024-11-07T22:05:59","guid":{"rendered":"https:\/\/lodgegate.com\/?page_id=3683"},"modified":"2024-11-18T16:29:31","modified_gmt":"2024-11-18T15:29:31","slug":"no-cure-no-pay","status":"publish","type":"page","link":"https:\/\/lodgegate.com\/de\/no-cure-no-pay\/","title":{"rendered":"Keine Heilung ohne Bezahlung"},"content":{"rendered":"<div data-elementor-type=\"wp-page\" data-elementor-id=\"3683\" class=\"elementor elementor-3683\">\n\t\t\t\t<div class=\"elementor-element elementor-element-6ef61e04 e-flex e-con-boxed e-con e-parent\" data-id=\"6ef61e04\" data-element_type=\"container\" data-e-type=\"container\">\n\t\t\t\t\t<div class=\"e-con-inner\">\n\t\t<div class=\"elementor-element elementor-element-29e47135 e-con-full e-flex e-con e-child\" data-id=\"29e47135\" data-element_type=\"container\" data-e-type=\"container\">\n\t\t\t\t<div class=\"elementor-element elementor-element-6f3377d2 elementor-widget elementor-widget-heading\" data-id=\"6f3377d2\" data-element_type=\"widget\" data-e-type=\"widget\" data-widget_type=\"heading.default\">\n\t\t\t\t<div class=\"elementor-widget-container\">\n\t\t\t\t\t<h2 class=\"elementor-heading-title elementor-size-default\">Keine Heilung ohne Bezahlung<\/h2>\t\t\t\t<\/div>\n\t\t\t\t<\/div>\n\t\t\t\t<div class=\"elementor-element elementor-element-6cb5efae elementor-widget elementor-widget-text-editor\" data-id=\"6cb5efae\" data-element_type=\"widget\" data-e-type=\"widget\" data-widget_type=\"text-editor.default\">\n\t\t\t\t<div class=\"elementor-widget-container\">\n\t\t\t\t\t\t\t\t\t<p>LodgeGate ist einer der ersten PMS-Anbieter auf dem Markt mit einem cloudbasierten System oder SaaS-Modell (Software-as-a-Service). Zusammen mit dem Pay-per-Use-Gesch\u00e4ftsmodell bieten wir unseren Nutzern eine flexible und skalierbare L\u00f6sung, die sich den wechselnden Anforderungen anpasst. Bei dieser Art von System, bei dem die Software per Fernzugriff \u00fcber die Cloud bereitgestellt wird, m\u00fcssen die Unternehmen keine umfangreiche IT-Infrastruktur installieren und warten. Die Benutzer greifen \u00fcber das Internet auf die Software zu, was zu niedrigeren Anfangskosten und einer einfacheren Implementierung beitr\u00e4gt.<\/p><p><strong>Was ist ein Cloud-basiertes SaaS-Modell?<\/strong><\/p><p>Bei einem Cloud-basierten SaaS-Modell wird die Software vollst\u00e4ndig in der Cloud vom Softwareanbieter gehostet und verwaltet. Die Benutzer k\u00f6nnen jederzeit und von praktisch jedem Ger\u00e4t mit Internetanschluss auf die Software zugreifen. Dies bietet erhebliche Vorteile f\u00fcr die Zug\u00e4nglichkeit und die Zusammenarbeit, da die Benutzer von verschiedenen Standorten aus arbeiten und dennoch auf dieselbe Anwendung und dieselben Daten zugreifen k\u00f6nnen. Dar\u00fcber hinaus werden Updates und Wartung automatisch vom Anbieter durchgef\u00fchrt, was eine gleichbleibende Leistung und Sicherheit gew\u00e4hrleistet.<\/p><p><strong>Was bedeutet das Pay-Per-Use Gesch\u00e4ftsmodell?<\/strong><\/p><p>Das Pay-per-Use-Gesch\u00e4ftsmodell (auch bekannt als Pay-as-you-go) bedeutet, dass Kunden nur f\u00fcr die Software oder Dienste zahlen, die sie tats\u00e4chlich nutzen. <br \/>Bei LodgeGate gilt dies f\u00fcr Beherbergungsbetriebe mit einer Mindestanzahl von 15 mietbaren Einheiten. Dieses Modell bietet Transparenz und Kostenkontrolle, da die Unternehmen nicht an langfristige Abonnements oder Pakete gebunden sind, die m\u00f6glicherweise nicht zu ihrem Nutzungsverhalten passen. Das Pay-per-Use-Modell wird auf der Grundlage der Gesamtzahl der belegten Zimmern\u00e4chte pro Monat berechnet. F\u00fcr Unternehmen mit schwankender Nachfrage kann dies zu erheblichen Kosteneinsparungen f\u00fchren, da sie nicht f\u00fcr ungenutzte Kapazit\u00e4ten bezahlen m\u00fcssen.<\/p><p>F\u00fcr unsere kleineren Kunden haben wir einen Festpreis pro Monat, der auf dem Markt sehr wettbewerbsf\u00e4hig ist und ausreichende Funktionen f\u00fcr Vertrieb und Verwaltung bietet.<\/p><p>Wir listen noch einmal die Vorteile von Cloud-basierten und Pay-per-Use auf:<\/p><ul><li><strong>Flexibilit\u00e4t und Skalierbarkeit<\/strong>Das System l\u00e4sst sich leicht vergr\u00f6\u00dfern, wenn die Nachfrage steigt, oder verkleinern, wenn die Nachfrage sinkt. Dies ist ideal f\u00fcr Unternehmen mit saisonaler oder schwankender Nachfrage.<\/li><li><strong>Niedrige Anfangskosten<\/strong>Da Unternehmen keine Server, Speicher oder IT-Infrastruktur kaufen m\u00fcssen, sind die Anlaufkosten viel niedriger als bei herk\u00f6mmlicher Software. Die Pay-per-Use-Struktur bedeutet auch, dass sich die Kosten \u00fcber die Zeit verteilen, anstatt eine gro\u00dfe Anfangsinvestition zu erfordern.<\/li><li><strong>Automatische Updates und Wartung<\/strong>: Alle Updates, Sicherheitspatches und Erweiterungen werden automatisch von uns verwaltet. Dadurch wird sichergestellt, dass die Benutzer immer Zugang zu den neuesten Funktionen haben, ohne dass sie selbst etwas daf\u00fcr tun m\u00fcssen.<\/li><li><strong>Kostenkontrolle und Transparenz<\/strong>: Unternehmen haben Einblick in ihren genauen Verbrauch und k\u00f6nnen die Kosten auf monatlicher Basis leicht verfolgen. Dies erm\u00f6glicht eine bessere Kontrolle \u00fcber das Budget und verhindert die Verschwendung von Ressourcen.<\/li><li><strong>Erreichbarkeit und Zusammenarbeit<\/strong>Ein Cloud-basiertes System erm\u00f6glicht es Mitarbeitern, zu arbeiten, wo und wann sie wollen. Dies erleichtert die Zusammenarbeit zwischen Teams unabh\u00e4ngig von ihrem Standort und f\u00f6rdert eine flexiblere Arbeitsumgebung.<\/li><\/ul><p><strong>Eignung f\u00fcr moderne Unternehmen<\/strong><\/p><p>Eine cloudbasierte SaaS-L\u00f6sung mit einem Pay-per-Use-Modell eignet sich besonders gut f\u00fcr Unternehmen, die Wert auf Flexibilit\u00e4t und Kosteneffizienz legen. Startups und kleine Unternehmen k\u00f6nnen zum Beispiel schnell und ohne gro\u00dfe Investitionen loslegen. Gro\u00dfe Hotelunternehmen mit komplexen IT-Anforderungen k\u00f6nnen ebenfalls von der Skalierbarkeit und Kosteneffizienz profitieren.<\/p><p>Zusammenfassend l\u00e4sst sich sagen, dass ein SaaS-System mit Pay-per-Use-Modell es Ihnen erm\u00f6glicht, ohne gro\u00dfe Vorlaufkosten effizient und flexibel zu arbeiten und gleichzeitig von den neuesten technologischen Entwicklungen zu profitieren. Dieses Modell bietet eine zukunftssichere L\u00f6sung, die mit dem Wachstum und den sich \u00e4ndernden Anforderungen Ihres Unternehmens Schritt h\u00e4lt.<\/p>\t\t\t\t\t\t\t\t<\/div>\n\t\t\t\t<\/div>\n\t\t\t\t<\/div>\n\t\t<div class=\"elementor-element elementor-element-7dd6e456 e-con-full e-flex e-con e-child\" data-id=\"7dd6e456\" data-element_type=\"container\" data-e-type=\"container\">\n\t\t\t\t<div class=\"elementor-element elementor-element-41e9d57c elementor-widget elementor-widget-image\" data-id=\"41e9d57c\" data-element_type=\"widget\" data-e-type=\"widget\" data-widget_type=\"image.default\">\n\t\t\t\t<div class=\"elementor-widget-container\">\n\t\t\t\t\t\t\t\t\t\t\t\t\t\t\t<img fetchpriority=\"high\" decoding=\"async\" width=\"1740\" height=\"840\" src=\"https:\/\/lodgegate.com\/wp-content\/uploads\/2024\/11\/ecommerce-2140604_1920-e1731943760119.jpg\" class=\"attachment-full size-full wp-image-4204\" alt=\"\" srcset=\"https:\/\/lodgegate.com\/wp-content\/uploads\/2024\/11\/ecommerce-2140604_1920-e1731943760119.jpg 1740w, https:\/\/lodgegate.com\/wp-content\/uploads\/2024\/11\/ecommerce-2140604_1920-e1731943760119-300x145.jpg 300w, https:\/\/lodgegate.com\/wp-content\/uploads\/2024\/11\/ecommerce-2140604_1920-e1731943760119-1024x494.jpg 1024w, https:\/\/lodgegate.com\/wp-content\/uploads\/2024\/11\/ecommerce-2140604_1920-e1731943760119-768x371.jpg 768w, https:\/\/lodgegate.com\/wp-content\/uploads\/2024\/11\/ecommerce-2140604_1920-e1731943760119-1536x742.jpg 1536w, https:\/\/lodgegate.com\/wp-content\/uploads\/2024\/11\/ecommerce-2140604_1920-e1731943760119-18x9.jpg 18w\" sizes=\"(max-width: 1740px) 100vw, 1740px\" \/>\t\t\t\t\t\t\t\t\t\t\t\t\t\t\t<\/div>\n\t\t\t\t<\/div>\n\t\t\t\t<div class=\"elementor-element elementor-element-6339364c elementor-widget elementor-widget-image\" data-id=\"6339364c\" data-element_type=\"widget\" data-e-type=\"widget\" data-widget_type=\"image.default\">\n\t\t\t\t<div class=\"elementor-widget-container\">\n\t\t\t\t\t\t\t\t\t\t\t\t\t\t\t<img decoding=\"async\" width=\"1718\" height=\"503\" src=\"https:\/\/lodgegate.com\/wp-content\/uploads\/2024\/08\/logo-LG-zonder-URL-2024-1.png\" class=\"attachment-full size-full wp-image-2604\" alt=\"\" srcset=\"https:\/\/lodgegate.com\/wp-content\/uploads\/2024\/08\/logo-LG-zonder-URL-2024-1.png 1718w, https:\/\/lodgegate.com\/wp-content\/uploads\/2024\/08\/logo-LG-zonder-URL-2024-1-300x88.png 300w, https:\/\/lodgegate.com\/wp-content\/uploads\/2024\/08\/logo-LG-zonder-URL-2024-1-1024x300.png 1024w, https:\/\/lodgegate.com\/wp-content\/uploads\/2024\/08\/logo-LG-zonder-URL-2024-1-768x225.png 768w, https:\/\/lodgegate.com\/wp-content\/uploads\/2024\/08\/logo-LG-zonder-URL-2024-1-1536x450.png 1536w, https:\/\/lodgegate.com\/wp-content\/uploads\/2024\/08\/logo-LG-zonder-URL-2024-1-18x5.png 18w\" sizes=\"(max-width: 1718px) 100vw, 1718px\" \/>\t\t\t\t\t\t\t\t\t\t\t\t\t\t\t<\/div>\n\t\t\t\t<\/div>\n\t\t\t\t<\/div>\n\t\t\t\t\t<\/div>\n\t\t\t\t<\/div>\n\t\t<div class=\"elementor-element elementor-element-11b7f981 e-flex e-con-boxed e-con e-parent\" data-id=\"11b7f981\" data-element_type=\"container\" data-e-type=\"container\">\n\t\t\t\t\t<div class=\"e-con-inner\">\n\t\t\t\t\t<\/div>\n\t\t\t\t<\/div>\n\t\t<div class=\"elementor-element elementor-element-2c409f7e e-flex e-con-boxed e-con e-parent\" data-id=\"2c409f7e\" data-element_type=\"container\" data-e-type=\"container\">\n\t\t\t\t\t<div class=\"e-con-inner\">\n\t\t\t\t\t<\/div>\n\t\t\t\t<\/div>\n\t\t<div class=\"elementor-element elementor-element-2df7e9a2 e-flex e-con-boxed e-con e-parent\" data-id=\"2df7e9a2\" data-element_type=\"container\" data-e-type=\"container\">\n\t\t\t\t\t<div class=\"e-con-inner\">\n\t\t\t\t\t<\/div>\n\t\t\t\t<\/div>\n\t\t<div class=\"elementor-element elementor-element-1ce84ed0 e-flex e-con-boxed e-con e-parent\" data-id=\"1ce84ed0\" data-element_type=\"container\" data-e-type=\"container\">\n\t\t\t\t\t<div class=\"e-con-inner\">\n\t\t\t\t\t<\/div>\n\t\t\t\t<\/div>\n\t\t\t\t<\/div>","protected":false},"excerpt":{"rendered":"<p>No Cure No Pay LodgeGate ist einer der ersten PMS-Anbieter auf dem Markt mit einem Cloud-basierten System oder SaaS-Modell (Software-as-a-Service). Zusammen mit...<\/p>","protected":false},"author":1,"featured_media":0,"parent":0,"menu_order":0,"comment_status":"closed","ping_status":"closed","template":"","meta":{"jetpack_post_was_ever_published":false,"footnotes":""},"class_list":["post-3683","page","type-page","status-publish","hentry"],"yoast_head":"<!-- This site is optimized with the Yoast SEO plugin v27.4 - https:\/\/yoast.com\/product\/yoast-seo-wordpress\/ -->\n<title>No Cure No Pay - LodgeGate PMS<\/title>\n<meta name=\"robots\" content=\"noindex, follow\" \/>\n<meta property=\"og:locale\" content=\"de_DE\" \/>\n<meta property=\"og:type\" content=\"article\" \/>\n<meta property=\"og:title\" content=\"No Cure No Pay - LodgeGate PMS\" \/>\n<meta property=\"og:description\" content=\"No Cure No Pay LodgeGate is \u00e9\u00e9n van de eerste PMS aanbieders op de markt \u00a0met cloud-based systeem oftewel een SaaS (Software-as-a-Service) model. Tezamen met&hellip;\" \/>\n<meta property=\"og:url\" content=\"https:\/\/lodgegate.com\/de\/no-cure-no-pay\/\" \/>\n<meta property=\"og:site_name\" content=\"LodgeGate PMS\" \/>\n<meta property=\"article:publisher\" content=\"https:\/\/www.facebook.com\/LodgeGate.HotelsOnline\/\" \/>\n<meta property=\"article:modified_time\" content=\"2024-11-18T15:29:31+00:00\" \/>\n<meta property=\"og:image\" content=\"http:\/\/lodgegate.com\/wp-content\/uploads\/2024\/11\/ecommerce-2140604_1920-e1731943760119.jpg\" \/>\n<meta name=\"twitter:card\" content=\"summary_large_image\" \/>\n<meta name=\"twitter:label1\" content=\"Gesch\u00e4tzte Lesezeit\" \/>\n\t<meta name=\"twitter:data1\" content=\"4\u00a0Minuten\" \/>\n<script type=\"application\/ld+json\" class=\"yoast-schema-graph\">{\"@context\":\"https:\\\/\\\/schema.org\",\"@graph\":[{\"@type\":\"WebPage\",\"@id\":\"https:\\\/\\\/lodgegate.com\\\/no-cure-no-pay\\\/\",\"url\":\"https:\\\/\\\/lodgegate.com\\\/no-cure-no-pay\\\/\",\"name\":\"No Cure No Pay - LodgeGate PMS\",\"isPartOf\":{\"@id\":\"https:\\\/\\\/lodgegate.com\\\/#website\"},\"primaryImageOfPage\":{\"@id\":\"https:\\\/\\\/lodgegate.com\\\/no-cure-no-pay\\\/#primaryimage\"},\"image\":{\"@id\":\"https:\\\/\\\/lodgegate.com\\\/no-cure-no-pay\\\/#primaryimage\"},\"thumbnailUrl\":\"http:\\\/\\\/lodgegate.com\\\/wp-content\\\/uploads\\\/2024\\\/11\\\/ecommerce-2140604_1920-e1731943760119.jpg\",\"datePublished\":\"2024-11-07T22:05:59+00:00\",\"dateModified\":\"2024-11-18T15:29:31+00:00\",\"breadcrumb\":{\"@id\":\"https:\\\/\\\/lodgegate.com\\\/no-cure-no-pay\\\/#breadcrumb\"},\"inLanguage\":\"de\",\"potentialAction\":[{\"@type\":\"ReadAction\",\"target\":[\"https:\\\/\\\/lodgegate.com\\\/no-cure-no-pay\\\/\"]}]},{\"@type\":\"ImageObject\",\"inLanguage\":\"de\",\"@id\":\"https:\\\/\\\/lodgegate.com\\\/no-cure-no-pay\\\/#primaryimage\",\"url\":\"http:\\\/\\\/lodgegate.com\\\/wp-content\\\/uploads\\\/2024\\\/11\\\/ecommerce-2140604_1920-e1731943760119.jpg\",\"contentUrl\":\"http:\\\/\\\/lodgegate.com\\\/wp-content\\\/uploads\\\/2024\\\/11\\\/ecommerce-2140604_1920-e1731943760119.jpg\"},{\"@type\":\"BreadcrumbList\",\"@id\":\"https:\\\/\\\/lodgegate.com\\\/no-cure-no-pay\\\/#breadcrumb\",\"itemListElement\":[{\"@type\":\"ListItem\",\"position\":1,\"name\":\"Home\",\"item\":\"https:\\\/\\\/lodgegate.com\\\/\"},{\"@type\":\"ListItem\",\"position\":2,\"name\":\"No Cure No Pay\"}]},{\"@type\":\"WebSite\",\"@id\":\"https:\\\/\\\/lodgegate.com\\\/#website\",\"url\":\"https:\\\/\\\/lodgegate.com\\\/\",\"name\":\"LodgeGate PMS\",\"description\":\"Hotelier reserveringssoftware met kanalen distributie\",\"publisher\":{\"@id\":\"https:\\\/\\\/lodgegate.com\\\/#organization\"},\"potentialAction\":[{\"@type\":\"SearchAction\",\"target\":{\"@type\":\"EntryPoint\",\"urlTemplate\":\"https:\\\/\\\/lodgegate.com\\\/?s={search_term_string}\"},\"query-input\":{\"@type\":\"PropertyValueSpecification\",\"valueRequired\":true,\"valueName\":\"search_term_string\"}}],\"inLanguage\":\"de\"},{\"@type\":\"Organization\",\"@id\":\"https:\\\/\\\/lodgegate.com\\\/#organization\",\"name\":\"Hotels Online BV\",\"url\":\"https:\\\/\\\/lodgegate.com\\\/\",\"logo\":{\"@type\":\"ImageObject\",\"inLanguage\":\"de\",\"@id\":\"https:\\\/\\\/lodgegate.com\\\/#\\\/schema\\\/logo\\\/image\\\/\",\"url\":\"http:\\\/\\\/lodgegate.com\\\/wp-content\\\/uploads\\\/2014\\\/06\\\/logo-hotelsonline-geenwebsi.jpg\",\"contentUrl\":\"http:\\\/\\\/lodgegate.com\\\/wp-content\\\/uploads\\\/2014\\\/06\\\/logo-hotelsonline-geenwebsi.jpg\",\"width\":485,\"height\":107,\"caption\":\"Hotels Online BV\"},\"image\":{\"@id\":\"https:\\\/\\\/lodgegate.com\\\/#\\\/schema\\\/logo\\\/image\\\/\"},\"sameAs\":[\"https:\\\/\\\/www.facebook.com\\\/LodgeGate.HotelsOnline\\\/\"]}]}<\/script>\n<!-- \/ Yoast SEO plugin. -->","yoast_head_json":{"title":"No Cure No Pay - LodgeGate PMS","robots":{"index":"noindex","follow":"follow"},"og_locale":"de_DE","og_type":"article","og_title":"No Cure No Pay - LodgeGate PMS","og_description":"No Cure No Pay LodgeGate is \u00e9\u00e9n van de eerste PMS aanbieders op de markt \u00a0met cloud-based systeem oftewel een SaaS (Software-as-a-Service) model. Tezamen met&hellip;","og_url":"https:\/\/lodgegate.com\/de\/no-cure-no-pay\/","og_site_name":"LodgeGate PMS","article_publisher":"https:\/\/www.facebook.com\/LodgeGate.HotelsOnline\/","article_modified_time":"2024-11-18T15:29:31+00:00","og_image":[{"url":"http:\/\/lodgegate.com\/wp-content\/uploads\/2024\/11\/ecommerce-2140604_1920-e1731943760119.jpg","type":"","width":"","height":""}],"twitter_card":"summary_large_image","twitter_misc":{"Gesch\u00e4tzte Lesezeit":"4\u00a0Minuten"},"schema":{"@context":"https:\/\/schema.org","@graph":[{"@type":"WebPage","@id":"https:\/\/lodgegate.com\/no-cure-no-pay\/","url":"https:\/\/lodgegate.com\/no-cure-no-pay\/","name":"No Cure No Pay - LodgeGate PMS","isPartOf":{"@id":"https:\/\/lodgegate.com\/#website"},"primaryImageOfPage":{"@id":"https:\/\/lodgegate.com\/no-cure-no-pay\/#primaryimage"},"image":{"@id":"https:\/\/lodgegate.com\/no-cure-no-pay\/#primaryimage"},"thumbnailUrl":"http:\/\/lodgegate.com\/wp-content\/uploads\/2024\/11\/ecommerce-2140604_1920-e1731943760119.jpg","datePublished":"2024-11-07T22:05:59+00:00","dateModified":"2024-11-18T15:29:31+00:00","breadcrumb":{"@id":"https:\/\/lodgegate.com\/no-cure-no-pay\/#breadcrumb"},"inLanguage":"de","potentialAction":[{"@type":"ReadAction","target":["https:\/\/lodgegate.com\/no-cure-no-pay\/"]}]},{"@type":"ImageObject","inLanguage":"de","@id":"https:\/\/lodgegate.com\/no-cure-no-pay\/#primaryimage","url":"http:\/\/lodgegate.com\/wp-content\/uploads\/2024\/11\/ecommerce-2140604_1920-e1731943760119.jpg","contentUrl":"http:\/\/lodgegate.com\/wp-content\/uploads\/2024\/11\/ecommerce-2140604_1920-e1731943760119.jpg"},{"@type":"BreadcrumbList","@id":"https:\/\/lodgegate.com\/no-cure-no-pay\/#breadcrumb","itemListElement":[{"@type":"ListItem","position":1,"name":"Home","item":"https:\/\/lodgegate.com\/"},{"@type":"ListItem","position":2,"name":"No Cure No Pay"}]},{"@type":"WebSite","@id":"https:\/\/lodgegate.com\/#website","url":"https:\/\/lodgegate.com\/","name":"LodgeGate PMS","description":"Reservierungssoftware f\u00fcr Hoteliers mit Vertriebskanal","publisher":{"@id":"https:\/\/lodgegate.com\/#organization"},"potentialAction":[{"@type":"SearchAction","target":{"@type":"EntryPoint","urlTemplate":"https:\/\/lodgegate.com\/?s={search_term_string}"},"query-input":{"@type":"PropertyValueSpecification","valueRequired":true,"valueName":"search_term_string"}}],"inLanguage":"de"},{"@type":"Organization","@id":"https:\/\/lodgegate.com\/#organization","name":"Hotels Online BV","url":"https:\/\/lodgegate.com\/","logo":{"@type":"ImageObject","inLanguage":"de","@id":"https:\/\/lodgegate.com\/#\/schema\/logo\/image\/","url":"http:\/\/lodgegate.com\/wp-content\/uploads\/2014\/06\/logo-hotelsonline-geenwebsi.jpg","contentUrl":"http:\/\/lodgegate.com\/wp-content\/uploads\/2014\/06\/logo-hotelsonline-geenwebsi.jpg","width":485,"height":107,"caption":"Hotels Online BV"},"image":{"@id":"https:\/\/lodgegate.com\/#\/schema\/logo\/image\/"},"sameAs":["https:\/\/www.facebook.com\/LodgeGate.HotelsOnline\/"]}]}},"jetpack_sharing_enabled":true,"jetpack_shortlink":"https:\/\/wp.me\/PfM5DF-Xp","_links":{"self":[{"href":"https:\/\/lodgegate.com\/de\/wp-json\/wp\/v2\/pages\/3683","targetHints":{"allow":["GET"]}}],"collection":[{"href":"https:\/\/lodgegate.com\/de\/wp-json\/wp\/v2\/pages"}],"about":[{"href":"https:\/\/lodgegate.com\/de\/wp-json\/wp\/v2\/types\/page"}],"author":[{"embeddable":true,"href":"https:\/\/lodgegate.com\/de\/wp-json\/wp\/v2\/users\/1"}],"replies":[{"embeddable":true,"href":"https:\/\/lodgegate.com\/de\/wp-json\/wp\/v2\/comments?post=3683"}],"version-history":[{"count":22,"href":"https:\/\/lodgegate.com\/de\/wp-json\/wp\/v2\/pages\/3683\/revisions"}],"predecessor-version":[{"id":4207,"href":"https:\/\/lodgegate.com\/de\/wp-json\/wp\/v2\/pages\/3683\/revisions\/4207"}],"wp:attachment":[{"href":"https:\/\/lodgegate.com\/de\/wp-json\/wp\/v2\/media?parent=3683"}],"curies":[{"name":"wp","href":"https:\/\/api.w.org\/{rel}","templated":true}]}}