{"id":3692,"date":"2024-11-07T22:09:00","date_gmt":"2024-11-07T22:09:00","guid":{"rendered":"https:\/\/lodgegate.com\/?page_id=3692"},"modified":"2024-11-18T16:31:07","modified_gmt":"2024-11-18T15:31:07","slug":"management-informatie","status":"publish","type":"page","link":"https:\/\/lodgegate.com\/de\/management-informatie\/","title":{"rendered":"Informationen zum Management"},"content":{"rendered":"<div data-elementor-type=\"wp-page\" data-elementor-id=\"3692\" class=\"elementor elementor-3692\" data-elementor-post-type=\"page\">\n\t\t\t\t<div class=\"elementor-element elementor-element-6e37e37c e-flex e-con-boxed e-con e-parent\" data-id=\"6e37e37c\" data-element_type=\"container\" data-e-type=\"container\">\n\t\t\t\t\t<div class=\"e-con-inner\">\n\t\t<div class=\"elementor-element elementor-element-14f2492 e-con-full e-flex e-con e-child\" data-id=\"14f2492\" data-element_type=\"container\" data-e-type=\"container\">\n\t\t\t\t<div class=\"elementor-element elementor-element-4932ed14 elementor-widget elementor-widget-heading\" data-id=\"4932ed14\" data-element_type=\"widget\" data-e-type=\"widget\" data-widget_type=\"heading.default\">\n\t\t\t\t<div class=\"elementor-widget-container\">\n\t\t\t\t\t<h2 class=\"elementor-heading-title elementor-size-default\">Management-Informationen im Dashboard\n<\/h2>\t\t\t\t<\/div>\n\t\t\t\t<\/div>\n\t\t\t\t<div class=\"elementor-element elementor-element-7dbda07e elementor-widget elementor-widget-text-editor\" data-id=\"7dbda07e\" data-element_type=\"widget\" data-e-type=\"widget\" data-widget_type=\"text-editor.default\">\n\t\t\t\t<div class=\"elementor-widget-container\">\n\t\t\t\t\t\t\t\t\t<p>Das LodgeGate Dashboard ist ein leistungsf\u00e4higes Tool, das Hotelmanagern und -mitarbeitern einen sofortigen Einblick in den t\u00e4glichen Betrieb erm\u00f6glicht. Das Dashboard fungiert als klarer, zentraler Punkt, an dem alle wichtigen Daten und Statistiken in Echtzeit angezeigt werden. Denken Sie an Informationen \u00fcber Zimmerbelegung, ankommende und abreisende G\u00e4ste, Reinigungsstatus, Reservierungen und Einnahmequellen.<\/p><h3>Das Dashboard kann mit Informationen f\u00fcr jeden Benutzer individuell gestaltet werden:<\/h3><ol><li><p><strong>Belegung und Verf\u00fcgbarkeit<\/strong>Das Dashboard zeigt auf einen Blick, welche Zimmer verf\u00fcgbar, belegt oder in Wartung sind. Dies hilft dem Front-Office-Team, die Verf\u00fcgbarkeit schnell zu pr\u00fcfen und \u00dcberbuchungen zu vermeiden.<\/p><\/li><li><p><strong>Reservierungen und Stornierungen<\/strong>Das Dashboard zeigt einen \u00dcberblick \u00fcber neue Reservierungen, \u00c4nderungen und Stornierungen. So k\u00f6nnen Sie ganz einfach die Belegung optimieren und Planungsl\u00fccken schlie\u00dfen.<\/p><\/li><li><p><strong>Informationen f\u00fcr G\u00e4ste<\/strong>Das Dashboard bietet Zugriff auf G\u00e4steprofile mit Daten wie Ankunfts- und Abreisezeiten, Sonderw\u00fcnschen und Unterkunftspr\u00e4ferenzen. So k\u00f6nnen die Mitarbeiter einen personalisierten Service bieten und das G\u00e4steerlebnis verbessern.<\/p><\/li><li><p><strong>Reinigung und Pflege<\/strong>Ein Reinigungsmodul erm\u00f6glicht es Housekeeping-Teams, den Status der einzelnen Zimmer zu verwalten. Das Dashboard zeigt beispielsweise an, welche Zimmer f\u00fcr neue G\u00e4ste bereit sind und welche noch gereinigt werden m\u00fcssen, was die betriebliche Effizienz erh\u00f6ht.<\/p><\/li><li><p><strong>Finanzieller \u00dcberblick<\/strong>Der Finanzteil bietet einen Einblick in die t\u00e4glichen Ums\u00e4tze, Transaktionen und ausstehenden Zahlungen. So k\u00f6nnen Hotelmanager die finanzielle Leistung \u00fcberwachen und Budgets genau verwalten.<\/p><\/li><li><p><strong>Wichtige Leistungsindikatoren (KPIs)<\/strong>Viele Dashboards bieten KPIs wie RevPAR (Revenue per Available Room), ADR (Average Daily Rate) und Belegungsrate. Diese Zahlen vermitteln ein klares Bild von der Leistung des Hotels und erm\u00f6glichen es dem Management, strategische Entscheidungen auf der Grundlage aktueller Daten zu treffen.<\/p><\/li><\/ol><h3>Vorteile des Dashboards<\/h3><p>Das LodgeGate Dashboard tr\u00e4gt zu einer h\u00f6heren Effizienz bei, da die Mitarbeiter weniger Zeit mit Verwaltungsaufgaben verbringen und einfachen Zugang zu wichtigen Informationen haben. Au\u00dferdem k\u00f6nnen Trends und Anomalien fr\u00fchzeitig erkannt werden, was eine proaktive Herangehensweise an Probleme erm\u00f6glicht. Dies verbessert die betriebliche Effizienz und spart Kosten, was sich langfristig positiv auf die Zufriedenheit der G\u00e4ste und die Rentabilit\u00e4t des Hotels auswirkt.<\/p>\t\t\t\t\t\t\t\t<\/div>\n\t\t\t\t<\/div>\n\t\t\t\t<\/div>\n\t\t<div class=\"elementor-element elementor-element-6233532a e-con-full e-flex e-con e-child\" data-id=\"6233532a\" data-element_type=\"container\" data-e-type=\"container\">\n\t\t\t\t<div class=\"elementor-element elementor-element-788de984 elementor-widget elementor-widget-image\" data-id=\"788de984\" data-element_type=\"widget\" data-e-type=\"widget\" data-widget_type=\"image.default\">\n\t\t\t\t<div class=\"elementor-widget-container\">\n\t\t\t\t\t\t\t\t\t\t\t\t\t\t\t<img fetchpriority=\"high\" decoding=\"async\" width=\"1151\" height=\"721\" src=\"https:\/\/lodgegate.com\/wp-content\/uploads\/2024\/11\/LG-Dashboard-image.jpg\" class=\"attachment-full size-full wp-image-4208\" alt=\"\" srcset=\"https:\/\/lodgegate.com\/wp-content\/uploads\/2024\/11\/LG-Dashboard-image.jpg 1151w, https:\/\/lodgegate.com\/wp-content\/uploads\/2024\/11\/LG-Dashboard-image-300x188.jpg 300w, https:\/\/lodgegate.com\/wp-content\/uploads\/2024\/11\/LG-Dashboard-image-1024x641.jpg 1024w, https:\/\/lodgegate.com\/wp-content\/uploads\/2024\/11\/LG-Dashboard-image-768x481.jpg 768w, https:\/\/lodgegate.com\/wp-content\/uploads\/2024\/11\/LG-Dashboard-image-18x12.jpg 18w\" sizes=\"(max-width: 1151px) 100vw, 1151px\" \/>\t\t\t\t\t\t\t\t\t\t\t\t\t\t\t<\/div>\n\t\t\t\t<\/div>\n\t\t\t\t<div class=\"elementor-element elementor-element-3653ce2c elementor-widget elementor-widget-image\" data-id=\"3653ce2c\" data-element_type=\"widget\" data-e-type=\"widget\" data-widget_type=\"image.default\">\n\t\t\t\t<div class=\"elementor-widget-container\">\n\t\t\t\t\t\t\t\t\t\t\t\t\t\t\t<img decoding=\"async\" width=\"1718\" height=\"503\" src=\"https:\/\/lodgegate.com\/wp-content\/uploads\/2024\/08\/logo-LG-zonder-URL-2024-1.png\" class=\"attachment-full size-full wp-image-2604\" alt=\"\" srcset=\"https:\/\/lodgegate.com\/wp-content\/uploads\/2024\/08\/logo-LG-zonder-URL-2024-1.png 1718w, https:\/\/lodgegate.com\/wp-content\/uploads\/2024\/08\/logo-LG-zonder-URL-2024-1-300x88.png 300w, https:\/\/lodgegate.com\/wp-content\/uploads\/2024\/08\/logo-LG-zonder-URL-2024-1-1024x300.png 1024w, https:\/\/lodgegate.com\/wp-content\/uploads\/2024\/08\/logo-LG-zonder-URL-2024-1-768x225.png 768w, https:\/\/lodgegate.com\/wp-content\/uploads\/2024\/08\/logo-LG-zonder-URL-2024-1-1536x450.png 1536w, https:\/\/lodgegate.com\/wp-content\/uploads\/2024\/08\/logo-LG-zonder-URL-2024-1-18x5.png 18w\" sizes=\"(max-width: 1718px) 100vw, 1718px\" \/>\t\t\t\t\t\t\t\t\t\t\t\t\t\t\t<\/div>\n\t\t\t\t<\/div>\n\t\t\t\t<\/div>\n\t\t\t\t\t<\/div>\n\t\t\t\t<\/div>\n\t\t<div class=\"elementor-element elementor-element-3f8be66c e-flex e-con-boxed e-con e-parent\" data-id=\"3f8be66c\" data-element_type=\"container\" data-e-type=\"container\">\n\t\t\t\t\t<div class=\"e-con-inner\">\n\t\t\t\t\t<\/div>\n\t\t\t\t<\/div>\n\t\t<div class=\"elementor-element elementor-element-549549eb e-flex e-con-boxed e-con e-parent\" data-id=\"549549eb\" data-element_type=\"container\" data-e-type=\"container\">\n\t\t\t\t\t<div class=\"e-con-inner\">\n\t\t\t\t\t<\/div>\n\t\t\t\t<\/div>\n\t\t<div class=\"elementor-element elementor-element-24ec5f50 e-flex e-con-boxed e-con e-parent\" data-id=\"24ec5f50\" data-element_type=\"container\" data-e-type=\"container\">\n\t\t\t\t\t<div class=\"e-con-inner\">\n\t\t\t\t\t<\/div>\n\t\t\t\t<\/div>\n\t\t<div class=\"elementor-element elementor-element-4265dd7f e-flex e-con-boxed e-con e-parent\" data-id=\"4265dd7f\" data-element_type=\"container\" data-e-type=\"container\">\n\t\t\t\t\t<div class=\"e-con-inner\">\n\t\t\t\t\t<\/div>\n\t\t\t\t<\/div>\n\t\t\t\t<\/div>","protected":false},"excerpt":{"rendered":"<p>Management-Informationen im Dashboard Das LodgeGate Dashboard ist ein leistungsstarkes Tool, das Hotelmanagern und -mitarbeitern sofortigen Einblick in den t\u00e4glichen Betrieb gibt....<\/p>","protected":false},"author":1,"featured_media":0,"parent":0,"menu_order":0,"comment_status":"closed","ping_status":"closed","template":"","meta":{"footnotes":""},"class_list":["post-3692","page","type-page","status-publish","hentry"],"yoast_head":"<!-- This site is optimized with the Yoast SEO plugin v27.5 - https:\/\/yoast.com\/product\/yoast-seo-wordpress\/ -->\n<title>Management informatie - LodgeGate PMS<\/title>\n<meta name=\"robots\" content=\"noindex, follow\" \/>\n<meta property=\"og:locale\" content=\"de_DE\" \/>\n<meta property=\"og:type\" content=\"article\" \/>\n<meta property=\"og:title\" content=\"Management informatie - LodgeGate PMS\" \/>\n<meta property=\"og:description\" content=\"Management informatie in het Dashboard Het LodgeGate dashboard is een krachtig hulpmiddel dat hotelmanagers en -personeel direct inzicht biedt in de dagelijkse gang van zaken.&hellip;\" \/>\n<meta property=\"og:url\" content=\"https:\/\/lodgegate.com\/de\/management-informatie\/\" \/>\n<meta property=\"og:site_name\" content=\"LodgeGate PMS\" \/>\n<meta property=\"article:publisher\" content=\"https:\/\/www.facebook.com\/LodgeGate.HotelsOnline\/\" \/>\n<meta property=\"article:modified_time\" content=\"2024-11-18T15:31:07+00:00\" \/>\n<meta property=\"og:image\" content=\"http:\/\/lodgegate.com\/wp-content\/uploads\/2024\/11\/LG-Dashboard-image.jpg\" \/>\n<meta name=\"twitter:card\" content=\"summary_large_image\" \/>\n<meta name=\"twitter:label1\" content=\"Gesch\u00e4tzte Lesezeit\" \/>\n\t<meta name=\"twitter:data1\" content=\"3\u00a0Minuten\" \/>\n<script type=\"application\/ld+json\" class=\"yoast-schema-graph\">{\"@context\":\"https:\\\/\\\/schema.org\",\"@graph\":[{\"@type\":\"WebPage\",\"@id\":\"https:\\\/\\\/lodgegate.com\\\/management-informatie\\\/\",\"url\":\"https:\\\/\\\/lodgegate.com\\\/management-informatie\\\/\",\"name\":\"Management informatie - LodgeGate PMS\",\"isPartOf\":{\"@id\":\"https:\\\/\\\/lodgegate.com\\\/#website\"},\"primaryImageOfPage\":{\"@id\":\"https:\\\/\\\/lodgegate.com\\\/management-informatie\\\/#primaryimage\"},\"image\":{\"@id\":\"https:\\\/\\\/lodgegate.com\\\/management-informatie\\\/#primaryimage\"},\"thumbnailUrl\":\"http:\\\/\\\/lodgegate.com\\\/wp-content\\\/uploads\\\/2024\\\/11\\\/LG-Dashboard-image.jpg\",\"datePublished\":\"2024-11-07T22:09:00+00:00\",\"dateModified\":\"2024-11-18T15:31:07+00:00\",\"breadcrumb\":{\"@id\":\"https:\\\/\\\/lodgegate.com\\\/management-informatie\\\/#breadcrumb\"},\"inLanguage\":\"de\",\"potentialAction\":[{\"@type\":\"ReadAction\",\"target\":[\"https:\\\/\\\/lodgegate.com\\\/management-informatie\\\/\"]}]},{\"@type\":\"ImageObject\",\"inLanguage\":\"de\",\"@id\":\"https:\\\/\\\/lodgegate.com\\\/management-informatie\\\/#primaryimage\",\"url\":\"http:\\\/\\\/lodgegate.com\\\/wp-content\\\/uploads\\\/2024\\\/11\\\/LG-Dashboard-image.jpg\",\"contentUrl\":\"http:\\\/\\\/lodgegate.com\\\/wp-content\\\/uploads\\\/2024\\\/11\\\/LG-Dashboard-image.jpg\"},{\"@type\":\"BreadcrumbList\",\"@id\":\"https:\\\/\\\/lodgegate.com\\\/management-informatie\\\/#breadcrumb\",\"itemListElement\":[{\"@type\":\"ListItem\",\"position\":1,\"name\":\"Home\",\"item\":\"https:\\\/\\\/lodgegate.com\\\/\"},{\"@type\":\"ListItem\",\"position\":2,\"name\":\"Management informatie\"}]},{\"@type\":\"WebSite\",\"@id\":\"https:\\\/\\\/lodgegate.com\\\/#website\",\"url\":\"https:\\\/\\\/lodgegate.com\\\/\",\"name\":\"LodgeGate PMS\",\"description\":\"Hotelier reserveringssoftware met kanalen distributie\",\"publisher\":{\"@id\":\"https:\\\/\\\/lodgegate.com\\\/#organization\"},\"potentialAction\":[{\"@type\":\"SearchAction\",\"target\":{\"@type\":\"EntryPoint\",\"urlTemplate\":\"https:\\\/\\\/lodgegate.com\\\/?s={search_term_string}\"},\"query-input\":{\"@type\":\"PropertyValueSpecification\",\"valueRequired\":true,\"valueName\":\"search_term_string\"}}],\"inLanguage\":\"de\"},{\"@type\":\"Organization\",\"@id\":\"https:\\\/\\\/lodgegate.com\\\/#organization\",\"name\":\"Hotels Online BV\",\"url\":\"https:\\\/\\\/lodgegate.com\\\/\",\"logo\":{\"@type\":\"ImageObject\",\"inLanguage\":\"de\",\"@id\":\"https:\\\/\\\/lodgegate.com\\\/#\\\/schema\\\/logo\\\/image\\\/\",\"url\":\"http:\\\/\\\/lodgegate.com\\\/wp-content\\\/uploads\\\/2014\\\/06\\\/logo-hotelsonline-geenwebsi.jpg\",\"contentUrl\":\"http:\\\/\\\/lodgegate.com\\\/wp-content\\\/uploads\\\/2014\\\/06\\\/logo-hotelsonline-geenwebsi.jpg\",\"width\":485,\"height\":107,\"caption\":\"Hotels Online BV\"},\"image\":{\"@id\":\"https:\\\/\\\/lodgegate.com\\\/#\\\/schema\\\/logo\\\/image\\\/\"},\"sameAs\":[\"https:\\\/\\\/www.facebook.com\\\/LodgeGate.HotelsOnline\\\/\"]}]}<\/script>\n<!-- \/ Yoast SEO plugin. -->","yoast_head_json":{"title":"Management informatie - LodgeGate PMS","robots":{"index":"noindex","follow":"follow"},"og_locale":"de_DE","og_type":"article","og_title":"Management informatie - LodgeGate PMS","og_description":"Management informatie in het Dashboard Het LodgeGate dashboard is een krachtig hulpmiddel dat hotelmanagers en -personeel direct inzicht biedt in de dagelijkse gang van zaken.&hellip;","og_url":"https:\/\/lodgegate.com\/de\/management-informatie\/","og_site_name":"LodgeGate PMS","article_publisher":"https:\/\/www.facebook.com\/LodgeGate.HotelsOnline\/","article_modified_time":"2024-11-18T15:31:07+00:00","og_image":[{"url":"http:\/\/lodgegate.com\/wp-content\/uploads\/2024\/11\/LG-Dashboard-image.jpg","type":"","width":"","height":""}],"twitter_card":"summary_large_image","twitter_misc":{"Gesch\u00e4tzte Lesezeit":"3\u00a0Minuten"},"schema":{"@context":"https:\/\/schema.org","@graph":[{"@type":"WebPage","@id":"https:\/\/lodgegate.com\/management-informatie\/","url":"https:\/\/lodgegate.com\/management-informatie\/","name":"Management informatie - LodgeGate PMS","isPartOf":{"@id":"https:\/\/lodgegate.com\/#website"},"primaryImageOfPage":{"@id":"https:\/\/lodgegate.com\/management-informatie\/#primaryimage"},"image":{"@id":"https:\/\/lodgegate.com\/management-informatie\/#primaryimage"},"thumbnailUrl":"http:\/\/lodgegate.com\/wp-content\/uploads\/2024\/11\/LG-Dashboard-image.jpg","datePublished":"2024-11-07T22:09:00+00:00","dateModified":"2024-11-18T15:31:07+00:00","breadcrumb":{"@id":"https:\/\/lodgegate.com\/management-informatie\/#breadcrumb"},"inLanguage":"de","potentialAction":[{"@type":"ReadAction","target":["https:\/\/lodgegate.com\/management-informatie\/"]}]},{"@type":"ImageObject","inLanguage":"de","@id":"https:\/\/lodgegate.com\/management-informatie\/#primaryimage","url":"http:\/\/lodgegate.com\/wp-content\/uploads\/2024\/11\/LG-Dashboard-image.jpg","contentUrl":"http:\/\/lodgegate.com\/wp-content\/uploads\/2024\/11\/LG-Dashboard-image.jpg"},{"@type":"BreadcrumbList","@id":"https:\/\/lodgegate.com\/management-informatie\/#breadcrumb","itemListElement":[{"@type":"ListItem","position":1,"name":"Home","item":"https:\/\/lodgegate.com\/"},{"@type":"ListItem","position":2,"name":"Management informatie"}]},{"@type":"WebSite","@id":"https:\/\/lodgegate.com\/#website","url":"https:\/\/lodgegate.com\/","name":"LodgeGate PMS","description":"Reservierungssoftware f\u00fcr Hoteliers mit Vertriebskanal","publisher":{"@id":"https:\/\/lodgegate.com\/#organization"},"potentialAction":[{"@type":"SearchAction","target":{"@type":"EntryPoint","urlTemplate":"https:\/\/lodgegate.com\/?s={search_term_string}"},"query-input":{"@type":"PropertyValueSpecification","valueRequired":true,"valueName":"search_term_string"}}],"inLanguage":"de"},{"@type":"Organization","@id":"https:\/\/lodgegate.com\/#organization","name":"Hotels Online BV","url":"https:\/\/lodgegate.com\/","logo":{"@type":"ImageObject","inLanguage":"de","@id":"https:\/\/lodgegate.com\/#\/schema\/logo\/image\/","url":"http:\/\/lodgegate.com\/wp-content\/uploads\/2014\/06\/logo-hotelsonline-geenwebsi.jpg","contentUrl":"http:\/\/lodgegate.com\/wp-content\/uploads\/2014\/06\/logo-hotelsonline-geenwebsi.jpg","width":485,"height":107,"caption":"Hotels Online BV"},"image":{"@id":"https:\/\/lodgegate.com\/#\/schema\/logo\/image\/"},"sameAs":["https:\/\/www.facebook.com\/LodgeGate.HotelsOnline\/"]}]}},"jetpack_sharing_enabled":true,"jetpack_shortlink":"https:\/\/wp.me\/PfM5DF-Xy","_links":{"self":[{"href":"https:\/\/lodgegate.com\/de\/wp-json\/wp\/v2\/pages\/3692","targetHints":{"allow":["GET"]}}],"collection":[{"href":"https:\/\/lodgegate.com\/de\/wp-json\/wp\/v2\/pages"}],"about":[{"href":"https:\/\/lodgegate.com\/de\/wp-json\/wp\/v2\/types\/page"}],"author":[{"embeddable":true,"href":"https:\/\/lodgegate.com\/de\/wp-json\/wp\/v2\/users\/1"}],"replies":[{"embeddable":true,"href":"https:\/\/lodgegate.com\/de\/wp-json\/wp\/v2\/comments?post=3692"}],"version-history":[{"count":16,"href":"https:\/\/lodgegate.com\/de\/wp-json\/wp\/v2\/pages\/3692\/revisions"}],"predecessor-version":[{"id":4211,"href":"https:\/\/lodgegate.com\/de\/wp-json\/wp\/v2\/pages\/3692\/revisions\/4211"}],"wp:attachment":[{"href":"https:\/\/lodgegate.com\/de\/wp-json\/wp\/v2\/media?parent=3692"}],"curies":[{"name":"wp","href":"https:\/\/api.w.org\/{rel}","templated":true}]}}