{"id":3698,"date":"2024-11-07T22:10:54","date_gmt":"2024-11-07T22:10:54","guid":{"rendered":"https:\/\/lodgegate.com\/?page_id=3698"},"modified":"2024-11-18T16:35:49","modified_gmt":"2024-11-18T15:35:49","slug":"rapportages-analyses","status":"publish","type":"page","link":"https:\/\/lodgegate.com\/de\/rapportages-analyses\/","title":{"rendered":"Berichte &amp; Analysen"},"content":{"rendered":"<div data-elementor-type=\"wp-page\" data-elementor-id=\"3698\" class=\"elementor elementor-3698\" data-elementor-post-type=\"page\">\n\t\t\t\t<div class=\"elementor-element elementor-element-451ff735 e-flex e-con-boxed e-con e-parent\" data-id=\"451ff735\" data-element_type=\"container\" data-e-type=\"container\">\n\t\t\t\t\t<div class=\"e-con-inner\">\n\t\t<div class=\"elementor-element elementor-element-46d96caf e-con-full e-flex e-con e-child\" data-id=\"46d96caf\" data-element_type=\"container\" data-e-type=\"container\">\n\t\t\t\t<div class=\"elementor-element elementor-element-279c0659 elementor-widget elementor-widget-heading\" data-id=\"279c0659\" data-element_type=\"widget\" data-e-type=\"widget\" data-widget_type=\"heading.default\">\n\t\t\t\t<div class=\"elementor-widget-container\">\n\t\t\t\t\t<h2 class=\"elementor-heading-title elementor-size-default\">Berichte &amp; Analysen<\/h2>\t\t\t\t<\/div>\n\t\t\t\t<\/div>\n\t\t\t\t<div class=\"elementor-element elementor-element-11ec1f72 elementor-widget elementor-widget-text-editor\" data-id=\"11ec1f72\" data-element_type=\"widget\" data-e-type=\"widget\" data-widget_type=\"text-editor.default\">\n\t\t\t\t<div class=\"elementor-widget-container\">\n\t\t\t\t\t\t\t\t\t<p><strong>Einblicke und individuelle Anpassung Ihrer Berichte<\/strong><br \/>LodgeGate PMS gibt Ihnen die Freiheit, Ihre eigenen Berichte zu erstellen, die ganz auf Ihre individuellen Bed\u00fcrfnisse zugeschnitten sind. Auch ohne technische Kenntnisse k\u00f6nnen Sie mit wenigen Klicks tiefgreifende Analysen Ihrer Gesch\u00e4ftsergebnisse durchf\u00fchren. Visualisieren Sie Trends, erkennen Sie Chancen und treffen Sie fundierte Entscheidungen. Die intuitive Benutzeroberfl\u00e4che macht es jedem leicht, komplexe Daten \u00fcbersichtlich darzustellen und zu verstehen.<\/p><p><strong>Unterst\u00fctzung bei der Zusammenstellung Ihrer Berichte<\/strong><br \/>Ben\u00f6tigen Sie Hilfe beim Einrichten Ihrer eigenen Berichte? Unser fachkundiges Support-Team steht Ihnen zur Seite. Ganz gleich, ob Sie bestimmte Statistiken analysieren oder Einblicke in komplexe Datenstrukturen geben m\u00f6chten, wir helfen Ihnen gerne dabei, Berichte zu erstellen, die Ihren Zielen entsprechen. Sie k\u00f6nnen sich auf professionelle Unterst\u00fctzung verlassen, damit Sie schnell loslegen und alle M\u00f6glichkeiten voll aussch\u00f6pfen k\u00f6nnen.<\/p><p><strong>Nahtlose Integration mit Buchhaltungssoftware<\/strong><br \/>Die Aktualisierung und Verwaltung Ihrer Daten ist mit LodgeGate PMS ein Kinderspiel. Haben Sie Ihre Zahlen fertig? Exportieren Sie sie direkt in g\u00e4ngige Buchhaltungsprogramme wie Exact Online. So bleiben Ihre Aufzeichnungen \u00fcbersichtlich, Fehler durch manuelle Eingaben werden vermieden und Sie sparen Zeit, die Sie mit Ihren G\u00e4sten verbringen k\u00f6nnen. Die Integration ist so konzipiert, dass sie reibungslos und ohne technische Herausforderungen funktioniert, so dass Sie sich auf das konzentrieren k\u00f6nnen, was wirklich wichtig ist.<\/p><p><strong>Flexible Exportoptionen f\u00fcr Ihre Bed\u00fcrfnisse<\/strong><br \/>M\u00f6chten Sie Ihre Berichte weitergeben oder weiterverarbeiten? Mit LodgeGate PMS exportieren Sie Ihre Daten im Handumdrehen in eine Vielzahl von Formaten wie Word, Excel, HTML, CSV und XML. Ganz gleich, ob Sie Informationen an einen Kollegen, einen Buchhalter oder einen externen Partner weitergeben m\u00f6chten, mit LodgeGate ist die Weitergabe von Berichten einfach und effizient. Dank der benutzerfreundlichen Exportfunktionen m\u00fcssen Sie sich keine Gedanken \u00fcber Kompatibilit\u00e4tsprobleme oder zus\u00e4tzliche Anpassungen machen.<\/p><p><strong>Benutzerfreundlichkeit und Professionalit\u00e4t in einer L\u00f6sung<\/strong><br \/>Bei LodgeGate PMS steht die Benutzerfreundlichkeit im Vordergrund. Alles, von der Erstellung von Berichten bis hin zum Export und der Integration mit anderen Systemen, ist so konzipiert, dass es intuitiv und effizient ist. Sie m\u00fcssen kein IT-Spezialist sein, um das Beste aus unserer Software herauszuholen. Mit LodgeGate PMS heben Sie nicht nur Ihre Gesch\u00e4ftsabl\u00e4ufe auf die n\u00e4chste Stufe, sondern strahlen auch Professionalit\u00e4t auf Ihr Team und Ihre externen Partner aus.<\/p>\t\t\t\t\t\t\t\t<\/div>\n\t\t\t\t<\/div>\n\t\t\t\t<\/div>\n\t\t<div class=\"elementor-element elementor-element-3cd46b6d e-con-full e-flex e-con e-child\" data-id=\"3cd46b6d\" data-element_type=\"container\" data-e-type=\"container\">\n\t\t\t\t<div class=\"elementor-element elementor-element-45f71f83 elementor-widget elementor-widget-image\" data-id=\"45f71f83\" data-element_type=\"widget\" data-e-type=\"widget\" data-widget_type=\"image.default\">\n\t\t\t\t<div class=\"elementor-widget-container\">\n\t\t\t\t\t\t\t\t\t\t\t\t\t\t\t<img fetchpriority=\"high\" decoding=\"async\" width=\"1920\" height=\"1407\" src=\"https:\/\/lodgegate.com\/wp-content\/uploads\/2024\/11\/glasses-5146199_1920.jpg\" class=\"attachment-full size-full wp-image-4212\" alt=\"\" srcset=\"https:\/\/lodgegate.com\/wp-content\/uploads\/2024\/11\/glasses-5146199_1920.jpg 1920w, https:\/\/lodgegate.com\/wp-content\/uploads\/2024\/11\/glasses-5146199_1920-300x220.jpg 300w, https:\/\/lodgegate.com\/wp-content\/uploads\/2024\/11\/glasses-5146199_1920-1024x750.jpg 1024w, https:\/\/lodgegate.com\/wp-content\/uploads\/2024\/11\/glasses-5146199_1920-768x563.jpg 768w, https:\/\/lodgegate.com\/wp-content\/uploads\/2024\/11\/glasses-5146199_1920-1536x1126.jpg 1536w, https:\/\/lodgegate.com\/wp-content\/uploads\/2024\/11\/glasses-5146199_1920-16x12.jpg 16w\" sizes=\"(max-width: 1920px) 100vw, 1920px\" \/>\t\t\t\t\t\t\t\t\t\t\t\t\t\t\t<\/div>\n\t\t\t\t<\/div>\n\t\t\t\t<div class=\"elementor-element elementor-element-6dd0b5ca elementor-widget elementor-widget-image\" data-id=\"6dd0b5ca\" data-element_type=\"widget\" data-e-type=\"widget\" data-widget_type=\"image.default\">\n\t\t\t\t<div class=\"elementor-widget-container\">\n\t\t\t\t\t\t\t\t\t\t\t\t\t\t\t<img decoding=\"async\" width=\"1718\" height=\"503\" src=\"https:\/\/lodgegate.com\/wp-content\/uploads\/2024\/08\/logo-LG-zonder-URL-2024-1.png\" class=\"attachment-full size-full wp-image-2604\" alt=\"\" srcset=\"https:\/\/lodgegate.com\/wp-content\/uploads\/2024\/08\/logo-LG-zonder-URL-2024-1.png 1718w, https:\/\/lodgegate.com\/wp-content\/uploads\/2024\/08\/logo-LG-zonder-URL-2024-1-300x88.png 300w, https:\/\/lodgegate.com\/wp-content\/uploads\/2024\/08\/logo-LG-zonder-URL-2024-1-1024x300.png 1024w, https:\/\/lodgegate.com\/wp-content\/uploads\/2024\/08\/logo-LG-zonder-URL-2024-1-768x225.png 768w, https:\/\/lodgegate.com\/wp-content\/uploads\/2024\/08\/logo-LG-zonder-URL-2024-1-1536x450.png 1536w, https:\/\/lodgegate.com\/wp-content\/uploads\/2024\/08\/logo-LG-zonder-URL-2024-1-18x5.png 18w\" sizes=\"(max-width: 1718px) 100vw, 1718px\" \/>\t\t\t\t\t\t\t\t\t\t\t\t\t\t\t<\/div>\n\t\t\t\t<\/div>\n\t\t\t\t<\/div>\n\t\t\t\t\t<\/div>\n\t\t\t\t<\/div>\n\t\t<div class=\"elementor-element elementor-element-6fc01d4 e-flex e-con-boxed e-con e-parent\" data-id=\"6fc01d4\" data-element_type=\"container\" data-e-type=\"container\">\n\t\t\t\t\t<div class=\"e-con-inner\">\n\t\t\t\t\t<\/div>\n\t\t\t\t<\/div>\n\t\t<div class=\"elementor-element elementor-element-c2c5348 e-flex e-con-boxed e-con e-parent\" data-id=\"c2c5348\" data-element_type=\"container\" data-e-type=\"container\">\n\t\t\t\t\t<div class=\"e-con-inner\">\n\t\t\t\t\t<\/div>\n\t\t\t\t<\/div>\n\t\t<div class=\"elementor-element elementor-element-6a7fa675 e-flex e-con-boxed e-con e-parent\" data-id=\"6a7fa675\" data-element_type=\"container\" data-e-type=\"container\">\n\t\t\t\t\t<div class=\"e-con-inner\">\n\t\t\t\t\t<\/div>\n\t\t\t\t<\/div>\n\t\t<div class=\"elementor-element elementor-element-4136b358 e-flex e-con-boxed e-con e-parent\" data-id=\"4136b358\" data-element_type=\"container\" data-e-type=\"container\">\n\t\t\t\t\t<div class=\"e-con-inner\">\n\t\t\t\t\t<\/div>\n\t\t\t\t<\/div>\n\t\t\t\t<\/div>","protected":false},"excerpt":{"rendered":"<p>Rapportages &amp; Analyses Inzicht en maatwerk in uw rapportagesLodgeGate PMS geeft u de vrijheid om uw eigen rapportagesets samen te stellen, volledig afgestemd op uw&hellip;<\/p>","protected":false},"author":1,"featured_media":0,"parent":0,"menu_order":0,"comment_status":"closed","ping_status":"closed","template":"","meta":{"footnotes":""},"class_list":["post-3698","page","type-page","status-publish","hentry"],"yoast_head":"<!-- This site is optimized with the Yoast SEO plugin v27.5 - https:\/\/yoast.com\/product\/yoast-seo-wordpress\/ -->\n<title>Rapportages &amp; Analyses - LodgeGate PMS<\/title>\n<meta name=\"robots\" content=\"noindex, follow\" \/>\n<meta property=\"og:locale\" content=\"de_DE\" \/>\n<meta property=\"og:type\" content=\"article\" \/>\n<meta property=\"og:title\" content=\"Rapportages &amp; Analyses - LodgeGate PMS\" \/>\n<meta property=\"og:description\" content=\"Rapportages &amp; Analyses Inzicht en maatwerk in uw rapportagesLodgeGate PMS geeft u de vrijheid om uw eigen rapportagesets samen te stellen, volledig afgestemd op uw&hellip;\" \/>\n<meta property=\"og:url\" content=\"https:\/\/lodgegate.com\/de\/rapportages-analyses\/\" \/>\n<meta property=\"og:site_name\" content=\"LodgeGate PMS\" \/>\n<meta property=\"article:publisher\" content=\"https:\/\/www.facebook.com\/LodgeGate.HotelsOnline\/\" \/>\n<meta property=\"article:modified_time\" content=\"2024-11-18T15:35:49+00:00\" \/>\n<meta property=\"og:image\" content=\"https:\/\/lodgegate.com\/wp-content\/uploads\/2024\/11\/glasses-5146199_1920.jpg\" \/>\n\t<meta property=\"og:image:width\" content=\"1920\" \/>\n\t<meta property=\"og:image:height\" content=\"1407\" \/>\n\t<meta property=\"og:image:type\" content=\"image\/jpeg\" \/>\n<meta name=\"twitter:card\" content=\"summary_large_image\" \/>\n<meta name=\"twitter:label1\" content=\"Gesch\u00e4tzte Lesezeit\" \/>\n\t<meta name=\"twitter:data1\" content=\"3\u00a0Minuten\" \/>\n<script type=\"application\/ld+json\" class=\"yoast-schema-graph\">{\"@context\":\"https:\\\/\\\/schema.org\",\"@graph\":[{\"@type\":\"WebPage\",\"@id\":\"https:\\\/\\\/lodgegate.com\\\/rapportages-analyses\\\/\",\"url\":\"https:\\\/\\\/lodgegate.com\\\/rapportages-analyses\\\/\",\"name\":\"Rapportages & Analyses - LodgeGate PMS\",\"isPartOf\":{\"@id\":\"https:\\\/\\\/lodgegate.com\\\/#website\"},\"primaryImageOfPage\":{\"@id\":\"https:\\\/\\\/lodgegate.com\\\/rapportages-analyses\\\/#primaryimage\"},\"image\":{\"@id\":\"https:\\\/\\\/lodgegate.com\\\/rapportages-analyses\\\/#primaryimage\"},\"thumbnailUrl\":\"http:\\\/\\\/lodgegate.com\\\/wp-content\\\/uploads\\\/2024\\\/11\\\/glasses-5146199_1920.jpg\",\"datePublished\":\"2024-11-07T22:10:54+00:00\",\"dateModified\":\"2024-11-18T15:35:49+00:00\",\"breadcrumb\":{\"@id\":\"https:\\\/\\\/lodgegate.com\\\/rapportages-analyses\\\/#breadcrumb\"},\"inLanguage\":\"de\",\"potentialAction\":[{\"@type\":\"ReadAction\",\"target\":[\"https:\\\/\\\/lodgegate.com\\\/rapportages-analyses\\\/\"]}]},{\"@type\":\"ImageObject\",\"inLanguage\":\"de\",\"@id\":\"https:\\\/\\\/lodgegate.com\\\/rapportages-analyses\\\/#primaryimage\",\"url\":\"http:\\\/\\\/lodgegate.com\\\/wp-content\\\/uploads\\\/2024\\\/11\\\/glasses-5146199_1920.jpg\",\"contentUrl\":\"http:\\\/\\\/lodgegate.com\\\/wp-content\\\/uploads\\\/2024\\\/11\\\/glasses-5146199_1920.jpg\"},{\"@type\":\"BreadcrumbList\",\"@id\":\"https:\\\/\\\/lodgegate.com\\\/rapportages-analyses\\\/#breadcrumb\",\"itemListElement\":[{\"@type\":\"ListItem\",\"position\":1,\"name\":\"Home\",\"item\":\"https:\\\/\\\/lodgegate.com\\\/\"},{\"@type\":\"ListItem\",\"position\":2,\"name\":\"Rapportages &#038; Analyses\"}]},{\"@type\":\"WebSite\",\"@id\":\"https:\\\/\\\/lodgegate.com\\\/#website\",\"url\":\"https:\\\/\\\/lodgegate.com\\\/\",\"name\":\"LodgeGate PMS\",\"description\":\"Hotelier reserveringssoftware met kanalen distributie\",\"publisher\":{\"@id\":\"https:\\\/\\\/lodgegate.com\\\/#organization\"},\"potentialAction\":[{\"@type\":\"SearchAction\",\"target\":{\"@type\":\"EntryPoint\",\"urlTemplate\":\"https:\\\/\\\/lodgegate.com\\\/?s={search_term_string}\"},\"query-input\":{\"@type\":\"PropertyValueSpecification\",\"valueRequired\":true,\"valueName\":\"search_term_string\"}}],\"inLanguage\":\"de\"},{\"@type\":\"Organization\",\"@id\":\"https:\\\/\\\/lodgegate.com\\\/#organization\",\"name\":\"Hotels Online BV\",\"url\":\"https:\\\/\\\/lodgegate.com\\\/\",\"logo\":{\"@type\":\"ImageObject\",\"inLanguage\":\"de\",\"@id\":\"https:\\\/\\\/lodgegate.com\\\/#\\\/schema\\\/logo\\\/image\\\/\",\"url\":\"http:\\\/\\\/lodgegate.com\\\/wp-content\\\/uploads\\\/2014\\\/06\\\/logo-hotelsonline-geenwebsi.jpg\",\"contentUrl\":\"http:\\\/\\\/lodgegate.com\\\/wp-content\\\/uploads\\\/2014\\\/06\\\/logo-hotelsonline-geenwebsi.jpg\",\"width\":485,\"height\":107,\"caption\":\"Hotels Online BV\"},\"image\":{\"@id\":\"https:\\\/\\\/lodgegate.com\\\/#\\\/schema\\\/logo\\\/image\\\/\"},\"sameAs\":[\"https:\\\/\\\/www.facebook.com\\\/LodgeGate.HotelsOnline\\\/\"]}]}<\/script>\n<!-- \/ Yoast SEO plugin. -->","yoast_head_json":{"title":"Rapportages & Analyses - LodgeGate PMS","robots":{"index":"noindex","follow":"follow"},"og_locale":"de_DE","og_type":"article","og_title":"Rapportages & Analyses - LodgeGate PMS","og_description":"Rapportages &amp; Analyses Inzicht en maatwerk in uw rapportagesLodgeGate PMS geeft u de vrijheid om uw eigen rapportagesets samen te stellen, volledig afgestemd op uw&hellip;","og_url":"https:\/\/lodgegate.com\/de\/rapportages-analyses\/","og_site_name":"LodgeGate PMS","article_publisher":"https:\/\/www.facebook.com\/LodgeGate.HotelsOnline\/","article_modified_time":"2024-11-18T15:35:49+00:00","og_image":[{"width":1920,"height":1407,"url":"https:\/\/lodgegate.com\/wp-content\/uploads\/2024\/11\/glasses-5146199_1920.jpg","type":"image\/jpeg"}],"twitter_card":"summary_large_image","twitter_misc":{"Gesch\u00e4tzte Lesezeit":"3\u00a0Minuten"},"schema":{"@context":"https:\/\/schema.org","@graph":[{"@type":"WebPage","@id":"https:\/\/lodgegate.com\/rapportages-analyses\/","url":"https:\/\/lodgegate.com\/rapportages-analyses\/","name":"Rapportages & Analyses - LodgeGate PMS","isPartOf":{"@id":"https:\/\/lodgegate.com\/#website"},"primaryImageOfPage":{"@id":"https:\/\/lodgegate.com\/rapportages-analyses\/#primaryimage"},"image":{"@id":"https:\/\/lodgegate.com\/rapportages-analyses\/#primaryimage"},"thumbnailUrl":"http:\/\/lodgegate.com\/wp-content\/uploads\/2024\/11\/glasses-5146199_1920.jpg","datePublished":"2024-11-07T22:10:54+00:00","dateModified":"2024-11-18T15:35:49+00:00","breadcrumb":{"@id":"https:\/\/lodgegate.com\/rapportages-analyses\/#breadcrumb"},"inLanguage":"de","potentialAction":[{"@type":"ReadAction","target":["https:\/\/lodgegate.com\/rapportages-analyses\/"]}]},{"@type":"ImageObject","inLanguage":"de","@id":"https:\/\/lodgegate.com\/rapportages-analyses\/#primaryimage","url":"http:\/\/lodgegate.com\/wp-content\/uploads\/2024\/11\/glasses-5146199_1920.jpg","contentUrl":"http:\/\/lodgegate.com\/wp-content\/uploads\/2024\/11\/glasses-5146199_1920.jpg"},{"@type":"BreadcrumbList","@id":"https:\/\/lodgegate.com\/rapportages-analyses\/#breadcrumb","itemListElement":[{"@type":"ListItem","position":1,"name":"Home","item":"https:\/\/lodgegate.com\/"},{"@type":"ListItem","position":2,"name":"Rapportages &#038; Analyses"}]},{"@type":"WebSite","@id":"https:\/\/lodgegate.com\/#website","url":"https:\/\/lodgegate.com\/","name":"LodgeGate PMS","description":"Reservierungssoftware f\u00fcr Hoteliers mit Vertriebskanal","publisher":{"@id":"https:\/\/lodgegate.com\/#organization"},"potentialAction":[{"@type":"SearchAction","target":{"@type":"EntryPoint","urlTemplate":"https:\/\/lodgegate.com\/?s={search_term_string}"},"query-input":{"@type":"PropertyValueSpecification","valueRequired":true,"valueName":"search_term_string"}}],"inLanguage":"de"},{"@type":"Organization","@id":"https:\/\/lodgegate.com\/#organization","name":"Hotels Online BV","url":"https:\/\/lodgegate.com\/","logo":{"@type":"ImageObject","inLanguage":"de","@id":"https:\/\/lodgegate.com\/#\/schema\/logo\/image\/","url":"http:\/\/lodgegate.com\/wp-content\/uploads\/2014\/06\/logo-hotelsonline-geenwebsi.jpg","contentUrl":"http:\/\/lodgegate.com\/wp-content\/uploads\/2014\/06\/logo-hotelsonline-geenwebsi.jpg","width":485,"height":107,"caption":"Hotels Online BV"},"image":{"@id":"https:\/\/lodgegate.com\/#\/schema\/logo\/image\/"},"sameAs":["https:\/\/www.facebook.com\/LodgeGate.HotelsOnline\/"]}]}},"jetpack_sharing_enabled":true,"jetpack_shortlink":"https:\/\/wp.me\/PfM5DF-XE","_links":{"self":[{"href":"https:\/\/lodgegate.com\/de\/wp-json\/wp\/v2\/pages\/3698","targetHints":{"allow":["GET"]}}],"collection":[{"href":"https:\/\/lodgegate.com\/de\/wp-json\/wp\/v2\/pages"}],"about":[{"href":"https:\/\/lodgegate.com\/de\/wp-json\/wp\/v2\/types\/page"}],"author":[{"embeddable":true,"href":"https:\/\/lodgegate.com\/de\/wp-json\/wp\/v2\/users\/1"}],"replies":[{"embeddable":true,"href":"https:\/\/lodgegate.com\/de\/wp-json\/wp\/v2\/comments?post=3698"}],"version-history":[{"count":22,"href":"https:\/\/lodgegate.com\/de\/wp-json\/wp\/v2\/pages\/3698\/revisions"}],"predecessor-version":[{"id":4215,"href":"https:\/\/lodgegate.com\/de\/wp-json\/wp\/v2\/pages\/3698\/revisions\/4215"}],"wp:attachment":[{"href":"https:\/\/lodgegate.com\/de\/wp-json\/wp\/v2\/media?parent=3698"}],"curies":[{"name":"wp","href":"https:\/\/api.w.org\/{rel}","templated":true}]}}