{"id":3707,"date":"2024-11-07T22:13:14","date_gmt":"2024-11-07T22:13:14","guid":{"rendered":"https:\/\/lodgegate.com\/?page_id=3707"},"modified":"2024-11-19T22:18:35","modified_gmt":"2024-11-19T21:18:35","slug":"beveiliging","status":"publish","type":"page","link":"https:\/\/lodgegate.com\/de\/beveiliging\/","title":{"rendered":"Sicherheit"},"content":{"rendered":"<div data-elementor-type=\"wp-page\" data-elementor-id=\"3707\" class=\"elementor elementor-3707\">\n\t\t\t\t<div class=\"elementor-element elementor-element-2e5344e2 e-flex e-con-boxed e-con e-parent\" data-id=\"2e5344e2\" data-element_type=\"container\" data-e-type=\"container\">\n\t\t\t\t\t<div class=\"e-con-inner\">\n\t\t<div class=\"elementor-element elementor-element-62d1548a e-con-full e-flex e-con e-child\" data-id=\"62d1548a\" data-element_type=\"container\" data-e-type=\"container\">\n\t\t\t\t<div class=\"elementor-element elementor-element-4c473 elementor-widget elementor-widget-heading\" data-id=\"4c473\" data-element_type=\"widget\" data-e-type=\"widget\" data-widget_type=\"heading.default\">\n\t\t\t\t<div class=\"elementor-widget-container\">\n\t\t\t\t\t<h2 class=\"elementor-heading-title elementor-size-default\">Sicherheit &amp; Nachhaltigkeit<\/h2>\t\t\t\t<\/div>\n\t\t\t\t<\/div>\n\t\t\t\t<div class=\"elementor-element elementor-element-137c90d elementor-widget elementor-widget-text-editor\" data-id=\"137c90d\" data-element_type=\"widget\" data-e-type=\"widget\" data-widget_type=\"text-editor.default\">\n\t\t\t\t<div class=\"elementor-widget-container\">\n\t\t\t\t\t\t\t\t\t<p>Die gesamte LodgeGate-Software wird auf dedizierten Servern von Hetzner gehostet und in einer sicheren, zertifizierten Umgebung \u00fcberwacht. Dies gew\u00e4hrleistet die Integrit\u00e4t aller wertvollen Daten. Zus\u00e4tzlich zum Standard-Login kann der tempor\u00e4re Zugang \u00fcber einen Login-Zeitplan, auf Benutzerebene oder \u00fcber IP-Authentifizierung festgelegt werden. Alle Daten sind standardm\u00e4\u00dfig verschl\u00fcsselt und k\u00f6nnen zus\u00e4tzlich mit einem privaten \"Schl\u00fcssel\" oder einer PIN gesichert werden. Die Zwei-Faktor-Authentifizierung pro Benutzer ist ebenfalls konfigurierbar.<\/p><p><strong>Hetzner Online ist zertifiziert nach DIN ISO\/IEC 27001<\/strong><\/p><p>Hetzner Online GmbH und Hetzner Finland Oy sind nach der international anerkannten Norm f\u00fcr Informationssicherheit, ISO 27001, zertifiziert. Dieses Zertifikat best\u00e4tigt, dass sie ein angemessenes Informationssicherheitsmanagementsystem (ISMS) eingerichtet und umgesetzt haben. Das zertifizierte ISMS von Hetzner deckt die Infrastruktur, das Management und die Kundenbetreuung seiner Rechenzentrumsparks an drei Standorten ab: N\u00fcrnberg, Falkenstein und Helsinki.<\/p><p>Die Audits wurden von FOX Certification, einer unabh\u00e4ngigen Zertifizierungsstelle, durchgef\u00fchrt, die die Zertifikate offiziell verliehen hat.<\/p><p><strong>Sicherheit, Vertraulichkeit und Integrit\u00e4t garantiert<\/strong><br \/>Das Zertifikat best\u00e4tigt die strengen Informationssicherheitsstandards von Hetzner. Das ISMS stellt sicher, dass:<\/p><ul><li>Die Sicherheit, Vertraulichkeit und Integrit\u00e4t der Kundendaten ist gesch\u00fctzt.<\/li><li>Nur authentifizierte Benutzer haben Zugang zu den IT-Systemen von Hetzner.<\/li><li>Das ISMS wird kontinuierlich bewertet und verbessert, wie es die Norm ISO 27001 verlangt. Regelm\u00e4\u00dfige Audits sorgen daf\u00fcr, dass die Sicherheitsma\u00dfnahmen auf dem neuesten Stand bleiben.<\/li><\/ul><p><strong>100% Gr\u00fcner Strom f\u00fcr LodgeGate Server<\/strong><br \/>Das Rechenzentrum von Hetzner Online verbraucht nur 100% \u00d6kostrom. Das bedeutet, dass LodgeGate die Software auf die nachhaltigste Art und Weise bereitstellt und gleichzeitig sicherstellt, dass Sie und Ihre G\u00e4ste ein hervorragendes Erlebnis haben.<\/p>\t\t\t\t\t\t\t\t<\/div>\n\t\t\t\t<\/div>\n\t\t\t\t<div class=\"elementor-element elementor-element-44044fa elementor-widget elementor-widget-image\" data-id=\"44044fa\" data-element_type=\"widget\" data-e-type=\"widget\" data-widget_type=\"image.default\">\n\t\t\t\t<div class=\"elementor-widget-container\">\n\t\t\t\t\t\t\t\t\t\t\t\t\t\t\t<img decoding=\"async\" width=\"300\" height=\"106\" src=\"https:\/\/lodgegate.com\/wp-content\/uploads\/2024\/11\/hostedbyhetzner.png\" class=\"attachment-full size-full wp-image-4055\" alt=\"\" srcset=\"https:\/\/lodgegate.com\/wp-content\/uploads\/2024\/11\/hostedbyhetzner.png 300w, https:\/\/lodgegate.com\/wp-content\/uploads\/2024\/11\/hostedbyhetzner-18x6.png 18w\" sizes=\"(max-width: 300px) 100vw, 300px\" \/>\t\t\t\t\t\t\t\t\t\t\t\t\t\t\t<\/div>\n\t\t\t\t<\/div>\n\t\t\t\t<\/div>\n\t\t<div class=\"elementor-element elementor-element-2fa0482f e-con-full e-flex e-con e-child\" data-id=\"2fa0482f\" data-element_type=\"container\" data-e-type=\"container\">\n\t\t\t\t<div class=\"elementor-element elementor-element-1a978c06 elementor-widget elementor-widget-image\" data-id=\"1a978c06\" data-element_type=\"widget\" data-e-type=\"widget\" data-widget_type=\"image.default\">\n\t\t\t\t<div class=\"elementor-widget-container\">\n\t\t\t\t\t\t\t\t\t\t\t\t\t\t\t<img fetchpriority=\"high\" decoding=\"async\" width=\"2071\" height=\"1384\" src=\"https:\/\/lodgegate.com\/wp-content\/uploads\/2024\/11\/nerdjoch-datacenter-beveiliging.jpg\" class=\"attachment-full size-full wp-image-4054\" alt=\"\" srcset=\"https:\/\/lodgegate.com\/wp-content\/uploads\/2024\/11\/nerdjoch-datacenter-beveiliging.jpg 2071w, https:\/\/lodgegate.com\/wp-content\/uploads\/2024\/11\/nerdjoch-datacenter-beveiliging-300x200.jpg 300w, https:\/\/lodgegate.com\/wp-content\/uploads\/2024\/11\/nerdjoch-datacenter-beveiliging-1024x684.jpg 1024w, https:\/\/lodgegate.com\/wp-content\/uploads\/2024\/11\/nerdjoch-datacenter-beveiliging-768x513.jpg 768w, https:\/\/lodgegate.com\/wp-content\/uploads\/2024\/11\/nerdjoch-datacenter-beveiliging-1536x1026.jpg 1536w, https:\/\/lodgegate.com\/wp-content\/uploads\/2024\/11\/nerdjoch-datacenter-beveiliging-2048x1369.jpg 2048w, https:\/\/lodgegate.com\/wp-content\/uploads\/2024\/11\/nerdjoch-datacenter-beveiliging-18x12.jpg 18w, https:\/\/lodgegate.com\/wp-content\/uploads\/2024\/11\/nerdjoch-datacenter-beveiliging-272x182.jpg 272w\" sizes=\"(max-width: 2071px) 100vw, 2071px\" \/>\t\t\t\t\t\t\t\t\t\t\t\t\t\t\t<\/div>\n\t\t\t\t<\/div>\n\t\t\t\t<div class=\"elementor-element elementor-element-a11692d elementor-widget elementor-widget-spacer\" data-id=\"a11692d\" data-element_type=\"widget\" data-e-type=\"widget\" data-widget_type=\"spacer.default\">\n\t\t\t\t<div class=\"elementor-widget-container\">\n\t\t\t\t\t\t\t<div class=\"elementor-spacer\">\n\t\t\t<div class=\"elementor-spacer-inner\"><\/div>\n\t\t<\/div>\n\t\t\t\t\t\t<\/div>\n\t\t\t\t<\/div>\n\t\t\t\t<div class=\"elementor-element elementor-element-e4d3591 elementor-widget elementor-widget-image\" data-id=\"e4d3591\" data-element_type=\"widget\" data-e-type=\"widget\" data-widget_type=\"image.default\">\n\t\t\t\t<div class=\"elementor-widget-container\">\n\t\t\t\t\t\t\t\t\t\t\t\t\t\t\t<img decoding=\"async\" width=\"3164\" height=\"1494\" src=\"https:\/\/lodgegate.com\/wp-content\/uploads\/2024\/11\/Hetzner-blauw.png\" class=\"attachment-full size-full wp-image-4051\" alt=\"\" srcset=\"https:\/\/lodgegate.com\/wp-content\/uploads\/2024\/11\/Hetzner-blauw.png 3164w, https:\/\/lodgegate.com\/wp-content\/uploads\/2024\/11\/Hetzner-blauw-300x142.png 300w, https:\/\/lodgegate.com\/wp-content\/uploads\/2024\/11\/Hetzner-blauw-1024x484.png 1024w, https:\/\/lodgegate.com\/wp-content\/uploads\/2024\/11\/Hetzner-blauw-768x363.png 768w, https:\/\/lodgegate.com\/wp-content\/uploads\/2024\/11\/Hetzner-blauw-1536x725.png 1536w, https:\/\/lodgegate.com\/wp-content\/uploads\/2024\/11\/Hetzner-blauw-2048x967.png 2048w, https:\/\/lodgegate.com\/wp-content\/uploads\/2024\/11\/Hetzner-blauw-18x8.png 18w\" sizes=\"(max-width: 3164px) 100vw, 3164px\" \/>\t\t\t\t\t\t\t\t\t\t\t\t\t\t\t<\/div>\n\t\t\t\t<\/div>\n\t\t\t\t<div class=\"elementor-element elementor-element-66a51de elementor-widget elementor-widget-spacer\" data-id=\"66a51de\" data-element_type=\"widget\" data-e-type=\"widget\" data-widget_type=\"spacer.default\">\n\t\t\t\t<div class=\"elementor-widget-container\">\n\t\t\t\t\t\t\t<div class=\"elementor-spacer\">\n\t\t\t<div class=\"elementor-spacer-inner\"><\/div>\n\t\t<\/div>\n\t\t\t\t\t\t<\/div>\n\t\t\t\t<\/div>\n\t\t\t\t<div class=\"elementor-element elementor-element-196df28 elementor-widget elementor-widget-image\" data-id=\"196df28\" data-element_type=\"widget\" data-e-type=\"widget\" data-widget_type=\"image.default\">\n\t\t\t\t<div class=\"elementor-widget-container\">\n\t\t\t\t\t\t\t\t\t\t\t\t\t\t\t<img loading=\"lazy\" decoding=\"async\" width=\"698\" height=\"254\" src=\"https:\/\/lodgegate.com\/wp-content\/uploads\/2024\/11\/Hetzner-Groen.png\" class=\"attachment-full size-full wp-image-4052\" alt=\"\" srcset=\"https:\/\/lodgegate.com\/wp-content\/uploads\/2024\/11\/Hetzner-Groen.png 698w, https:\/\/lodgegate.com\/wp-content\/uploads\/2024\/11\/Hetzner-Groen-300x109.png 300w, https:\/\/lodgegate.com\/wp-content\/uploads\/2024\/11\/Hetzner-Groen-18x7.png 18w\" sizes=\"(max-width: 698px) 100vw, 698px\" \/>\t\t\t\t\t\t\t\t\t\t\t\t\t\t\t<\/div>\n\t\t\t\t<\/div>\n\t\t\t\t<\/div>\n\t\t\t\t\t<\/div>\n\t\t\t\t<\/div>\n\t\t<div class=\"elementor-element elementor-element-63742f21 e-flex e-con-boxed e-con e-parent\" data-id=\"63742f21\" data-element_type=\"container\" data-e-type=\"container\">\n\t\t\t\t\t<div class=\"e-con-inner\">\n\t\t\t\t\t<\/div>\n\t\t\t\t<\/div>\n\t\t<div class=\"elementor-element elementor-element-c4374fb e-flex e-con-boxed e-con e-parent\" data-id=\"c4374fb\" data-element_type=\"container\" data-e-type=\"container\">\n\t\t\t\t\t<div class=\"e-con-inner\">\n\t\t\t\t\t<\/div>\n\t\t\t\t<\/div>\n\t\t<div class=\"elementor-element elementor-element-4b11a901 e-flex e-con-boxed e-con e-parent\" data-id=\"4b11a901\" data-element_type=\"container\" data-e-type=\"container\">\n\t\t\t\t\t<div class=\"e-con-inner\">\n\t\t\t\t\t<\/div>\n\t\t\t\t<\/div>\n\t\t<div class=\"elementor-element elementor-element-3f74b293 e-flex e-con-boxed e-con e-parent\" data-id=\"3f74b293\" data-element_type=\"container\" data-e-type=\"container\">\n\t\t\t\t\t<div class=\"e-con-inner\">\n\t\t\t\t\t<\/div>\n\t\t\t\t<\/div>\n\t\t\t\t<\/div>","protected":false},"excerpt":{"rendered":"<p>Sicherheit &amp; Nachhaltigkeit Die gesamte LodgeGate Software wird auf dedizierten Servern von Hetzner gehostet und in einer sicheren, zertifizierten Umgebung \u00fcberwacht. Dies gew\u00e4hrleistet die Integrit\u00e4t aller...<\/p>","protected":false},"author":1,"featured_media":0,"parent":0,"menu_order":0,"comment_status":"closed","ping_status":"closed","template":"","meta":{"jetpack_post_was_ever_published":false,"footnotes":""},"class_list":["post-3707","page","type-page","status-publish","hentry"],"yoast_head":"<!-- This site is optimized with the Yoast SEO plugin v27.4 - https:\/\/yoast.com\/product\/yoast-seo-wordpress\/ -->\n<title>Beveiliging - LodgeGate PMS<\/title>\n<meta name=\"robots\" content=\"noindex, follow\" \/>\n<meta property=\"og:locale\" content=\"de_DE\" \/>\n<meta property=\"og:type\" content=\"article\" \/>\n<meta property=\"og:title\" content=\"Beveiliging - LodgeGate PMS\" \/>\n<meta property=\"og:description\" content=\"Beveiliging &amp; Duurzaamheid Alle LodgeGate-software wordt gehost op dedicated servers van Hetzner\u00a0en bewaakt in een veilige, gecertificeerde omgeving. Hiermee waarborgen we de integriteit van alle&hellip;\" \/>\n<meta property=\"og:url\" content=\"https:\/\/lodgegate.com\/de\/beveiliging\/\" \/>\n<meta property=\"og:site_name\" content=\"LodgeGate PMS\" \/>\n<meta property=\"article:publisher\" content=\"https:\/\/www.facebook.com\/LodgeGate.HotelsOnline\/\" \/>\n<meta property=\"article:modified_time\" content=\"2024-11-19T21:18:35+00:00\" \/>\n<meta property=\"og:image\" content=\"http:\/\/lodgegate.com\/wp-content\/uploads\/2024\/11\/hostedbyhetzner.png\" \/>\n<meta name=\"twitter:card\" content=\"summary_large_image\" \/>\n<meta name=\"twitter:label1\" content=\"Gesch\u00e4tzte Lesezeit\" \/>\n\t<meta name=\"twitter:data1\" content=\"3\u00a0Minuten\" \/>\n<script type=\"application\/ld+json\" class=\"yoast-schema-graph\">{\"@context\":\"https:\\\/\\\/schema.org\",\"@graph\":[{\"@type\":\"WebPage\",\"@id\":\"https:\\\/\\\/lodgegate.com\\\/beveiliging\\\/\",\"url\":\"https:\\\/\\\/lodgegate.com\\\/beveiliging\\\/\",\"name\":\"Beveiliging - LodgeGate PMS\",\"isPartOf\":{\"@id\":\"https:\\\/\\\/lodgegate.com\\\/#website\"},\"primaryImageOfPage\":{\"@id\":\"https:\\\/\\\/lodgegate.com\\\/beveiliging\\\/#primaryimage\"},\"image\":{\"@id\":\"https:\\\/\\\/lodgegate.com\\\/beveiliging\\\/#primaryimage\"},\"thumbnailUrl\":\"http:\\\/\\\/lodgegate.com\\\/wp-content\\\/uploads\\\/2024\\\/11\\\/hostedbyhetzner.png\",\"datePublished\":\"2024-11-07T22:13:14+00:00\",\"dateModified\":\"2024-11-19T21:18:35+00:00\",\"breadcrumb\":{\"@id\":\"https:\\\/\\\/lodgegate.com\\\/beveiliging\\\/#breadcrumb\"},\"inLanguage\":\"de\",\"potentialAction\":[{\"@type\":\"ReadAction\",\"target\":[\"https:\\\/\\\/lodgegate.com\\\/beveiliging\\\/\"]}]},{\"@type\":\"ImageObject\",\"inLanguage\":\"de\",\"@id\":\"https:\\\/\\\/lodgegate.com\\\/beveiliging\\\/#primaryimage\",\"url\":\"http:\\\/\\\/lodgegate.com\\\/wp-content\\\/uploads\\\/2024\\\/11\\\/hostedbyhetzner.png\",\"contentUrl\":\"http:\\\/\\\/lodgegate.com\\\/wp-content\\\/uploads\\\/2024\\\/11\\\/hostedbyhetzner.png\"},{\"@type\":\"BreadcrumbList\",\"@id\":\"https:\\\/\\\/lodgegate.com\\\/beveiliging\\\/#breadcrumb\",\"itemListElement\":[{\"@type\":\"ListItem\",\"position\":1,\"name\":\"Home\",\"item\":\"https:\\\/\\\/lodgegate.com\\\/\"},{\"@type\":\"ListItem\",\"position\":2,\"name\":\"Beveiliging\"}]},{\"@type\":\"WebSite\",\"@id\":\"https:\\\/\\\/lodgegate.com\\\/#website\",\"url\":\"https:\\\/\\\/lodgegate.com\\\/\",\"name\":\"LodgeGate PMS\",\"description\":\"Hotelier reserveringssoftware met kanalen distributie\",\"publisher\":{\"@id\":\"https:\\\/\\\/lodgegate.com\\\/#organization\"},\"potentialAction\":[{\"@type\":\"SearchAction\",\"target\":{\"@type\":\"EntryPoint\",\"urlTemplate\":\"https:\\\/\\\/lodgegate.com\\\/?s={search_term_string}\"},\"query-input\":{\"@type\":\"PropertyValueSpecification\",\"valueRequired\":true,\"valueName\":\"search_term_string\"}}],\"inLanguage\":\"de\"},{\"@type\":\"Organization\",\"@id\":\"https:\\\/\\\/lodgegate.com\\\/#organization\",\"name\":\"Hotels Online BV\",\"url\":\"https:\\\/\\\/lodgegate.com\\\/\",\"logo\":{\"@type\":\"ImageObject\",\"inLanguage\":\"de\",\"@id\":\"https:\\\/\\\/lodgegate.com\\\/#\\\/schema\\\/logo\\\/image\\\/\",\"url\":\"http:\\\/\\\/lodgegate.com\\\/wp-content\\\/uploads\\\/2014\\\/06\\\/logo-hotelsonline-geenwebsi.jpg\",\"contentUrl\":\"http:\\\/\\\/lodgegate.com\\\/wp-content\\\/uploads\\\/2014\\\/06\\\/logo-hotelsonline-geenwebsi.jpg\",\"width\":485,\"height\":107,\"caption\":\"Hotels Online BV\"},\"image\":{\"@id\":\"https:\\\/\\\/lodgegate.com\\\/#\\\/schema\\\/logo\\\/image\\\/\"},\"sameAs\":[\"https:\\\/\\\/www.facebook.com\\\/LodgeGate.HotelsOnline\\\/\"]}]}<\/script>\n<!-- \/ Yoast SEO plugin. -->","yoast_head_json":{"title":"Sicherheit - LodgeGate PMS","robots":{"index":"noindex","follow":"follow"},"og_locale":"de_DE","og_type":"article","og_title":"Beveiliging - LodgeGate PMS","og_description":"Beveiliging &amp; Duurzaamheid Alle LodgeGate-software wordt gehost op dedicated servers van Hetzner\u00a0en bewaakt in een veilige, gecertificeerde omgeving. Hiermee waarborgen we de integriteit van alle&hellip;","og_url":"https:\/\/lodgegate.com\/de\/beveiliging\/","og_site_name":"LodgeGate PMS","article_publisher":"https:\/\/www.facebook.com\/LodgeGate.HotelsOnline\/","article_modified_time":"2024-11-19T21:18:35+00:00","og_image":[{"url":"http:\/\/lodgegate.com\/wp-content\/uploads\/2024\/11\/hostedbyhetzner.png","type":"","width":"","height":""}],"twitter_card":"summary_large_image","twitter_misc":{"Gesch\u00e4tzte Lesezeit":"3\u00a0Minuten"},"schema":{"@context":"https:\/\/schema.org","@graph":[{"@type":"WebPage","@id":"https:\/\/lodgegate.com\/beveiliging\/","url":"https:\/\/lodgegate.com\/beveiliging\/","name":"Sicherheit - LodgeGate PMS","isPartOf":{"@id":"https:\/\/lodgegate.com\/#website"},"primaryImageOfPage":{"@id":"https:\/\/lodgegate.com\/beveiliging\/#primaryimage"},"image":{"@id":"https:\/\/lodgegate.com\/beveiliging\/#primaryimage"},"thumbnailUrl":"http:\/\/lodgegate.com\/wp-content\/uploads\/2024\/11\/hostedbyhetzner.png","datePublished":"2024-11-07T22:13:14+00:00","dateModified":"2024-11-19T21:18:35+00:00","breadcrumb":{"@id":"https:\/\/lodgegate.com\/beveiliging\/#breadcrumb"},"inLanguage":"de","potentialAction":[{"@type":"ReadAction","target":["https:\/\/lodgegate.com\/beveiliging\/"]}]},{"@type":"ImageObject","inLanguage":"de","@id":"https:\/\/lodgegate.com\/beveiliging\/#primaryimage","url":"http:\/\/lodgegate.com\/wp-content\/uploads\/2024\/11\/hostedbyhetzner.png","contentUrl":"http:\/\/lodgegate.com\/wp-content\/uploads\/2024\/11\/hostedbyhetzner.png"},{"@type":"BreadcrumbList","@id":"https:\/\/lodgegate.com\/beveiliging\/#breadcrumb","itemListElement":[{"@type":"ListItem","position":1,"name":"Home","item":"https:\/\/lodgegate.com\/"},{"@type":"ListItem","position":2,"name":"Beveiliging"}]},{"@type":"WebSite","@id":"https:\/\/lodgegate.com\/#website","url":"https:\/\/lodgegate.com\/","name":"LodgeGate PMS","description":"Reservierungssoftware f\u00fcr Hoteliers mit Vertriebskanal","publisher":{"@id":"https:\/\/lodgegate.com\/#organization"},"potentialAction":[{"@type":"SearchAction","target":{"@type":"EntryPoint","urlTemplate":"https:\/\/lodgegate.com\/?s={search_term_string}"},"query-input":{"@type":"PropertyValueSpecification","valueRequired":true,"valueName":"search_term_string"}}],"inLanguage":"de"},{"@type":"Organization","@id":"https:\/\/lodgegate.com\/#organization","name":"Hotels Online BV","url":"https:\/\/lodgegate.com\/","logo":{"@type":"ImageObject","inLanguage":"de","@id":"https:\/\/lodgegate.com\/#\/schema\/logo\/image\/","url":"http:\/\/lodgegate.com\/wp-content\/uploads\/2014\/06\/logo-hotelsonline-geenwebsi.jpg","contentUrl":"http:\/\/lodgegate.com\/wp-content\/uploads\/2014\/06\/logo-hotelsonline-geenwebsi.jpg","width":485,"height":107,"caption":"Hotels Online BV"},"image":{"@id":"https:\/\/lodgegate.com\/#\/schema\/logo\/image\/"},"sameAs":["https:\/\/www.facebook.com\/LodgeGate.HotelsOnline\/"]}]}},"jetpack_sharing_enabled":true,"jetpack_shortlink":"https:\/\/wp.me\/PfM5DF-XN","_links":{"self":[{"href":"https:\/\/lodgegate.com\/de\/wp-json\/wp\/v2\/pages\/3707","targetHints":{"allow":["GET"]}}],"collection":[{"href":"https:\/\/lodgegate.com\/de\/wp-json\/wp\/v2\/pages"}],"about":[{"href":"https:\/\/lodgegate.com\/de\/wp-json\/wp\/v2\/types\/page"}],"author":[{"embeddable":true,"href":"https:\/\/lodgegate.com\/de\/wp-json\/wp\/v2\/users\/1"}],"replies":[{"embeddable":true,"href":"https:\/\/lodgegate.com\/de\/wp-json\/wp\/v2\/comments?post=3707"}],"version-history":[{"count":23,"href":"https:\/\/lodgegate.com\/de\/wp-json\/wp\/v2\/pages\/3707\/revisions"}],"predecessor-version":[{"id":4354,"href":"https:\/\/lodgegate.com\/de\/wp-json\/wp\/v2\/pages\/3707\/revisions\/4354"}],"wp:attachment":[{"href":"https:\/\/lodgegate.com\/de\/wp-json\/wp\/v2\/media?parent=3707"}],"curies":[{"name":"wp","href":"https:\/\/api.w.org\/{rel}","templated":true}]}}