{"id":500,"date":"2017-07-03T16:43:37","date_gmt":"2017-07-03T16:43:37","guid":{"rendered":"https:\/\/lodgegate.com\/?page_id=500"},"modified":"2024-10-27T20:11:12","modified_gmt":"2024-10-27T20:11:12","slug":"faq","status":"publish","type":"page","link":"https:\/\/lodgegate.com\/de\/faq\/","title":{"rendered":"FAQ"},"content":{"rendered":"<div data-elementor-type=\"wp-page\" data-elementor-id=\"500\" class=\"elementor elementor-500\" data-elementor-post-type=\"page\">\n\t\t\t\t\t\t<section class=\"elementor-section elementor-top-section elementor-element elementor-element-883b5b4 elementor-section-boxed elementor-section-height-default elementor-section-height-default\" data-id=\"883b5b4\" data-element_type=\"section\" data-e-type=\"section\">\n\t\t\t\t\t\t<div class=\"elementor-container elementor-column-gap-default\">\n\t\t\t\t\t<div class=\"elementor-column elementor-col-100 elementor-top-column elementor-element elementor-element-34ce7dd\" data-id=\"34ce7dd\" data-element_type=\"column\" data-e-type=\"column\">\n\t\t\t<div class=\"elementor-widget-wrap elementor-element-populated\">\n\t\t\t\t\t\t<div class=\"elementor-element elementor-element-d6dd82d elementor-widget elementor-widget-text-editor\" data-id=\"d6dd82d\" data-element_type=\"widget\" data-e-type=\"widget\" data-widget_type=\"text-editor.default\">\n\t\t\t\t<div class=\"elementor-widget-container\">\n\t\t\t\t\t\t\t\t\t<div class=\"hrf-faq-list\"><article class=\"hrf-entry\" id=\"hrf-entry-599\">\n                      <h3 class=\"hrf-title close-faq\" data-content-id=\"hrf-content-599\"><span><\/span>Wof\u00fcr steht PMS?<\/h3>\n                     <div class=\"hrf-content\" id=\"hrf-content-599\"><p>PMS ist die Abk\u00fcrzung f\u00fcr Property Management System und steht f\u00fcr eine Software, mit der Sie Reservierungen nachverfolgen, Preise und Verf\u00fcgbarkeiten verwalten und Managementinformationen extrahieren k\u00f6nnen. Heutzutage machen wir viel mehr damit und das PMS ist das schlagende Herz Ihrer Organisation in Bezug auf Verwaltung und Informationen.<\/p>\n<\/div>\n                  <\/article><article class=\"hrf-entry\" id=\"hrf-entry-601\">\n                      <h3 class=\"hrf-title close-faq\" data-content-id=\"hrf-content-601\"><span><\/span>Was bedeutet No Cure No Pay?<\/h3>\n                     <div class=\"hrf-content\" id=\"hrf-content-601\"><p>Wir von Hotels Online glauben an das Prinzip, dass Sie nach Ergebnissen bezahlen, in unserem Fall also nach der Nutzung unseres PMS: Nutzung unseres PMS. Wir rechnen monatlich im Nachhinein ab und ber\u00fccksichtigen dabei die Anzahl der belegten Zimmer in diesem Zeitraum. Schlie\u00dflich hat ein belegtes Zimmer zu Umsatz gef\u00fchrt und damit Geld in die Kasse gebracht. Wir machen also die Kosten variabel, genau wie Ihr Unternehmen.<br \/>\nWenn Sie eine niedrige Auslastung hatten, werden die Kosten f\u00fcr diesen Monat etwas niedriger sein als in Monaten mit hoher Auslastung, zum Beispiel in der Hochsaison. Und sind Sie f\u00fcr ein paar Wochen oder Monate geschlossen? Dann steht der Z\u00e4hler eine Zeit lang still. Das ist wirklich ein No Cure No Pay!<\/p>\n<\/div>\n                  <\/article><article class=\"hrf-entry\" id=\"hrf-entry-635\">\n                      <h3 class=\"hrf-title close-faq\" data-content-id=\"hrf-content-635\"><span><\/span>Was kostet LodgeGate?<\/h3>\n                     <div class=\"hrf-content\" id=\"hrf-content-635\"><p>Die Kosten f\u00fcr LodgeGate PMS h\u00e4ngen von mehreren Faktoren ab.<br \/>\nWie viele Zimmer hat das Hotel, gibt es Kontingente, m\u00f6chten Sie Gruppenreservierungen vornehmen, gibt es Software, die angebunden werden muss (Schnittstelle) und mit wie vielen OTAs m\u00f6chten Sie sich verbinden? Anhand dieser Informationen bestimmen wir die Version, die am besten zu Ihrem Unternehmen passt. Wir w\u00e4hlen zwischen der Lite-, Medium- oder Vollversion, mit oder ohne Schnittstellen.<br \/>\nDiese Geb\u00fchren basieren auf der Anzahl der belegten Zimmer pro Nacht und werden monatlich in Rechnung gestellt.<\/p>\n<p>Au\u00dferdem berechnen wir einmalige Kosten f\u00fcr die Einrichtung von LodgeGate PMS f\u00fcr Ihr Hotel und f\u00fcr die Schulung von Administratoren und t\u00e4glichen Benutzern wie Rezeptionisten und Verwaltungspersonal. Wir berechnen diese Kosten stundenweise, genau nach unserem No Cure No Pay-Prinzip!<\/p>\n<\/div>\n                  <\/article><article class=\"hrf-entry\" id=\"hrf-entry-971\">\n                      <h3 class=\"hrf-title close-faq\" data-content-id=\"hrf-content-971\"><span><\/span>LodgeGate Politik zur Unterst\u00fctzung<\/h3>\n                     <div class=\"hrf-content\" id=\"hrf-content-971\"><p>Das LodgeGate-Team steht Ihnen 24 Stunden am Tag zur Verf\u00fcgung, um Sie bei der Nutzung und in Notf\u00e4llen zu unterst\u00fctzen.<\/p>\n<p>Die Spielregeln lauten wie folgt: F\u00fcr kurze und einfache Benutzerfragen stehen wir w\u00e4hrend unserer B\u00fcrozeiten f\u00fcr eine Beratung zur Verf\u00fcgung. Diese sind Montag - Freitag von 09:00 bis 17:00 Uhr.<br \/>\nWenn Sie einen Notfall haben, LodgeGate PMS nur langsam reagiert oder unsere Server nicht erreichbar sind, wenden Sie sich bitte an unsere Notrufnummer, die wir zu Beginn unserer Zusammenarbeit angegeben haben. Sie sollten dies auch Ihren Mitarbeitern mitteilen.<br \/>\nDer diensthabende Support-Mitarbeiter wird versuchen, Ihnen w\u00e4hrend des Anrufs so gut wie m\u00f6glich zu helfen.<\/p>\n<p>Warum f\u00fchren wir die Notrufnummer nicht auf der Website auf? Um den Missbrauch dieser Nummer zu verhindern.<\/p>\n<\/div>\n                  <\/article><\/div>\t\t\t\t\t\t\t\t<\/div>\n\t\t\t\t<\/div>\n\t\t\t\t\t<\/div>\n\t\t<\/div>\n\t\t\t\t\t<\/div>\n\t\t<\/section>\n\t\t\t\t<\/div>","protected":false},"excerpt":{"rendered":"","protected":false},"author":1,"featured_media":0,"parent":0,"menu_order":0,"comment_status":"closed","ping_status":"closed","template":"","meta":{"footnotes":""},"class_list":["post-500","page","type-page","status-publish","hentry"],"yoast_head":"<!-- This site is optimized with the Yoast SEO plugin v27.5 - https:\/\/yoast.com\/product\/yoast-seo-wordpress\/ -->\n<title>FAQ - LodgeGate PMS<\/title>\n<meta name=\"robots\" content=\"noindex, follow\" \/>\n<meta property=\"og:locale\" content=\"de_DE\" \/>\n<meta property=\"og:type\" content=\"article\" \/>\n<meta property=\"og:title\" content=\"FAQ - LodgeGate PMS\" \/>\n<meta property=\"og:url\" content=\"https:\/\/lodgegate.com\/de\/faq\/\" \/>\n<meta property=\"og:site_name\" content=\"LodgeGate PMS\" \/>\n<meta property=\"article:publisher\" content=\"https:\/\/www.facebook.com\/LodgeGate.HotelsOnline\/\" \/>\n<meta property=\"article:modified_time\" content=\"2024-10-27T20:11:12+00:00\" \/>\n<meta name=\"twitter:card\" content=\"summary_large_image\" \/>\n<meta name=\"twitter:label1\" content=\"Gesch\u00e4tzte Lesezeit\" \/>\n\t<meta name=\"twitter:data1\" content=\"1\u00a0Minute\" \/>\n<script type=\"application\/ld+json\" class=\"yoast-schema-graph\">{\"@context\":\"https:\\\/\\\/schema.org\",\"@graph\":[{\"@type\":\"WebPage\",\"@id\":\"https:\\\/\\\/lodgegate.com\\\/faq\\\/\",\"url\":\"https:\\\/\\\/lodgegate.com\\\/faq\\\/\",\"name\":\"FAQ - LodgeGate PMS\",\"isPartOf\":{\"@id\":\"https:\\\/\\\/lodgegate.com\\\/#website\"},\"datePublished\":\"2017-07-03T16:43:37+00:00\",\"dateModified\":\"2024-10-27T20:11:12+00:00\",\"breadcrumb\":{\"@id\":\"https:\\\/\\\/lodgegate.com\\\/faq\\\/#breadcrumb\"},\"inLanguage\":\"de\",\"potentialAction\":[{\"@type\":\"ReadAction\",\"target\":[\"https:\\\/\\\/lodgegate.com\\\/faq\\\/\"]}]},{\"@type\":\"BreadcrumbList\",\"@id\":\"https:\\\/\\\/lodgegate.com\\\/faq\\\/#breadcrumb\",\"itemListElement\":[{\"@type\":\"ListItem\",\"position\":1,\"name\":\"Home\",\"item\":\"https:\\\/\\\/lodgegate.com\\\/\"},{\"@type\":\"ListItem\",\"position\":2,\"name\":\"FAQ\"}]},{\"@type\":\"WebSite\",\"@id\":\"https:\\\/\\\/lodgegate.com\\\/#website\",\"url\":\"https:\\\/\\\/lodgegate.com\\\/\",\"name\":\"LodgeGate PMS\",\"description\":\"Hotelier reserveringssoftware met kanalen distributie\",\"publisher\":{\"@id\":\"https:\\\/\\\/lodgegate.com\\\/#organization\"},\"potentialAction\":[{\"@type\":\"SearchAction\",\"target\":{\"@type\":\"EntryPoint\",\"urlTemplate\":\"https:\\\/\\\/lodgegate.com\\\/?s={search_term_string}\"},\"query-input\":{\"@type\":\"PropertyValueSpecification\",\"valueRequired\":true,\"valueName\":\"search_term_string\"}}],\"inLanguage\":\"de\"},{\"@type\":\"Organization\",\"@id\":\"https:\\\/\\\/lodgegate.com\\\/#organization\",\"name\":\"Hotels Online BV\",\"url\":\"https:\\\/\\\/lodgegate.com\\\/\",\"logo\":{\"@type\":\"ImageObject\",\"inLanguage\":\"de\",\"@id\":\"https:\\\/\\\/lodgegate.com\\\/#\\\/schema\\\/logo\\\/image\\\/\",\"url\":\"http:\\\/\\\/lodgegate.com\\\/wp-content\\\/uploads\\\/2014\\\/06\\\/logo-hotelsonline-geenwebsi.jpg\",\"contentUrl\":\"http:\\\/\\\/lodgegate.com\\\/wp-content\\\/uploads\\\/2014\\\/06\\\/logo-hotelsonline-geenwebsi.jpg\",\"width\":485,\"height\":107,\"caption\":\"Hotels Online BV\"},\"image\":{\"@id\":\"https:\\\/\\\/lodgegate.com\\\/#\\\/schema\\\/logo\\\/image\\\/\"},\"sameAs\":[\"https:\\\/\\\/www.facebook.com\\\/LodgeGate.HotelsOnline\\\/\"]}]}<\/script>\n<!-- \/ Yoast SEO plugin. -->","yoast_head_json":{"title":"FAQ - LodgeGate PMS","robots":{"index":"noindex","follow":"follow"},"og_locale":"de_DE","og_type":"article","og_title":"FAQ - LodgeGate PMS","og_url":"https:\/\/lodgegate.com\/de\/faq\/","og_site_name":"LodgeGate PMS","article_publisher":"https:\/\/www.facebook.com\/LodgeGate.HotelsOnline\/","article_modified_time":"2024-10-27T20:11:12+00:00","twitter_card":"summary_large_image","twitter_misc":{"Gesch\u00e4tzte Lesezeit":"1\u00a0Minute"},"schema":{"@context":"https:\/\/schema.org","@graph":[{"@type":"WebPage","@id":"https:\/\/lodgegate.com\/faq\/","url":"https:\/\/lodgegate.com\/faq\/","name":"FAQ - LodgeGate PMS","isPartOf":{"@id":"https:\/\/lodgegate.com\/#website"},"datePublished":"2017-07-03T16:43:37+00:00","dateModified":"2024-10-27T20:11:12+00:00","breadcrumb":{"@id":"https:\/\/lodgegate.com\/faq\/#breadcrumb"},"inLanguage":"de","potentialAction":[{"@type":"ReadAction","target":["https:\/\/lodgegate.com\/faq\/"]}]},{"@type":"BreadcrumbList","@id":"https:\/\/lodgegate.com\/faq\/#breadcrumb","itemListElement":[{"@type":"ListItem","position":1,"name":"Home","item":"https:\/\/lodgegate.com\/"},{"@type":"ListItem","position":2,"name":"FAQ"}]},{"@type":"WebSite","@id":"https:\/\/lodgegate.com\/#website","url":"https:\/\/lodgegate.com\/","name":"LodgeGate PMS","description":"Reservierungssoftware f\u00fcr Hoteliers mit Vertriebskanal","publisher":{"@id":"https:\/\/lodgegate.com\/#organization"},"potentialAction":[{"@type":"SearchAction","target":{"@type":"EntryPoint","urlTemplate":"https:\/\/lodgegate.com\/?s={search_term_string}"},"query-input":{"@type":"PropertyValueSpecification","valueRequired":true,"valueName":"search_term_string"}}],"inLanguage":"de"},{"@type":"Organization","@id":"https:\/\/lodgegate.com\/#organization","name":"Hotels Online BV","url":"https:\/\/lodgegate.com\/","logo":{"@type":"ImageObject","inLanguage":"de","@id":"https:\/\/lodgegate.com\/#\/schema\/logo\/image\/","url":"http:\/\/lodgegate.com\/wp-content\/uploads\/2014\/06\/logo-hotelsonline-geenwebsi.jpg","contentUrl":"http:\/\/lodgegate.com\/wp-content\/uploads\/2014\/06\/logo-hotelsonline-geenwebsi.jpg","width":485,"height":107,"caption":"Hotels Online BV"},"image":{"@id":"https:\/\/lodgegate.com\/#\/schema\/logo\/image\/"},"sameAs":["https:\/\/www.facebook.com\/LodgeGate.HotelsOnline\/"]}]}},"jetpack_sharing_enabled":true,"jetpack_shortlink":"https:\/\/wp.me\/PfM5DF-84","_links":{"self":[{"href":"https:\/\/lodgegate.com\/de\/wp-json\/wp\/v2\/pages\/500","targetHints":{"allow":["GET"]}}],"collection":[{"href":"https:\/\/lodgegate.com\/de\/wp-json\/wp\/v2\/pages"}],"about":[{"href":"https:\/\/lodgegate.com\/de\/wp-json\/wp\/v2\/types\/page"}],"author":[{"embeddable":true,"href":"https:\/\/lodgegate.com\/de\/wp-json\/wp\/v2\/users\/1"}],"replies":[{"embeddable":true,"href":"https:\/\/lodgegate.com\/de\/wp-json\/wp\/v2\/comments?post=500"}],"version-history":[{"count":17,"href":"https:\/\/lodgegate.com\/de\/wp-json\/wp\/v2\/pages\/500\/revisions"}],"predecessor-version":[{"id":2752,"href":"https:\/\/lodgegate.com\/de\/wp-json\/wp\/v2\/pages\/500\/revisions\/2752"}],"wp:attachment":[{"href":"https:\/\/lodgegate.com\/de\/wp-json\/wp\/v2\/media?parent=500"}],"curies":[{"name":"wp","href":"https:\/\/api.w.org\/{rel}","templated":true}]}}