{"id":89,"date":"2014-06-25T13:36:24","date_gmt":"2014-06-25T13:36:24","guid":{"rendered":"https:\/\/lodgegate.com\/?page_id=89"},"modified":"2025-05-20T15:35:41","modified_gmt":"2025-05-20T14:35:41","slug":"interfaces","status":"publish","type":"page","link":"https:\/\/lodgegate.com\/de\/interfaces\/","title":{"rendered":"LodgeGate-Schnittstellen"},"content":{"rendered":"<div data-elementor-type=\"wp-page\" data-elementor-id=\"89\" class=\"elementor elementor-89\">\n\t\t\t\t<div class=\"elementor-element elementor-element-33c7fd9a e-flex e-con-boxed e-con e-parent\" data-id=\"33c7fd9a\" data-element_type=\"container\" data-e-type=\"container\">\n\t\t\t\t\t<div class=\"e-con-inner\">\n\t\t<div class=\"elementor-element elementor-element-78bc772b e-con-full e-flex e-con e-child\" data-id=\"78bc772b\" data-element_type=\"container\" data-e-type=\"container\">\n\t\t\t\t<div class=\"elementor-element elementor-element-5576c725 elementor-widget elementor-widget-heading\" data-id=\"5576c725\" data-element_type=\"widget\" data-e-type=\"widget\" data-widget_type=\"heading.default\">\n\t\t\t\t<div class=\"elementor-widget-container\">\n\t\t\t\t\t<h2 class=\"elementor-heading-title elementor-size-default\">Verkn\u00fcpfung mit vorhandener Hardware oder Software<\/h2>\t\t\t\t<\/div>\n\t\t\t\t<\/div>\n\t\t\t\t<div class=\"elementor-element elementor-element-56ac8564 elementor-widget elementor-widget-text-editor\" data-id=\"56ac8564\" data-element_type=\"widget\" data-e-type=\"widget\" data-widget_type=\"text-editor.default\">\n\t\t\t\t<div class=\"elementor-widget-container\">\n\t\t\t\t\t\t\t\t\t<p>LodgeGate PMS bietet mehrere Optionen f\u00fcr die Anbindung an Software und Dienste von Drittanbietern<\/p><p>Denken Sie zum Beispiel an die Verkn\u00fcpfung mit der Restaurantkasse oder dem Zimmerschl\u00fcsselsystem. Die folgenden Parteien sind direkt mit unserem System verbunden.<\/p><p>Einige Beispiele:<\/p>\t\t\t\t\t\t\t\t<\/div>\n\t\t\t\t<\/div>\n\t\t\t\t<\/div>\n\t\t<div class=\"elementor-element elementor-element-558742c8 e-con-full e-flex e-con e-child\" data-id=\"558742c8\" data-element_type=\"container\" data-e-type=\"container\">\n\t\t\t\t<div class=\"elementor-element elementor-element-63458cb7 elementor-widget elementor-widget-image\" data-id=\"63458cb7\" data-element_type=\"widget\" data-e-type=\"widget\" data-widget_type=\"image.default\">\n\t\t\t\t<div class=\"elementor-widget-container\">\n\t\t\t\t\t\t\t\t\t\t\t\t\t\t\t<img fetchpriority=\"high\" decoding=\"async\" width=\"1280\" height=\"958\" src=\"https:\/\/lodgegate.com\/wp-content\/uploads\/2024\/11\/computer-8053371_1280.webp\" class=\"attachment-full size-full wp-image-3348\" alt=\"\" srcset=\"https:\/\/lodgegate.com\/wp-content\/uploads\/2024\/11\/computer-8053371_1280.webp 1280w, https:\/\/lodgegate.com\/wp-content\/uploads\/2024\/11\/computer-8053371_1280-300x225.webp 300w, https:\/\/lodgegate.com\/wp-content\/uploads\/2024\/11\/computer-8053371_1280-1024x766.webp 1024w, https:\/\/lodgegate.com\/wp-content\/uploads\/2024\/11\/computer-8053371_1280-768x575.webp 768w, https:\/\/lodgegate.com\/wp-content\/uploads\/2024\/11\/computer-8053371_1280-16x12.webp 16w\" sizes=\"(max-width: 1280px) 100vw, 1280px\" \/>\t\t\t\t\t\t\t\t\t\t\t\t\t\t\t<\/div>\n\t\t\t\t<\/div>\n\t\t\t\t<div class=\"elementor-element elementor-element-28c1f05 elementor-widget elementor-widget-image\" data-id=\"28c1f05\" data-element_type=\"widget\" data-e-type=\"widget\" data-widget_type=\"image.default\">\n\t\t\t\t<div class=\"elementor-widget-container\">\n\t\t\t\t\t\t\t\t\t\t\t\t\t\t\t<img decoding=\"async\" width=\"1718\" height=\"503\" src=\"https:\/\/lodgegate.com\/wp-content\/uploads\/2024\/10\/logo-LG-Interfaces-2024.png\" class=\"attachment-full size-full wp-image-2797\" alt=\"\" srcset=\"https:\/\/lodgegate.com\/wp-content\/uploads\/2024\/10\/logo-LG-Interfaces-2024.png 1718w, https:\/\/lodgegate.com\/wp-content\/uploads\/2024\/10\/logo-LG-Interfaces-2024-300x88.png 300w, https:\/\/lodgegate.com\/wp-content\/uploads\/2024\/10\/logo-LG-Interfaces-2024-1024x300.png 1024w, https:\/\/lodgegate.com\/wp-content\/uploads\/2024\/10\/logo-LG-Interfaces-2024-768x225.png 768w, https:\/\/lodgegate.com\/wp-content\/uploads\/2024\/10\/logo-LG-Interfaces-2024-1536x450.png 1536w, https:\/\/lodgegate.com\/wp-content\/uploads\/2024\/10\/logo-LG-Interfaces-2024-18x5.png 18w\" sizes=\"(max-width: 1718px) 100vw, 1718px\" \/>\t\t\t\t\t\t\t\t\t\t\t\t\t\t\t<\/div>\n\t\t\t\t<\/div>\n\t\t\t\t<\/div>\n\t\t\t\t\t<\/div>\n\t\t\t\t<\/div>\n\t\t<div class=\"elementor-element elementor-element-29b16292 e-grid e-con-boxed e-con e-parent\" data-id=\"29b16292\" data-element_type=\"container\" data-e-type=\"container\">\n\t\t\t\t\t<div class=\"e-con-inner\">\n\t\t\t\t<div class=\"elementor-element elementor-element-1da9a37 elementor-widget elementor-widget-text-editor\" data-id=\"1da9a37\" data-element_type=\"widget\" data-e-type=\"widget\" data-widget_type=\"text-editor.default\">\n\t\t\t\t<div class=\"elementor-widget-container\">\n\t\t\t\t\t\t\t\t\t<h3 style=\"margin-bottom: 0.540791em;\">Point of Sales (POS):<\/h3><p>Die Umbuchung von Speisen und Getr\u00e4nken auf das Zimmer erfolgt ganz einfach \u00fcber den Link zu Ihrer Registrierkasse. Wenn Sie den gesamten F&amp;B-Umsatz zu Berichtszwecken in LodgeGate PMS haben m\u00f6chten, ist das \u00fcberhaupt kein Problem. Durch die Verwendung eines Postmaster-Kontos erfassen wir alle Ums\u00e4tze in Ihrem Hotel f\u00fcr eine vollst\u00e4ndige Berichterstattung.<\/p><ul><li>Vectron<\/li><li>Bis<\/li><li>Lightspeed<\/li><li>Gastrofix<\/li><\/ul>\t\t\t\t\t\t\t\t<\/div>\n\t\t\t\t<\/div>\n\t\t\t\t<div class=\"elementor-element elementor-element-9d253ae elementor-widget elementor-widget-text-editor\" data-id=\"9d253ae\" data-element_type=\"widget\" data-e-type=\"widget\" data-widget_type=\"text-editor.default\">\n\t\t\t\t<div class=\"elementor-widget-container\">\n\t\t\t\t\t\t\t\t\t<h3 style=\"margin-bottom: 0.540791em;\">T\u00fcrschl\u00fcssel-System:<\/h3><p>Machen Sie das Einchecken schneller, einfacher und effizienter, indem Sie mit LodgeGate PMS automatisch Schl\u00fcssel oder Zugangscodes erstellen.<\/p><ul><li>Hotek<\/li><li>Vingcard<\/li><li>Sellox<\/li><li>Salto<\/li><\/ul>\t\t\t\t\t\t\t\t<\/div>\n\t\t\t\t<\/div>\n\t\t\t\t\t<\/div>\n\t\t\t\t<\/div>\n\t\t<div class=\"elementor-element elementor-element-522ab7a5 e-grid e-con-boxed e-con e-parent\" data-id=\"522ab7a5\" data-element_type=\"container\" data-e-type=\"container\">\n\t\t\t\t\t<div class=\"e-con-inner\">\n\t\t\t\t<div class=\"elementor-element elementor-element-8fa2b16 elementor-widget elementor-widget-text-editor\" data-id=\"8fa2b16\" data-element_type=\"widget\" data-e-type=\"widget\" data-widget_type=\"text-editor.default\">\n\t\t\t\t<div class=\"elementor-widget-container\">\n\t\t\t\t\t\t\t\t\t<h3 style=\"margin-bottom: 0.540791em;\">Gast-Engagement:<\/h3><p>Was ist Guest Engagement? Dies ist die Kunst, die Beziehung zwischen dem Gast und dem Hotel zu personalisieren. Das reicht von der Kontaktaufnahme vor der Ankunft im Hotel \u00fcber das Erlebnis im Hotel bis hin zur Nachbetreuung und Kontaktpflege nach der Abreise des Gastes. Genau wie eine echte Beziehung zu Freunden.<br \/>Mit den unten aufgef\u00fchrten Partnern ist es m\u00f6glich, einige oder alle der oben genannten Dinge zu tun. LodgeGate stellt die erforderlichen G\u00e4stedaten f\u00fcr diese Partner zur Verf\u00fcgung.<\/p><ul><li>Eichenholz<\/li><li>ReviewPro<\/li><li>FranklyView<\/li><li>TrustYou<\/li><li>Amplixs<\/li><li>Revinate<\/li><li>UpGreats<\/li><\/ul>\t\t\t\t\t\t\t\t<\/div>\n\t\t\t\t<\/div>\n\t\t\t\t<div class=\"elementor-element elementor-element-2de8b86 elementor-widget elementor-widget-text-editor\" data-id=\"2de8b86\" data-element_type=\"widget\" data-e-type=\"widget\" data-widget_type=\"text-editor.default\">\n\t\t\t\t<div class=\"elementor-widget-container\">\n\t\t\t\t\t\t\t\t\t<h3 style=\"margin-bottom: 0.540791em;\">Buchhaltung:<\/h3><p>Die Eingabe von t\u00e4glichen oder periodischen (w\u00f6chentlichen\/monatlichen) Ums\u00e4tzen in Ihre Buchhaltungssoftware kann zeitaufwendig sein. Machen Sie es sich oder dem Buchhalter leicht, indem Sie einen Exportbericht erstellen, der alle Ums\u00e4tze, die Mehrwertsteuer, die Debitoren und die Statistiken aufzeigt und von der Buchhaltungssoftware akzeptiert wird.<\/p><ul><li>Genau<\/li><li>ExactOnline<\/li><li>AccountView<\/li><li>TwinField<\/li><li>Asperion<\/li><li>Datafix<\/li><\/ul>\t\t\t\t\t\t\t\t<\/div>\n\t\t\t\t<\/div>\n\t\t\t\t\t<\/div>\n\t\t\t\t<\/div>\n\t\t<div class=\"elementor-element elementor-element-4146efa3 e-flex e-con-boxed e-con e-parent\" data-id=\"4146efa3\" data-element_type=\"container\" data-e-type=\"container\">\n\t\t\t\t\t<div class=\"e-con-inner\">\n\t\t\t\t\t<\/div>\n\t\t\t\t<\/div>\n\t\t<div class=\"elementor-element elementor-element-75e7ebd7 e-flex e-con-boxed e-con e-parent\" data-id=\"75e7ebd7\" data-element_type=\"container\" data-e-type=\"container\">\n\t\t\t\t\t<div class=\"e-con-inner\">\n\t\t\t\t\t<\/div>\n\t\t\t\t<\/div>\n\t\t\t\t<\/div>","protected":false},"excerpt":{"rendered":"<p>Verkn\u00fcpfung mit vorhandener Hardware oder Software LodgeGate PMS bietet mehrere Optionen f\u00fcr die Verkn\u00fcpfung mit Software und Diensten von Drittanbietern Sie k\u00f6nnen sich...<\/p>","protected":false},"author":1,"featured_media":0,"parent":0,"menu_order":0,"comment_status":"closed","ping_status":"closed","template":"","meta":{"jetpack_post_was_ever_published":false,"footnotes":""},"class_list":["post-89","page","type-page","status-publish","hentry"],"yoast_head":"<!-- This site is optimized with the Yoast SEO plugin v27.4 - https:\/\/yoast.com\/product\/yoast-seo-wordpress\/ -->\n<title>LodgeGate Interfaces - LodgeGate PMS<\/title>\n<meta name=\"robots\" content=\"noindex, follow\" \/>\n<meta property=\"og:locale\" content=\"de_DE\" \/>\n<meta property=\"og:type\" content=\"article\" \/>\n<meta property=\"og:title\" content=\"LodgeGate Interfaces - LodgeGate PMS\" \/>\n<meta property=\"og:description\" content=\"Koppel aan bestaande hardware of software LodgeGate PMS biedt meerdere mogelijkheden tot het koppelen met derde partij software en services Zo kun je denken aan&hellip;\" \/>\n<meta property=\"og:url\" content=\"https:\/\/lodgegate.com\/de\/interfaces\/\" \/>\n<meta property=\"og:site_name\" content=\"LodgeGate PMS\" \/>\n<meta property=\"article:publisher\" content=\"https:\/\/www.facebook.com\/LodgeGate.HotelsOnline\/\" \/>\n<meta property=\"article:modified_time\" content=\"2025-05-20T14:35:41+00:00\" \/>\n<meta property=\"og:image\" content=\"https:\/\/lodgegate.com\/wp-content\/uploads\/2024\/11\/computer-8053371_1280.webp\" \/>\n\t<meta property=\"og:image:width\" content=\"1280\" \/>\n\t<meta property=\"og:image:height\" content=\"958\" \/>\n\t<meta property=\"og:image:type\" content=\"image\/webp\" \/>\n<meta name=\"twitter:card\" content=\"summary_large_image\" \/>\n<meta name=\"twitter:label1\" content=\"Gesch\u00e4tzte Lesezeit\" \/>\n\t<meta name=\"twitter:data1\" content=\"2\u00a0Minuten\" \/>\n<script type=\"application\/ld+json\" class=\"yoast-schema-graph\">{\"@context\":\"https:\\\/\\\/schema.org\",\"@graph\":[{\"@type\":\"WebPage\",\"@id\":\"https:\\\/\\\/lodgegate.com\\\/interfaces\\\/\",\"url\":\"https:\\\/\\\/lodgegate.com\\\/interfaces\\\/\",\"name\":\"LodgeGate Interfaces - LodgeGate PMS\",\"isPartOf\":{\"@id\":\"https:\\\/\\\/lodgegate.com\\\/#website\"},\"primaryImageOfPage\":{\"@id\":\"https:\\\/\\\/lodgegate.com\\\/interfaces\\\/#primaryimage\"},\"image\":{\"@id\":\"https:\\\/\\\/lodgegate.com\\\/interfaces\\\/#primaryimage\"},\"thumbnailUrl\":\"https:\\\/\\\/lodgegate.com\\\/wp-content\\\/uploads\\\/2024\\\/11\\\/computer-8053371_1280.webp\",\"datePublished\":\"2014-06-25T13:36:24+00:00\",\"dateModified\":\"2025-05-20T14:35:41+00:00\",\"breadcrumb\":{\"@id\":\"https:\\\/\\\/lodgegate.com\\\/interfaces\\\/#breadcrumb\"},\"inLanguage\":\"de\",\"potentialAction\":[{\"@type\":\"ReadAction\",\"target\":[\"https:\\\/\\\/lodgegate.com\\\/interfaces\\\/\"]}]},{\"@type\":\"ImageObject\",\"inLanguage\":\"de\",\"@id\":\"https:\\\/\\\/lodgegate.com\\\/interfaces\\\/#primaryimage\",\"url\":\"https:\\\/\\\/lodgegate.com\\\/wp-content\\\/uploads\\\/2024\\\/11\\\/computer-8053371_1280.webp\",\"contentUrl\":\"https:\\\/\\\/lodgegate.com\\\/wp-content\\\/uploads\\\/2024\\\/11\\\/computer-8053371_1280.webp\"},{\"@type\":\"BreadcrumbList\",\"@id\":\"https:\\\/\\\/lodgegate.com\\\/interfaces\\\/#breadcrumb\",\"itemListElement\":[{\"@type\":\"ListItem\",\"position\":1,\"name\":\"Home\",\"item\":\"https:\\\/\\\/lodgegate.com\\\/\"},{\"@type\":\"ListItem\",\"position\":2,\"name\":\"LodgeGate Interfaces\"}]},{\"@type\":\"WebSite\",\"@id\":\"https:\\\/\\\/lodgegate.com\\\/#website\",\"url\":\"https:\\\/\\\/lodgegate.com\\\/\",\"name\":\"LodgeGate PMS\",\"description\":\"Hotelier reserveringssoftware met kanalen distributie\",\"publisher\":{\"@id\":\"https:\\\/\\\/lodgegate.com\\\/#organization\"},\"potentialAction\":[{\"@type\":\"SearchAction\",\"target\":{\"@type\":\"EntryPoint\",\"urlTemplate\":\"https:\\\/\\\/lodgegate.com\\\/?s={search_term_string}\"},\"query-input\":{\"@type\":\"PropertyValueSpecification\",\"valueRequired\":true,\"valueName\":\"search_term_string\"}}],\"inLanguage\":\"de\"},{\"@type\":\"Organization\",\"@id\":\"https:\\\/\\\/lodgegate.com\\\/#organization\",\"name\":\"Hotels Online BV\",\"url\":\"https:\\\/\\\/lodgegate.com\\\/\",\"logo\":{\"@type\":\"ImageObject\",\"inLanguage\":\"de\",\"@id\":\"https:\\\/\\\/lodgegate.com\\\/#\\\/schema\\\/logo\\\/image\\\/\",\"url\":\"http:\\\/\\\/lodgegate.com\\\/wp-content\\\/uploads\\\/2014\\\/06\\\/logo-hotelsonline-geenwebsi.jpg\",\"contentUrl\":\"http:\\\/\\\/lodgegate.com\\\/wp-content\\\/uploads\\\/2014\\\/06\\\/logo-hotelsonline-geenwebsi.jpg\",\"width\":485,\"height\":107,\"caption\":\"Hotels Online BV\"},\"image\":{\"@id\":\"https:\\\/\\\/lodgegate.com\\\/#\\\/schema\\\/logo\\\/image\\\/\"},\"sameAs\":[\"https:\\\/\\\/www.facebook.com\\\/LodgeGate.HotelsOnline\\\/\"]}]}<\/script>\n<!-- \/ Yoast SEO plugin. -->","yoast_head_json":{"title":"LodgeGate-Schnittstellen - LodgeGate PMS","robots":{"index":"noindex","follow":"follow"},"og_locale":"de_DE","og_type":"article","og_title":"LodgeGate Interfaces - LodgeGate PMS","og_description":"Koppel aan bestaande hardware of software LodgeGate PMS biedt meerdere mogelijkheden tot het koppelen met derde partij software en services Zo kun je denken aan&hellip;","og_url":"https:\/\/lodgegate.com\/de\/interfaces\/","og_site_name":"LodgeGate PMS","article_publisher":"https:\/\/www.facebook.com\/LodgeGate.HotelsOnline\/","article_modified_time":"2025-05-20T14:35:41+00:00","og_image":[{"width":1280,"height":958,"url":"https:\/\/lodgegate.com\/wp-content\/uploads\/2024\/11\/computer-8053371_1280.webp","type":"image\/webp"}],"twitter_card":"summary_large_image","twitter_misc":{"Gesch\u00e4tzte Lesezeit":"2\u00a0Minuten"},"schema":{"@context":"https:\/\/schema.org","@graph":[{"@type":"WebPage","@id":"https:\/\/lodgegate.com\/interfaces\/","url":"https:\/\/lodgegate.com\/interfaces\/","name":"LodgeGate-Schnittstellen - LodgeGate PMS","isPartOf":{"@id":"https:\/\/lodgegate.com\/#website"},"primaryImageOfPage":{"@id":"https:\/\/lodgegate.com\/interfaces\/#primaryimage"},"image":{"@id":"https:\/\/lodgegate.com\/interfaces\/#primaryimage"},"thumbnailUrl":"https:\/\/lodgegate.com\/wp-content\/uploads\/2024\/11\/computer-8053371_1280.webp","datePublished":"2014-06-25T13:36:24+00:00","dateModified":"2025-05-20T14:35:41+00:00","breadcrumb":{"@id":"https:\/\/lodgegate.com\/interfaces\/#breadcrumb"},"inLanguage":"de","potentialAction":[{"@type":"ReadAction","target":["https:\/\/lodgegate.com\/interfaces\/"]}]},{"@type":"ImageObject","inLanguage":"de","@id":"https:\/\/lodgegate.com\/interfaces\/#primaryimage","url":"https:\/\/lodgegate.com\/wp-content\/uploads\/2024\/11\/computer-8053371_1280.webp","contentUrl":"https:\/\/lodgegate.com\/wp-content\/uploads\/2024\/11\/computer-8053371_1280.webp"},{"@type":"BreadcrumbList","@id":"https:\/\/lodgegate.com\/interfaces\/#breadcrumb","itemListElement":[{"@type":"ListItem","position":1,"name":"Home","item":"https:\/\/lodgegate.com\/"},{"@type":"ListItem","position":2,"name":"LodgeGate Interfaces"}]},{"@type":"WebSite","@id":"https:\/\/lodgegate.com\/#website","url":"https:\/\/lodgegate.com\/","name":"LodgeGate PMS","description":"Reservierungssoftware f\u00fcr Hoteliers mit Vertriebskanal","publisher":{"@id":"https:\/\/lodgegate.com\/#organization"},"potentialAction":[{"@type":"SearchAction","target":{"@type":"EntryPoint","urlTemplate":"https:\/\/lodgegate.com\/?s={search_term_string}"},"query-input":{"@type":"PropertyValueSpecification","valueRequired":true,"valueName":"search_term_string"}}],"inLanguage":"de"},{"@type":"Organization","@id":"https:\/\/lodgegate.com\/#organization","name":"Hotels Online BV","url":"https:\/\/lodgegate.com\/","logo":{"@type":"ImageObject","inLanguage":"de","@id":"https:\/\/lodgegate.com\/#\/schema\/logo\/image\/","url":"http:\/\/lodgegate.com\/wp-content\/uploads\/2014\/06\/logo-hotelsonline-geenwebsi.jpg","contentUrl":"http:\/\/lodgegate.com\/wp-content\/uploads\/2014\/06\/logo-hotelsonline-geenwebsi.jpg","width":485,"height":107,"caption":"Hotels Online BV"},"image":{"@id":"https:\/\/lodgegate.com\/#\/schema\/logo\/image\/"},"sameAs":["https:\/\/www.facebook.com\/LodgeGate.HotelsOnline\/"]}]}},"jetpack_sharing_enabled":true,"jetpack_shortlink":"https:\/\/wp.me\/PfM5DF-1r","_links":{"self":[{"href":"https:\/\/lodgegate.com\/de\/wp-json\/wp\/v2\/pages\/89","targetHints":{"allow":["GET"]}}],"collection":[{"href":"https:\/\/lodgegate.com\/de\/wp-json\/wp\/v2\/pages"}],"about":[{"href":"https:\/\/lodgegate.com\/de\/wp-json\/wp\/v2\/types\/page"}],"author":[{"embeddable":true,"href":"https:\/\/lodgegate.com\/de\/wp-json\/wp\/v2\/users\/1"}],"replies":[{"embeddable":true,"href":"https:\/\/lodgegate.com\/de\/wp-json\/wp\/v2\/comments?post=89"}],"version-history":[{"count":57,"href":"https:\/\/lodgegate.com\/de\/wp-json\/wp\/v2\/pages\/89\/revisions"}],"predecessor-version":[{"id":4644,"href":"https:\/\/lodgegate.com\/de\/wp-json\/wp\/v2\/pages\/89\/revisions\/4644"}],"wp:attachment":[{"href":"https:\/\/lodgegate.com\/de\/wp-json\/wp\/v2\/media?parent=89"}],"curies":[{"name":"wp","href":"https:\/\/api.w.org\/{rel}","templated":true}]}}